{"id":5199,"date":"2026-02-10T11:32:17","date_gmt":"2026-02-10T10:32:17","guid":{"rendered":"https:\/\/act.greens-efa.eu\/?page_id=5199"},"modified":"2026-02-28T23:18:44","modified_gmt":"2026-02-28T22:18:44","slug":"cosmetics-thank-you","status":"publish","type":"page","link":"https:\/\/act.greens-efa.eu\/de\/cosmetics-thank-you\/","title":{"rendered":"Cosmetics Thank You"},"content":{"rendered":"\t\t<div data-elementor-type=\"wp-page\" data-elementor-id=\"5199\" class=\"elementor elementor-5199 elementor-5101\" data-elementor-post-type=\"page\">\n\t\t\t\t<div class=\"elementor-element elementor-element-3988f06 e-con-full e-flex e-con e-parent\" data-id=\"3988f06\" data-element_type=\"container\" data-e-type=\"container\" data-settings=\"{&quot;background_background&quot;:&quot;classic&quot;,&quot;sticky&quot;:&quot;top&quot;,&quot;sticky_on&quot;:[&quot;desktop&quot;,&quot;tablet&quot;,&quot;mobile&quot;],&quot;sticky_offset&quot;:0,&quot;sticky_effects_offset&quot;:0,&quot;sticky_anchor_link_offset&quot;:0}\">\n\t\t\t\t<div class=\"elementor-element elementor-element-b43e877 elementor-widget elementor-widget-global elementor-global-5179 elementor-widget-html\" data-id=\"b43e877\" data-element_type=\"widget\" data-e-type=\"widget\" data-widget_type=\"html.default\">\n\t\t\t\t\t<script>!function(){var s=document.createElement(\"script\"); s.src=\"https:\/\/app.sosha.ai\/tracker.min.js\", s.onload=function(){window.SHTracker && SHTracker.trackConversion()}, document.head.appendChild(s)}();<\/script>\t\t\t\t<\/div>\n\t\t\t\t<div class=\"elementor-element elementor-element-43c8633 elementor-widget__width-inherit elementor-absolute elementor-widget elementor-widget-html\" data-id=\"43c8633\" data-element_type=\"widget\" data-e-type=\"widget\" data-settings=\"{&quot;_position&quot;:&quot;absolute&quot;}\" data-widget_type=\"html.default\">\n\t\t\t\t\t<script src=\"\/wp-content\/themes\/greensefa\/js\/confetti.browser.min.js\"><\/script>\n<canvas id=\"confetti-canvas\"><\/canvas>\n<script>\nconst confettiCanvas = document.getElementById('confetti-canvas');\nconst confettiInstance = confetti.create(confettiCanvas, { resize: true, useWorker: true });\n\nsetTimeout(() => {\n\tlaunchSubtleFireworks();\n}, 1600);\n\n\/\/ Position des Progressbars relativ zum Container (0..width \/ height)\n\t\t\t\t\t  function getProgressCenterInContainer() {\n\t\t\t\t\t\t const containerRect = confettiCanvas.getBoundingClientRect();\n\t\t\t\t\t\t return {\n\t\t\t\t\t\t\tx: containerRect.width \/ 2,\n\t\t\t\t\t\t\ty: containerRect.height \/ 2\n\t\t\t\t\t\t };\n\t\t\t\t\t  }\n\nfunction launchSubtleFireworks() {\n\t\t\t\t\t\t const containerRect = confettiCanvas.getBoundingClientRect();\n\t\t\t\t\t\t const center = getProgressCenterInContainer();\n\t\t\t\t\t\t const duration = 2500;\n\t\t\t\t\t\t const animationEnd = Date.now() + duration;\n\t\t\t\t\t\n\t\t\t\t\t\t const defaults = {\n\t\t\t\t\t\t\tstartVelocity: 30,\n\t\t\t\t\t\t\tspread: 50,\n\t\t\t\t\t\t\tticks: 90,\n\t\t\t\t\t\t\tgravity: 1.6,\n\t\t\t\t\t\t\tdrift: 0.15,\n\t\t\t\t\t\t\tdecay: 0.9,\n\t\t\t\t\t\t\tscalar: 1,\n\t\t\t\t\t\t\tdistance: 400,\n\t\t\t\t\t\t\tzIndex: 9999\n\t\t\t\t\t\t\t\n\t\t\t\t\t\t\t\/\/ startVelocity: 30,  \/\/ Hochgeschwindigkeit f\u00fcr \"Wurf\"\n\t\t\t\t\t\t\t\/\/ spread: 45,         \/\/ Engerer Streuwinkel\n\t\t\t\t\t\t\t\/\/ ticks: 90,         \/\/ L\u00e4ngere Lebensdauer der Partikel\n\t\t\t\t\t\t\t\/\/ gravity: 0.6,       \/\/ Schwerkraft, Partikel fallen zur\u00fcck\n\t\t\t\t\t\t\t\/\/ drift: 0.1,         \/\/ Leichtes seitliches Treiben\n\t\t\t\t\t\t\t\/\/ decay: 0.95,        \/\/ Verlangsamen und verschwinden\n\t\t\t\t\t\t\t\/\/ zIndex: 9999\n\t\t\t\t\t\t };\n\t\t\t\t\t\n\t\t\t\t\t\t (function frame() {\n\t\t\t\t\t\t\tconst timeLeft = animationEnd - Date.now();\n\t\t\t\t\t\t\tif (timeLeft <= 0) return;\n\t\t\t\t\t\n\t\t\t\t\t\t\tconst particleCount = 6 * (timeLeft \/ duration);\n\t\t\t\t\t\n\t\t\t\t\t\t\tfor (let i = 0; i < 3; i++) {\n\t\t\t\t\t\t\t  const angle = Math.random() * 2 * Math.PI;\n\t\t\t\t\t\t\t  const dis = 175 + (Math.random() * 15 - 7.5);\n\t\t\t\t\t\t\t  const x = center.x + dis * Math.cos(angle);\n\t\t\t\t\t\t\t  const y = center.y + dis * Math.sin(angle);\n\t\t\t\t\t\n\t\t\t\t\t\t\t  confettiInstance(Object.assign({}, defaults, {\n\t\t\t\t\t\t\t\t particleCount,\n\t\t\t\t\t\t\t\t origin: {\n\t\t\t\t\t\t\t\t\tx: x \/ containerRect.width,\n\t\t\t\t\t\t\t\t\ty: y \/ containerRect.height\n\t\t\t\t\t\t\t\t },\n\t\t\t\t\t\t\t\t colors: ['#a3e635', '#bef264', '#4ade80', '#22c55e', '#16a34a']\n\t\t\t\t\t\t\t  }));\n\t\t\t\t\t\t\t}\n\t\t\t\t\t\t\trequestAnimationFrame(frame);\n\t\t\t\t\t\t })();\n\t\t\t\t\t  }\n<\/script>\t\t\t\t<\/div>\n\t\t<div class=\"elementor-element elementor-element-0b0121f e-con-full e-flex e-con e-child\" data-id=\"0b0121f\" data-element_type=\"container\" data-e-type=\"container\">\n\t\t\t\t<div class=\"elementor-element elementor-element-adadfb3 colored-headline-bg-yes elementor-widget elementor-widget-heading\" data-id=\"adadfb3\" data-element_type=\"widget\" data-e-type=\"widget\" data-widget_type=\"heading.default\">\n\t\t\t\t\t<h3 class=\"elementor-heading-title elementor-size-default\">Keine giftigen Chemikalien in unseren Kosmetika<\/h3>\t\t\t\t<\/div>\n\t\t\t\t<div class=\"elementor-element elementor-element-59c9285 colored-headline-bg-yes elementor-widget elementor-widget-heading\" data-id=\"59c9285\" data-element_type=\"widget\" data-e-type=\"widget\" data-widget_type=\"heading.default\">\n\t\t\t\t\t<h1 class=\"elementor-heading-title elementor-size-default\">\ud83d\udc9a Vielen Dank, dass du unsere Aktion unterst\u00fctzt.<\/h1>\t\t\t\t<\/div>\n\t\t\t\t<\/div>\n\t\t\t\t<\/div>\n\t\t<div class=\"elementor-element elementor-element-a645d28 e-con-full e-flex e-con e-parent\" data-id=\"a645d28\" data-element_type=\"container\" data-e-type=\"container\" data-settings=\"{&quot;background_background&quot;:&quot;classic&quot;}\">\n\t\t<div class=\"elementor-element elementor-element-96f6bcf e-con-full e-flex e-con e-child\" data-id=\"96f6bcf\" data-element_type=\"container\" data-e-type=\"container\" data-settings=\"{&quot;background_background&quot;:&quot;classic&quot;}\">\n\t\t<div class=\"elementor-element elementor-element-e02f9c6 e-con-full e-transform e-flex e-con e-child\" data-id=\"e02f9c6\" data-element_type=\"container\" data-e-type=\"container\" data-settings=\"{&quot;background_background&quot;:&quot;classic&quot;,&quot;position&quot;:&quot;absolute&quot;,&quot;_transform_skewX_effect&quot;:{&quot;unit&quot;:&quot;px&quot;,&quot;size&quot;:0,&quot;sizes&quot;:[]},&quot;_transform_skewY_effect&quot;:{&quot;unit&quot;:&quot;px&quot;,&quot;size&quot;:-2.5,&quot;sizes&quot;:[]},&quot;_transform_skewX_effect_tablet&quot;:{&quot;unit&quot;:&quot;deg&quot;,&quot;size&quot;:&quot;&quot;,&quot;sizes&quot;:[]},&quot;_transform_skewX_effect_mobile&quot;:{&quot;unit&quot;:&quot;deg&quot;,&quot;size&quot;:&quot;&quot;,&quot;sizes&quot;:[]},&quot;_transform_skewY_effect_tablet&quot;:{&quot;unit&quot;:&quot;deg&quot;,&quot;size&quot;:&quot;&quot;,&quot;sizes&quot;:[]},&quot;_transform_skewY_effect_mobile&quot;:{&quot;unit&quot;:&quot;deg&quot;,&quot;size&quot;:&quot;&quot;,&quot;sizes&quot;:[]}}\">\n\t\t\t\t<\/div>\n\t\t\t\t<div class=\"elementor-element elementor-element-a94e551 elementor-widget elementor-widget-text-editor\" data-id=\"a94e551\" data-element_type=\"widget\" data-e-type=\"widget\" data-widget_type=\"text-editor.default\">\n\t\t\t\t\t\t\t\t\t<p><span data-sheets-root=\"1\">Je mehr Menschen ihre Unterst\u00fctzung zum Ausdruck bringen, desto lauter werden unsere Forderungen in Br\u00fcssel geh\u00f6rt werden! <\/span><\/p><p><span data-sheets-root=\"1\">Deshalb ist es wichtig, dass du deine Freunde und Freundinnen bittest ebenfalls zu unterschreiben. \ud83d\udc47<\/span><\/p>\t\t\t\t\t\t\t\t<\/div>\n\t\t\t\t<div class=\"elementor-element elementor-element-85e85a6 elementor-widget__width-inherit elementor-widget elementor-widget-html\" data-id=\"85e85a6\" data-element_type=\"widget\" data-e-type=\"widget\" data-widget_type=\"html.default\">\n\t\t\t\t\t<div style=\"width: 100%; height: 600px;\"><iframe src=\"https:\/\/app.sosha.ai\/toolkit\/fb490690-7338-4045-869b-b4db783c08e8?embedded=true&embedHeight=632&iconsColor=%23000000&postBgColor=%23ffffff&postTextColor=%23000000&font=font-sans&textSize=text-base&buttonUsePlatformColor=true&previewCardCornerRadius=rounded-xl&shadow=shadow&cornerRadius=rounded-2xl&sliderEnabled=&showArrows=&showFilters=&socialnetwork=whatsapp&filters=eyJsYWJlbHMiOlsiMDNmZDM1MDktN2FhNy00NDZjLWFiMzktMTNlMGE5ZjdiZjczIl0sInNvY2lhbE5ldHdvcmtzIjpbXSwic3RhdHVzIjpbXSwibWVkaWFUeXBlcyI6W10sInRleHQiOltdLCJhaVJld3JpdGFibGUiOltdfQ%3D%3D\"  allowfullscreen=\"allowfullscreen\" allow=\"camera; web-share; microphone; fullscreen\" frameborder=\"0\" style=\"border: 0px; outline: none; width: 105%; height: 105%; transform: scale(0.95); transform-origin: 0px 0px 0px;\"><\/iframe><\/div>\t\t\t\t<\/div>\n\t\t\t\t<\/div>\n\t\t<div class=\"elementor-element elementor-element-e7a9ca8 e-con-full e-flex e-con e-child\" data-id=\"e7a9ca8\" data-element_type=\"container\" data-e-type=\"container\" data-settings=\"{&quot;background_background&quot;:&quot;classic&quot;}\">\n\t\t\t\t<\/div>\n\t\t\t\t<\/div>\n\t\t\t\t<\/div>\n\t\t","protected":false},"excerpt":{"rendered":"<p>Keine giftigen Chemikalien in unseren Kosmetika \ud83d\udc9a Vielen Dank, dass du unsere Aktion unterst\u00fctzt. Je mehr Menschen ihre Unterst\u00fctzung zum Ausdruck bringen, desto lauter werden unsere Forderungen in Br\u00fcssel geh\u00f6rt werden! Deshalb ist es wichtig, dass du deine Freunde und Freundinnen bittest ebenfalls zu unterschreiben. \ud83d\udc47<\/p>\n","protected":false},"author":6,"featured_media":0,"parent":0,"menu_order":0,"comment_status":"closed","ping_status":"closed","template":"","meta":{"_acf_changed":false,"_seopress_robots_primary_cat":"","_seopress_titles_title":"","_seopress_titles_desc":"","_seopress_robots_index":"","footnotes":""},"class_list":["post-5199","page","type-page","status-publish","hentry"],"acf":[],"_links":{"self":[{"href":"https:\/\/act.greens-efa.eu\/de\/wp-json\/wp\/v2\/pages\/5199","targetHints":{"allow":["GET"]}}],"collection":[{"href":"https:\/\/act.greens-efa.eu\/de\/wp-json\/wp\/v2\/pages"}],"about":[{"href":"https:\/\/act.greens-efa.eu\/de\/wp-json\/wp\/v2\/types\/page"}],"author":[{"embeddable":true,"href":"https:\/\/act.greens-efa.eu\/de\/wp-json\/wp\/v2\/users\/6"}],"replies":[{"embeddable":true,"href":"https:\/\/act.greens-efa.eu\/de\/wp-json\/wp\/v2\/comments?post=5199"}],"version-history":[{"count":16,"href":"https:\/\/act.greens-efa.eu\/de\/wp-json\/wp\/v2\/pages\/5199\/revisions"}],"predecessor-version":[{"id":7214,"href":"https:\/\/act.greens-efa.eu\/de\/wp-json\/wp\/v2\/pages\/5199\/revisions\/7214"}],"wp:attachment":[{"href":"https:\/\/act.greens-efa.eu\/de\/wp-json\/wp\/v2\/media?parent=5199"}],"curies":[{"name":"wp","href":"https:\/\/api.w.org\/{rel}","templated":true}]}}