{"id":2023,"date":"2025-09-27T09:24:50","date_gmt":"2025-09-27T07:24:50","guid":{"rendered":"https:\/\/act-greensefa.admk-dev.de\/home\/"},"modified":"2026-02-28T22:33:01","modified_gmt":"2026-02-28T21:33:01","slug":"home","status":"publish","type":"page","link":"https:\/\/act.greens-efa.eu\/fr\/home\/","title":{"rendered":"Home OLD"},"content":{"rendered":"\t\t<div data-elementor-type=\"wp-page\" data-elementor-id=\"2023\" class=\"elementor elementor-2023\" data-elementor-post-type=\"page\">\n\t\t\t\t<div class=\"elementor-element elementor-element-052445e e-con-full e-flex e-con e-parent\" data-id=\"052445e\" data-element_type=\"container\" data-e-type=\"container\" data-settings=\"{&quot;background_background&quot;:&quot;classic&quot;}\">\n\t\t<div class=\"elementor-element elementor-element-a3ada49 e-con-full e-flex e-con e-child\" data-id=\"a3ada49\" data-element_type=\"container\" data-e-type=\"container\" data-settings=\"{&quot;motion_fx_motion_fx_scrolling&quot;:&quot;yes&quot;,&quot;motion_fx_translateY_effect&quot;:&quot;yes&quot;,&quot;motion_fx_translateY_direction&quot;:&quot;negative&quot;,&quot;motion_fx_devices&quot;:[&quot;desktop&quot;],&quot;motion_fx_translateY_speed&quot;:{&quot;unit&quot;:&quot;px&quot;,&quot;size&quot;:4,&quot;sizes&quot;:[]},&quot;motion_fx_translateY_affectedRange&quot;:{&quot;unit&quot;:&quot;%&quot;,&quot;size&quot;:&quot;&quot;,&quot;sizes&quot;:{&quot;start&quot;:0,&quot;end&quot;:100}}}\">\n\t\t\t\t<div class=\"elementor-element elementor-element-568131e colored-headline-bg-yes elementor-widget elementor-widget-heading\" data-id=\"568131e\" data-element_type=\"widget\" data-e-type=\"widget\" data-settings=\"{&quot;_animation&quot;:&quot;none&quot;}\" data-widget_type=\"heading.default\">\n\t\t\t\t\t<h1 class=\"elementor-heading-title elementor-size-default\">Nous sommes le groupe des Verts\/ALE au Parlement europ\u00e9en<\/h1>\t\t\t\t<\/div>\n\t\t\t\t<div class=\"elementor-element elementor-element-66c5ed2 colored-headline-bg-yes elementor-widget elementor-widget-heading\" data-id=\"66c5ed2\" data-element_type=\"widget\" data-e-type=\"widget\" data-widget_type=\"heading.default\">\n\t\t\t\t\t<h3 class=\"elementor-heading-title elementor-size-default\">Nos eurod\u00e9put\u00e9s sont des Verts, des Pirates, des eurod\u00e9put\u00e9s ind\u00e9pendants et des eurod\u00e9put\u00e9s repr\u00e9sentant des nations et des minorit\u00e9s sans \u00c9tat.\n\n<\/h3>\t\t\t\t<\/div>\n\t\t\t\t<div class=\"elementor-element elementor-element-8e46077 colored-headline-bg-yes elementor-widget elementor-widget-heading\" data-id=\"8e46077\" data-element_type=\"widget\" data-e-type=\"widget\" data-widget_type=\"heading.default\">\n\t\t\t\t\t<h4 class=\"elementor-heading-title elementor-size-default\">Si vous souhaitez vous impliquer, rejoignez nos actions list\u00e9es ci-dessous. \ud83d\udc47\n<\/h4>\t\t\t\t<\/div>\n\t\t\t\t<\/div>\n\t\t\t\t<div class=\"elementor-element elementor-element-1a0a51e elementor-absolute elementor-widget elementor-widget-html\" data-id=\"1a0a51e\" data-element_type=\"widget\" data-e-type=\"widget\" data-settings=\"{&quot;_position&quot;:&quot;absolute&quot;}\" data-widget_type=\"html.default\">\n\t\t\t\t\t<a href=\"#actions\" class=\"link-section\"><div class=\"mouse\"><div class=\"wheel\"><\/div><\/div><\/a><style>.mouse {\n    display: inline-block;\n    position: relative;\n    width: 30px;\n    height: 48px;\n    margin: 0 0 0 -15px;\n    border: 2px solid #fff;\n    -moz-border-radius: 15px;\n    -webkit-border-radius: 15px;\n    border-radius: 15px;\n    background-color: rgba(0,0,0,0.4);\n}\n\n.mouse .wheel {\n    display: block;\n    margin: 0 0 0 -2px;\n    position: absolute;\n    top: 10px;\n    left: 50%;\n    width: 4px;\n    height: 4px;\n    background: #fff;\n    -moz-border-radius: 50%;\n    -webkit-border-radius: 50%;\n    border-radius: 50%;\n    -moz-animation: scroll-wheel 1.8s linear 0s infinite normal none;\n    -webkit-animation: scroll-wheel 1.8s linear 0s infinite normal none;\n    animation: scroll-wheel 1.8s linear 0s infinite normal none;\n}\n\n@-moz-keyframes scroll-wheel {\n  0% {\n    -moz-transform: translate3d(0, 0, 0);\n    transform: translate3d(0, 0, 0);\n    opacity: 1;\n  }\n  35% {\n    -moz-transform: translate3d(0, 7px, 0);\n    transform: translate3d(0, 7px, 0);\n    opacity: 1;\n  }\n  50% {\n    -moz-transform: translate3d(0, 10px, 0);\n    transform: translate3d(0, 10px, 0);\n    opacity: 0;\n  }\n  50.001% {\n    -moz-transform: translate3d(0, 0, 0);\n    transform: translate3d(0, 0, 0);\n    opacity: 0;\n  }\n  80% {\n    -moz-transform: translate3d(0, 0, 0);\n    transform: translate3d(0, 0, 0);\n    opacity: 0;\n  }\n}\n@-webkit-keyframes scroll-wheel {\n  0% {\n    -webkit-transform: translate3d(0, 0, 0);\n    transform: translate3d(0, 0, 0);\n    opacity: 1;\n  }\n  35% {\n    -webkit-transform: translate3d(0, 7px, 0);\n    transform: translate3d(0, 7px, 0);\n    opacity: 1;\n  }\n  50% {\n    -webkit-transform: translate3d(0, 10px, 0);\n    transform: translate3d(0, 10px, 0);\n    opacity: 0;\n  }\n  50.001% {\n    -webkit-transform: translate3d(0, 0, 0);\n    transform: translate3d(0, 0, 0);\n    opacity: 0;\n  }\n  80% {\n    -webkit-transform: translate3d(0, 0, 0);\n    transform: translate3d(0, 0, 0);\n    opacity: 0;\n  }\n}\n\n\n@keyframes scroll-wheel {\n  0% {\n    -moz-transform: translate3d(0, 0, 0);\n    -webkit-transform: translate3d(0, 0, 0);\n    transform: translate3d(0, 0, 0);\n    opacity: 1;\n  }\n  35% {\n    -moz-transform: translate3d(0, 7px, 0);\n    -webkit-transform: translate3d(0, 7px, 0);\n    transform: translate3d(0, 7px, 0);\n    opacity: 1;\n  }\n  50% {\n    -moz-transform: translate3d(0, 10px, 0);\n    -webkit-transform: translate3d(0, 10px, 0);\n    transform: translate3d(0, 10px, 0);\n    opacity: 0;\n  }\n  50.001% {\n    -moz-transform: translate3d(0, 0, 0);\n    -webkit-transform: translate3d(0, 0, 0);\n    transform: translate3d(0, 0, 0);\n    opacity: 0;\n  }\n  80% {\n    -moz-transform: translate3d(0, 0, 0);\n    -webkit-transform: translate3d(0, 0, 0);\n    transform: translate3d(0, 0, 0);\n    opacity: 0;\n  }\n}\n\n<\/style>\t\t\t\t<\/div>\n\t\t\t\t<div class=\"elementor-element elementor-element-cbcdf4b elementor-absolute elementor-widget-divider--view-line elementor-widget elementor-widget-divider\" data-id=\"cbcdf4b\" data-element_type=\"widget\" data-e-type=\"widget\" data-settings=\"{&quot;_position&quot;:&quot;absolute&quot;}\" data-widget_type=\"divider.default\">\n\t\t\t\t\t\t\t<div class=\"elementor-divider\">\n\t\t\t<span class=\"elementor-divider-separator\">\n\t\t\t\t\t\t<\/span>\n\t\t<\/div>\n\t\t\t\t\t\t<\/div>\n\t\t\t\t<\/div>\n\t\t<div class=\"elementor-element elementor-element-74f080d e-con-full e-flex e-con e-parent\" data-id=\"74f080d\" data-element_type=\"container\" data-e-type=\"container\" data-settings=\"{&quot;background_background&quot;:&quot;classic&quot;}\">\n\t\t<div class=\"elementor-element elementor-element-5e75eff e-con-full e-flex e-con e-child\" data-id=\"5e75eff\" data-element_type=\"container\" data-e-type=\"container\" data-settings=\"{&quot;background_background&quot;:&quot;classic&quot;}\">\n\t\t<div class=\"elementor-element elementor-element-5c3e1ce e-con-full e-flex e-con e-child\" data-id=\"5c3e1ce\" data-element_type=\"container\" data-e-type=\"container\" data-settings=\"{&quot;motion_fx_motion_fx_scrolling&quot;:&quot;yes&quot;,&quot;motion_fx_translateY_effect&quot;:&quot;yes&quot;,&quot;motion_fx_translateY_direction&quot;:&quot;negative&quot;,&quot;motion_fx_devices&quot;:[&quot;desktop&quot;],&quot;motion_fx_range&quot;:&quot;viewport&quot;,&quot;motion_fx_translateY_speed&quot;:{&quot;unit&quot;:&quot;px&quot;,&quot;size&quot;:4,&quot;sizes&quot;:[]},&quot;motion_fx_translateY_affectedRange&quot;:{&quot;unit&quot;:&quot;%&quot;,&quot;size&quot;:&quot;&quot;,&quot;sizes&quot;:{&quot;start&quot;:0,&quot;end&quot;:100}}}\">\n\t\t\t\t<div class=\"elementor-element elementor-element-67db56c colored-headline-bg-yes elementor-widget elementor-widget-heading\" data-id=\"67db56c\" data-element_type=\"widget\" data-e-type=\"widget\" data-widget_type=\"heading.default\">\n\t\t\t\t\t<h2 class=\"elementor-heading-title elementor-size-default\">Taxer les tech bros : make them pay<\/h2>\t\t\t\t<\/div>\n\t\t\t\t<div class=\"elementor-element elementor-element-2bc84c2 colored-headline-bg-yes elementor-widget elementor-widget-heading\" data-id=\"2bc84c2\" data-element_type=\"widget\" data-e-type=\"widget\" data-widget_type=\"heading.default\">\n\t\t\t\t\t<h4 class=\"elementor-heading-title elementor-size-default\">\u270d\ufe0f Soutenez notre appel en faveur d'une taxe europ\u00e9enne sur les tech bros.<\/h4>\t\t\t\t<\/div>\n\t\t\t\t<div class=\"elementor-element elementor-element-7c89f06 elementor-widget elementor-widget-button\" data-id=\"7c89f06\" data-element_type=\"widget\" data-e-type=\"widget\" data-widget_type=\"button.default\">\n\t\t\t\t\t\t\t\t\t\t<a class=\"elementor-button elementor-button-link elementor-size-sm\" href=\"#\">\n\t\t\t\t\t\t<span class=\"elementor-button-content-wrapper\">\n\t\t\t\t\t\t<span class=\"elementor-button-icon\">\n\t\t\t\t<svg aria-hidden=\"true\" class=\"e-font-icon-svg e-fas-arrow-right\" viewBox=\"0 0 448 512\" xmlns=\"http:\/\/www.w3.org\/2000\/svg\"><path d=\"M190.5 66.9l22.2-22.2c9.4-9.4 24.6-9.4 33.9 0L441 239c9.4 9.4 9.4 24.6 0 33.9L246.6 467.3c-9.4 9.4-24.6 9.4-33.9 0l-22.2-22.2c-9.5-9.5-9.3-25 .4-34.3L311.4 296H24c-13.3 0-24-10.7-24-24v-32c0-13.3 10.7-24 24-24h287.4L190.9 101.2c-9.8-9.3-10-24.8-.4-34.3z\"><\/path><\/svg>\t\t\t<\/span>\n\t\t\t\t\t\t\t\t\t<span class=\"elementor-button-text\">En savoir plus <\/span>\n\t\t\t\t\t<\/span>\n\t\t\t\t\t<\/a>\n\t\t\t\t\t\t\t\t<\/div>\n\t\t\t\t<\/div>\n\t\t\t\t<\/div>\n\t\t\t\t<div class=\"elementor-element elementor-element-cced413 elementor-widget-divider--view-line elementor-widget elementor-widget-divider\" data-id=\"cced413\" data-element_type=\"widget\" data-e-type=\"widget\" data-widget_type=\"divider.default\">\n\t\t\t\t\t\t\t<div class=\"elementor-divider\">\n\t\t\t<span class=\"elementor-divider-separator\">\n\t\t\t\t\t\t<\/span>\n\t\t<\/div>\n\t\t\t\t\t\t<\/div>\n\t\t<div class=\"elementor-element elementor-element-cc87cef e-con-full e-flex e-con e-child\" data-id=\"cc87cef\" data-element_type=\"container\" data-e-type=\"container\" data-settings=\"{&quot;background_background&quot;:&quot;classic&quot;}\">\n\t\t<div class=\"elementor-element elementor-element-a729b54 e-con-full e-flex e-con e-child\" data-id=\"a729b54\" data-element_type=\"container\" data-e-type=\"container\" data-settings=\"{&quot;motion_fx_motion_fx_scrolling&quot;:&quot;yes&quot;,&quot;motion_fx_translateY_effect&quot;:&quot;yes&quot;,&quot;motion_fx_translateY_direction&quot;:&quot;negative&quot;,&quot;motion_fx_devices&quot;:[&quot;desktop&quot;],&quot;motion_fx_translateY_speed&quot;:{&quot;unit&quot;:&quot;px&quot;,&quot;size&quot;:4,&quot;sizes&quot;:[]},&quot;motion_fx_translateY_affectedRange&quot;:{&quot;unit&quot;:&quot;%&quot;,&quot;size&quot;:&quot;&quot;,&quot;sizes&quot;:{&quot;start&quot;:0,&quot;end&quot;:100}}}\">\n\t\t\t\t<div class=\"elementor-element elementor-element-ba73f7a colored-headline-bg-yes elementor-widget elementor-widget-heading\" data-id=\"ba73f7a\" data-element_type=\"widget\" data-e-type=\"widget\" data-widget_type=\"heading.default\">\n\t\t\t\t\t<h2 class=\"elementor-heading-title elementor-size-default\">Halte \u00e0 l\u2019\u00e9pid\u00e9mie de PFAS<\/h2>\t\t\t\t<\/div>\n\t\t\t\t<div class=\"elementor-element elementor-element-36ef6a5 colored-headline-bg-yes elementor-widget elementor-widget-heading\" data-id=\"36ef6a5\" data-element_type=\"widget\" data-e-type=\"widget\" data-widget_type=\"heading.default\">\n\t\t\t\t\t<h4 class=\"elementor-heading-title elementor-size-default\">\u26a0\ufe0f Agissez contre les PFAS. Signez la p\u00e9tition.<\/h4>\t\t\t\t<\/div>\n\t\t\t\t<div class=\"elementor-element elementor-element-fb73c4e elementor-widget elementor-widget-button\" data-id=\"fb73c4e\" data-element_type=\"widget\" data-e-type=\"widget\" data-widget_type=\"button.default\">\n\t\t\t\t\t\t\t\t\t\t<a class=\"elementor-button elementor-button-link elementor-size-sm\" href=\"#\">\n\t\t\t\t\t\t<span class=\"elementor-button-content-wrapper\">\n\t\t\t\t\t\t<span class=\"elementor-button-icon\">\n\t\t\t\t<svg aria-hidden=\"true\" class=\"e-font-icon-svg e-fas-arrow-right\" viewBox=\"0 0 448 512\" xmlns=\"http:\/\/www.w3.org\/2000\/svg\"><path d=\"M190.5 66.9l22.2-22.2c9.4-9.4 24.6-9.4 33.9 0L441 239c9.4 9.4 9.4 24.6 0 33.9L246.6 467.3c-9.4 9.4-24.6 9.4-33.9 0l-22.2-22.2c-9.5-9.5-9.3-25 .4-34.3L311.4 296H24c-13.3 0-24-10.7-24-24v-32c0-13.3 10.7-24 24-24h287.4L190.9 101.2c-9.8-9.3-10-24.8-.4-34.3z\"><\/path><\/svg>\t\t\t<\/span>\n\t\t\t\t\t\t\t\t\t<span class=\"elementor-button-text\">En savoir plus <\/span>\n\t\t\t\t\t<\/span>\n\t\t\t\t\t<\/a>\n\t\t\t\t\t\t\t\t<\/div>\n\t\t\t\t<\/div>\n\t\t\t\t<\/div>\n\t\t\t\t<div class=\"elementor-element elementor-element-1669dbb elementor-widget-divider--view-line elementor-widget elementor-widget-divider\" data-id=\"1669dbb\" data-element_type=\"widget\" data-e-type=\"widget\" data-widget_type=\"divider.default\">\n\t\t\t\t\t\t\t<div class=\"elementor-divider\">\n\t\t\t<span class=\"elementor-divider-separator\">\n\t\t\t\t\t\t<\/span>\n\t\t<\/div>\n\t\t\t\t\t\t<\/div>\n\t\t<div class=\"elementor-element elementor-element-fee6aa2 e-con-full e-flex e-con e-child\" data-id=\"fee6aa2\" data-element_type=\"container\" data-e-type=\"container\" data-settings=\"{&quot;background_background&quot;:&quot;classic&quot;}\">\n\t\t<div class=\"elementor-element elementor-element-bfb9faa e-con-full e-flex e-con e-child\" data-id=\"bfb9faa\" data-element_type=\"container\" data-e-type=\"container\" data-settings=\"{&quot;motion_fx_motion_fx_scrolling&quot;:&quot;yes&quot;,&quot;motion_fx_translateY_effect&quot;:&quot;yes&quot;,&quot;motion_fx_translateY_direction&quot;:&quot;negative&quot;,&quot;motion_fx_devices&quot;:[&quot;desktop&quot;],&quot;motion_fx_translateY_speed&quot;:{&quot;unit&quot;:&quot;px&quot;,&quot;size&quot;:4,&quot;sizes&quot;:[]},&quot;motion_fx_translateY_affectedRange&quot;:{&quot;unit&quot;:&quot;%&quot;,&quot;size&quot;:&quot;&quot;,&quot;sizes&quot;:{&quot;start&quot;:0,&quot;end&quot;:100}}}\">\n\t\t\t\t<div class=\"elementor-element elementor-element-8f8bf19 colored-headline-bg-yes elementor-widget elementor-widget-heading\" data-id=\"8f8bf19\" data-element_type=\"widget\" data-e-type=\"widget\" data-widget_type=\"heading.default\">\n\t\t\t\t\t<h2 class=\"elementor-heading-title elementor-size-default\">Soyons solidaires avec l\u2019Ukraine : cessons d\u2019alimenter la guerre<\/h2>\t\t\t\t<\/div>\n\t\t\t\t<div class=\"elementor-element elementor-element-e198d1a colored-headline-bg-yes elementor-widget elementor-widget-heading\" data-id=\"e198d1a\" data-element_type=\"widget\" data-e-type=\"widget\" data-widget_type=\"heading.default\">\n\t\t\t\t\t<h4 class=\"elementor-heading-title elementor-size-default\">Montrez votre soutien \u00e0 l\u2019Ukraine et faites passer le message que la transition vers des \u00e9nergies propres est cruciales dans notre combat pour la paix.<\/h4>\t\t\t\t<\/div>\n\t\t\t\t<div class=\"elementor-element elementor-element-8e80cdc elementor-widget elementor-widget-button\" data-id=\"8e80cdc\" data-element_type=\"widget\" data-e-type=\"widget\" data-widget_type=\"button.default\">\n\t\t\t\t\t\t\t\t\t\t<a class=\"elementor-button elementor-button-link elementor-size-sm\" href=\"#\">\n\t\t\t\t\t\t<span class=\"elementor-button-content-wrapper\">\n\t\t\t\t\t\t<span class=\"elementor-button-icon\">\n\t\t\t\t<svg aria-hidden=\"true\" class=\"e-font-icon-svg e-fas-arrow-right\" viewBox=\"0 0 448 512\" xmlns=\"http:\/\/www.w3.org\/2000\/svg\"><path d=\"M190.5 66.9l22.2-22.2c9.4-9.4 24.6-9.4 33.9 0L441 239c9.4 9.4 9.4 24.6 0 33.9L246.6 467.3c-9.4 9.4-24.6 9.4-33.9 0l-22.2-22.2c-9.5-9.5-9.3-25 .4-34.3L311.4 296H24c-13.3 0-24-10.7-24-24v-32c0-13.3 10.7-24 24-24h287.4L190.9 101.2c-9.8-9.3-10-24.8-.4-34.3z\"><\/path><\/svg>\t\t\t<\/span>\n\t\t\t\t\t\t\t\t\t<span class=\"elementor-button-text\">En savoir plus <\/span>\n\t\t\t\t\t<\/span>\n\t\t\t\t\t<\/a>\n\t\t\t\t\t\t\t\t<\/div>\n\t\t\t\t<\/div>\n\t\t\t\t<\/div>\n\t\t\t\t<div class=\"elementor-element elementor-element-46acfff elementor-widget-divider--view-line elementor-widget elementor-widget-divider\" data-id=\"46acfff\" data-element_type=\"widget\" data-e-type=\"widget\" data-widget_type=\"divider.default\">\n\t\t\t\t\t\t\t<div class=\"elementor-divider\">\n\t\t\t<span class=\"elementor-divider-separator\">\n\t\t\t\t\t\t<\/span>\n\t\t<\/div>\n\t\t\t\t\t\t<\/div>\n\t\t<div class=\"elementor-element elementor-element-92b5ab3 e-con-full e-flex e-con e-child\" data-id=\"92b5ab3\" data-element_type=\"container\" data-e-type=\"container\" data-settings=\"{&quot;background_background&quot;:&quot;classic&quot;}\">\n\t\t<div class=\"elementor-element elementor-element-e74c2e6 e-con-full e-flex e-con e-child\" data-id=\"e74c2e6\" data-element_type=\"container\" data-e-type=\"container\" data-settings=\"{&quot;motion_fx_motion_fx_scrolling&quot;:&quot;yes&quot;,&quot;motion_fx_translateY_effect&quot;:&quot;yes&quot;,&quot;motion_fx_translateY_direction&quot;:&quot;negative&quot;,&quot;motion_fx_devices&quot;:[&quot;desktop&quot;],&quot;motion_fx_translateY_speed&quot;:{&quot;unit&quot;:&quot;px&quot;,&quot;size&quot;:4,&quot;sizes&quot;:[]},&quot;motion_fx_translateY_affectedRange&quot;:{&quot;unit&quot;:&quot;%&quot;,&quot;size&quot;:&quot;&quot;,&quot;sizes&quot;:{&quot;start&quot;:0,&quot;end&quot;:100}}}\">\n\t\t\t\t<div class=\"elementor-element elementor-element-ee59d73 colored-headline-bg-yes elementor-widget elementor-widget-heading\" data-id=\"ee59d73\" data-element_type=\"widget\" data-e-type=\"widget\" data-widget_type=\"heading.default\">\n\t\t\t\t\t<h1 class=\"elementor-heading-title elementor-size-default\">Tout le monde a le droit \u00e0 un chez-soi !<\/h1>\t\t\t\t<\/div>\n\t\t\t\t<div class=\"elementor-element elementor-element-88a4470 colored-headline-bg-yes elementor-widget elementor-widget-heading\" data-id=\"88a4470\" data-element_type=\"widget\" data-e-type=\"widget\" data-widget_type=\"heading.default\">\n\t\t\t\t\t<h4 class=\"elementor-heading-title elementor-size-default\">Our Greens\/EFA top 5 priorities on housing<\/h4>\t\t\t\t<\/div>\n\t\t\t\t<div class=\"elementor-element elementor-element-98eda3f elementor-widget elementor-widget-button\" data-id=\"98eda3f\" data-element_type=\"widget\" data-e-type=\"widget\" data-widget_type=\"button.default\">\n\t\t\t\t\t\t\t\t\t\t<a class=\"elementor-button elementor-button-link elementor-size-sm\" href=\"#\">\n\t\t\t\t\t\t<span class=\"elementor-button-content-wrapper\">\n\t\t\t\t\t\t<span class=\"elementor-button-icon\">\n\t\t\t\t<svg aria-hidden=\"true\" class=\"e-font-icon-svg e-fas-arrow-right\" viewBox=\"0 0 448 512\" xmlns=\"http:\/\/www.w3.org\/2000\/svg\"><path d=\"M190.5 66.9l22.2-22.2c9.4-9.4 24.6-9.4 33.9 0L441 239c9.4 9.4 9.4 24.6 0 33.9L246.6 467.3c-9.4 9.4-24.6 9.4-33.9 0l-22.2-22.2c-9.5-9.5-9.3-25 .4-34.3L311.4 296H24c-13.3 0-24-10.7-24-24v-32c0-13.3 10.7-24 24-24h287.4L190.9 101.2c-9.8-9.3-10-24.8-.4-34.3z\"><\/path><\/svg>\t\t\t<\/span>\n\t\t\t\t\t\t\t\t\t<span class=\"elementor-button-text\">En savoir plus <\/span>\n\t\t\t\t\t<\/span>\n\t\t\t\t\t<\/a>\n\t\t\t\t\t\t\t\t<\/div>\n\t\t\t\t<\/div>\n\t\t\t\t<\/div>\n\t\t\t\t<div class=\"elementor-element elementor-element-db0d9d9 elementor-widget-divider--view-line elementor-widget elementor-widget-divider\" data-id=\"db0d9d9\" data-element_type=\"widget\" data-e-type=\"widget\" data-widget_type=\"divider.default\">\n\t\t\t\t\t\t\t<div class=\"elementor-divider\">\n\t\t\t<span class=\"elementor-divider-separator\">\n\t\t\t\t\t\t<\/span>\n\t\t<\/div>\n\t\t\t\t\t\t<\/div>\n\t\t\t\t<\/div>\n\t\t\t\t<\/div>\n\t\t","protected":false},"excerpt":{"rendered":"<p>Nous sommes le groupe des Verts\/ALE au Parlement europ\u00e9en Nos eurod\u00e9put\u00e9s sont des Verts, des Pirates, des eurod\u00e9put\u00e9s ind\u00e9pendants et des eurod\u00e9put\u00e9s repr\u00e9sentant des nations et des minorit\u00e9s sans \u00c9tat. Si vous souhaitez vous impliquer, rejoignez nos actions list\u00e9es ci-dessous. \ud83d\udc47 Taxer les tech bros : make them pay \u270d\ufe0f Soutenez notre appel en faveur [&hellip;]<\/p>\n","protected":false},"author":2,"featured_media":0,"parent":0,"menu_order":0,"comment_status":"closed","ping_status":"closed","template":"elementor_header_footer","meta":{"_acf_changed":false,"_seopress_robots_primary_cat":"","_seopress_titles_title":"","_seopress_titles_desc":"","_seopress_robots_index":"","footnotes":""},"class_list":["post-2023","page","type-page","status-publish","hentry"],"acf":[],"_links":{"self":[{"href":"https:\/\/act.greens-efa.eu\/fr\/wp-json\/wp\/v2\/pages\/2023","targetHints":{"allow":["GET"]}}],"collection":[{"href":"https:\/\/act.greens-efa.eu\/fr\/wp-json\/wp\/v2\/pages"}],"about":[{"href":"https:\/\/act.greens-efa.eu\/fr\/wp-json\/wp\/v2\/types\/page"}],"author":[{"embeddable":true,"href":"https:\/\/act.greens-efa.eu\/fr\/wp-json\/wp\/v2\/users\/2"}],"replies":[{"embeddable":true,"href":"https:\/\/act.greens-efa.eu\/fr\/wp-json\/wp\/v2\/comments?post=2023"}],"version-history":[{"count":16,"href":"https:\/\/act.greens-efa.eu\/fr\/wp-json\/wp\/v2\/pages\/2023\/revisions"}],"predecessor-version":[{"id":7191,"href":"https:\/\/act.greens-efa.eu\/fr\/wp-json\/wp\/v2\/pages\/2023\/revisions\/7191"}],"wp:attachment":[{"href":"https:\/\/act.greens-efa.eu\/fr\/wp-json\/wp\/v2\/media?parent=2023"}],"curies":[{"name":"wp","href":"https:\/\/api.w.org\/{rel}","templated":true}]}}