{"id":4784,"date":"2026-01-23T15:39:00","date_gmt":"2026-01-23T14:39:00","guid":{"rendered":"https:\/\/act-greensefa.admk-dev.de\/my-data-my-choice\/"},"modified":"2026-03-11T15:22:09","modified_gmt":"2026-03-11T14:22:09","slug":"my-data-my-choice","status":"publish","type":"page","link":"https:\/\/act.greens-efa.eu\/fr\/my-data-my-choice\/","title":{"rendered":"Madame von der Leyen, n&rsquo;offrez pas nos donn\u00e9es aux \u00ab Big Tech \u00bb !"},"content":{"rendered":"\t\t<div data-elementor-type=\"wp-page\" data-elementor-id=\"4784\" class=\"elementor elementor-4784 elementor-4037\" data-elementor-post-type=\"page\">\n\t\t\t\t<div class=\"elementor-element elementor-element-444c612d e-con-full e-flex e-con e-parent\" data-id=\"444c612d\" data-element_type=\"container\" data-e-type=\"container\" data-settings=\"{&quot;background_background&quot;:&quot;classic&quot;,&quot;sticky&quot;:&quot;top&quot;,&quot;sticky_on&quot;:[&quot;desktop&quot;,&quot;tablet&quot;,&quot;mobile&quot;],&quot;sticky_offset&quot;:0,&quot;sticky_effects_offset&quot;:0,&quot;sticky_anchor_link_offset&quot;:0}\">\n\t\t<div class=\"elementor-element elementor-element-7e7f42e8 e-con-full e-flex e-con e-child\" data-id=\"7e7f42e8\" data-element_type=\"container\" data-e-type=\"container\">\n\t\t\t\t<div class=\"elementor-element elementor-element-2f06e562 colored-headline-bg-yes elementor-widget elementor-widget-heading\" data-id=\"2f06e562\" data-element_type=\"widget\" data-e-type=\"widget\" data-widget_type=\"heading.default\">\n\t\t\t\t\t<h1 class=\"elementor-heading-title elementor-size-default\">Madame von der Leyen, n'offrez pas nos donn\u00e9es aux \u00ab Big Tech \u00bb !\n<\/h1>\t\t\t\t<\/div>\n\t\t\t\t<\/div>\n\t\t\t\t<\/div>\n\t\t<div class=\"elementor-element elementor-element-1dbaceb9 e-con-full e-flex e-con e-parent\" data-id=\"1dbaceb9\" data-element_type=\"container\" data-e-type=\"container\" data-settings=\"{&quot;background_background&quot;:&quot;classic&quot;}\">\n\t\t<div class=\"elementor-element elementor-element-238056a9 e-con-full hideElement e-flex elementor-invisible e-con e-child\" data-id=\"238056a9\" data-element_type=\"container\" data-e-type=\"container\" id=\"goToAction\" data-settings=\"{&quot;position&quot;:&quot;fixed&quot;,&quot;animation&quot;:&quot;fadeIn&quot;}\">\n\t\t\t\t<div class=\"elementor-element elementor-element-7c6229c7 elementor-widget__width-auto elementor-invisible elementor-widget elementor-widget-button\" data-id=\"7c6229c7\" data-element_type=\"widget\" data-e-type=\"widget\" id=\"GoToActionBtn\" data-settings=\"{&quot;_animation&quot;:&quot;rubberBand&quot;,&quot;_animation_delay&quot;:200}\" data-widget_type=\"button.default\">\n\t\t\t\t\t\t\t\t\t\t<a class=\"elementor-button elementor-button-link elementor-size-sm\" href=\"#take-action\">\n\t\t\t\t\t\t<span class=\"elementor-button-content-wrapper\">\n\t\t\t\t\t\t<span class=\"elementor-button-icon\">\n\t\t\t\t<svg aria-hidden=\"true\" class=\"e-font-icon-svg e-fas-arrow-down\" viewBox=\"0 0 448 512\" xmlns=\"http:\/\/www.w3.org\/2000\/svg\"><path d=\"M413.1 222.5l22.2 22.2c9.4 9.4 9.4 24.6 0 33.9L241 473c-9.4 9.4-24.6 9.4-33.9 0L12.7 278.6c-9.4-9.4-9.4-24.6 0-33.9l22.2-22.2c9.5-9.5 25-9.3 34.3.4L184 343.4V56c0-13.3 10.7-24 24-24h32c13.3 0 24 10.7 24 24v287.4l114.8-120.5c9.3-9.8 24.8-10 34.3-.4z\"><\/path><\/svg>\t\t\t<\/span>\n\t\t\t\t\t\t\t\t\t<span class=\"elementor-button-text\">Take action<\/span>\n\t\t\t\t\t<\/span>\n\t\t\t\t\t<\/a>\n\t\t\t\t\t\t\t\t<\/div>\n\t\t\t\t<\/div>\n\t\t<div class=\"elementor-element elementor-element-113d1e82 e-con-full elementor-hidden-mobile e-flex e-con e-child\" data-id=\"113d1e82\" data-element_type=\"container\" data-e-type=\"container\" data-settings=\"{&quot;background_background&quot;:&quot;classic&quot;}\">\n\t\t\t\t<\/div>\n\t\t<div class=\"elementor-element elementor-element-5d9bd0e6 e-con-full e-flex e-con e-child\" data-id=\"5d9bd0e6\" data-element_type=\"container\" data-e-type=\"container\" data-settings=\"{&quot;background_background&quot;:&quot;classic&quot;}\">\n\t\t<div class=\"elementor-element elementor-element-676d05fa e-con-full e-flex e-con e-child\" data-id=\"676d05fa\" data-element_type=\"container\" data-e-type=\"container\" data-settings=\"{&quot;background_background&quot;:&quot;classic&quot;}\">\n\t\t\t\t<div class=\"elementor-element elementor-element-a71dc11 elementor-widget elementor-widget-text-editor\" data-id=\"a71dc11\" data-element_type=\"widget\" data-e-type=\"widget\" data-widget_type=\"text-editor.default\">\n\t\t\t\t\t\t\t\t\t<p class=\"preamble\" dir=\"ltr\">Emp\u00eachez la Commission europ\u00e9enne d\u2019affaiblir notre protection en ligne au profit des g\u00e9ants de la technologie et de leurs mod\u00e8les d&rsquo;IA avides de donn\u00e9es.<\/p><p dir=\"ltr\">Quels que soient notre culture , notre couleur de peau ou qui nous aimons, nous tenons tous \u00e0 notre libert\u00e9 d&rsquo;expression et \u00e0 notre droit \u00e0 la vie priv\u00e9e et \u00e0 la s\u00e9curit\u00e9, tant en ligne que hors ligne. Ces valeurs sont prot\u00e9g\u00e9es par les lois europ\u00e9ennes, pour lesquelles nous nous sommes battus avec acharnement.<\/p><p dir=\"ltr\">Mais aujourd&rsquo;hui, les g\u00e9ants am\u00e9ricains de la tech s\u2019attaquent \u00e0 notre libert\u00e9 dans une lutte acharn\u00e9e :<\/p>\t\t\t\t\t\t\t\t<\/div>\n\t\t\t\t<div class=\"elementor-element elementor-element-66ce454 elementor-icon-list--layout-traditional elementor-list-item-link-full_width elementor-widget elementor-widget-icon-list\" data-id=\"66ce454\" data-element_type=\"widget\" data-e-type=\"widget\" data-widget_type=\"icon-list.default\">\n\t\t\t\t\t\t\t<ul class=\"elementor-icon-list-items\">\n\t\t\t\t\t\t\t<li class=\"elementor-icon-list-item\">\n\t\t\t\t\t\t\t\t\t\t\t<span class=\"elementor-icon-list-icon\">\n\t\t\t\t\t\t\t<svg aria-hidden=\"true\" class=\"e-font-icon-svg e-fas-times\" viewBox=\"0 0 352 512\" xmlns=\"http:\/\/www.w3.org\/2000\/svg\"><path d=\"M242.72 256l100.07-100.07c12.28-12.28 12.28-32.19 0-44.48l-22.24-22.24c-12.28-12.28-32.19-12.28-44.48 0L176 189.28 75.93 89.21c-12.28-12.28-32.19-12.28-44.48 0L9.21 111.45c-12.28 12.28-12.28 32.19 0 44.48L109.28 256 9.21 356.07c-12.28 12.28-12.28 32.19 0 44.48l22.24 22.24c12.28 12.28 32.2 12.28 44.48 0L176 322.72l100.07 100.07c12.28 12.28 32.2 12.28 44.48 0l22.24-22.24c12.28-12.28 12.28-32.19 0-44.48L242.72 256z\"><\/path><\/svg>\t\t\t\t\t\t<\/span>\n\t\t\t\t\t\t\t\t\t\t<span class=\"elementor-icon-list-text\">Nos flux d'actualit\u00e9s sont inond\u00e9s de discours d'extr\u00eame droite, amplifi\u00e9s par des algorithmes nourris par la peur et l'indignation.<\/span>\n\t\t\t\t\t\t\t\t\t<\/li>\n\t\t\t\t\t\t\t\t<li class=\"elementor-icon-list-item\">\n\t\t\t\t\t\t\t\t\t\t\t<span class=\"elementor-icon-list-icon\">\n\t\t\t\t\t\t\t<svg aria-hidden=\"true\" class=\"e-font-icon-svg e-fas-times\" viewBox=\"0 0 352 512\" xmlns=\"http:\/\/www.w3.org\/2000\/svg\"><path d=\"M242.72 256l100.07-100.07c12.28-12.28 12.28-32.19 0-44.48l-22.24-22.24c-12.28-12.28-32.19-12.28-44.48 0L176 189.28 75.93 89.21c-12.28-12.28-32.19-12.28-44.48 0L9.21 111.45c-12.28 12.28-12.28 32.19 0 44.48L109.28 256 9.21 356.07c-12.28 12.28-12.28 32.19 0 44.48l22.24 22.24c12.28 12.28 32.2 12.28 44.48 0L176 322.72l100.07 100.07c12.28 12.28 32.2 12.28 44.48 0l22.24-22.24c12.28-12.28 12.28-32.19 0-44.48L242.72 256z\"><\/path><\/svg>\t\t\t\t\t\t<\/span>\n\t\t\t\t\t\t\t\t\t\t<span class=\"elementor-icon-list-text\">Les syst\u00e8mes d'IA sont hors de contr\u00f4le, des applications de \u00ab d\u00e9shabillage \u00bb aux chatbots qui manipulent les personnes vuln\u00e9rables pour les pousser \u00e0 l'automutilation et au suicide.<\/span>\n\t\t\t\t\t\t\t\t\t<\/li>\n\t\t\t\t\t\t<\/ul>\n\t\t\t\t\t\t<\/div>\n\t\t\t\t<div class=\"elementor-element elementor-element-faabeb5 elementor-widget elementor-widget-text-editor\" data-id=\"faabeb5\" data-element_type=\"widget\" data-e-type=\"widget\" data-widget_type=\"text-editor.default\">\n\t\t\t\t\t\t\t\t\t<p dir=\"ltr\">Elon Musk attaque directement l&rsquo;Union europ\u00e9enne, avec le soutien du pr\u00e9sident am\u00e9ricain Donald Trump. Mark Zuckerberg censure les comptes des militants qui luttent pour les droits des personnes LGBTQIA+ et les droits reproductifs.<\/p>\t\t\t\t\t\t\t\t<\/div>\n\t\t\t\t<div class=\"elementor-element elementor-element-0709de8 elementor-widget elementor-widget-heading\" data-id=\"0709de8\" data-element_type=\"widget\" data-e-type=\"widget\" data-widget_type=\"heading.default\">\n\t\t\t\t\t<h4 class=\"elementor-heading-title elementor-size-default\">Les g\u00e9ants am\u00e9ricains de la technologie constituent une menace pour notre d\u00e9mocratie.\n<\/h4>\t\t\t\t<\/div>\n\t\t\t\t<div class=\"elementor-element elementor-element-c893f29 elementor-widget elementor-widget-text-editor\" data-id=\"c893f29\" data-element_type=\"widget\" data-e-type=\"widget\" data-widget_type=\"text-editor.default\">\n\t\t\t\t\t\t\t\t\t<p dir=\"ltr\">On pourrait s&rsquo;attendre \u00e0 ce qu&rsquo;Ursula von der Leyen, la pr\u00e9sidente de la Commission europ\u00e9enne, se montre ferme \u00e0 nos c\u00f4t\u00e9s et prot\u00e8ge nos valeurs europ\u00e9ennes contre les intimidateurs am\u00e9ricains, n&rsquo;est-ce pas ?\u00a0<strong>N&rsquo;est-ce pas ?<\/strong>\u00a0Malheureusement, ce n&rsquo;est pas le cas.<\/p><p dir=\"ltr\">Pire encore, elle propose d&rsquo;affaiblir les lois num\u00e9riques de l&rsquo;UE qui sont l\u00e0 pour nous prot\u00e9ger, nous et nos enfants, en ligne.<\/p>\t\t\t\t\t\t\t\t<\/div>\n\t\t\t\t<div class=\"elementor-element elementor-element-0c284c8 elementor-icon-list--layout-traditional elementor-list-item-link-full_width elementor-widget elementor-widget-icon-list\" data-id=\"0c284c8\" data-element_type=\"widget\" data-e-type=\"widget\" data-widget_type=\"icon-list.default\">\n\t\t\t\t\t\t\t<ul class=\"elementor-icon-list-items\">\n\t\t\t\t\t\t\t<li class=\"elementor-icon-list-item\">\n\t\t\t\t\t\t\t\t\t\t\t<span class=\"elementor-icon-list-icon\">\n\t\t\t\t\t\t\t<svg aria-hidden=\"true\" class=\"e-font-icon-svg e-fas-times\" viewBox=\"0 0 352 512\" xmlns=\"http:\/\/www.w3.org\/2000\/svg\"><path d=\"M242.72 256l100.07-100.07c12.28-12.28 12.28-32.19 0-44.48l-22.24-22.24c-12.28-12.28-32.19-12.28-44.48 0L176 189.28 75.93 89.21c-12.28-12.28-32.19-12.28-44.48 0L9.21 111.45c-12.28 12.28-12.28 32.19 0 44.48L109.28 256 9.21 356.07c-12.28 12.28-12.28 32.19 0 44.48l22.24 22.24c12.28 12.28 32.2 12.28 44.48 0L176 322.72l100.07 100.07c12.28 12.28 32.2 12.28 44.48 0l22.24-22.24c12.28-12.28 12.28-32.19 0-44.48L242.72 256z\"><\/path><\/svg>\t\t\t\t\t\t<\/span>\n\t\t\t\t\t\t\t\t\t\t<span class=\"elementor-icon-list-text\">Il permettrait aux g\u00e9ants de la tech d'utiliser nos photos personnelles, nos publications et notre comportement en ligne pour entra\u00eener leurs mod\u00e8les d'IA, sans notre consentement.<\/span>\n\t\t\t\t\t\t\t\t\t<\/li>\n\t\t\t\t\t\t\t\t<li class=\"elementor-icon-list-item\">\n\t\t\t\t\t\t\t\t\t\t\t<span class=\"elementor-icon-list-icon\">\n\t\t\t\t\t\t\t<svg aria-hidden=\"true\" class=\"e-font-icon-svg e-fas-times\" viewBox=\"0 0 352 512\" xmlns=\"http:\/\/www.w3.org\/2000\/svg\"><path d=\"M242.72 256l100.07-100.07c12.28-12.28 12.28-32.19 0-44.48l-22.24-22.24c-12.28-12.28-32.19-12.28-44.48 0L176 189.28 75.93 89.21c-12.28-12.28-32.19-12.28-44.48 0L9.21 111.45c-12.28 12.28-12.28 32.19 0 44.48L109.28 256 9.21 356.07c-12.28 12.28-12.28 32.19 0 44.48l22.24 22.24c12.28 12.28 32.2 12.28 44.48 0L176 322.72l100.07 100.07c12.28 12.28 32.2 12.28 44.48 0l22.24-22.24c12.28-12.28 12.28-32.19 0-44.48L242.72 256z\"><\/path><\/svg>\t\t\t\t\t\t<\/span>\n\t\t\t\t\t\t\t\t\t\t<span class=\"elementor-icon-list-text\">Il serait alors plus facile pour les entreprises de cr\u00e9er des profils d\u00e9taill\u00e9s sur les gens et de les vendre, mais plus difficile pour vous d'obtenir vos propres informations aupr\u00e8s de ces entreprises.<\/span>\n\t\t\t\t\t\t\t\t\t<\/li>\n\t\t\t\t\t\t\t\t<li class=\"elementor-icon-list-item\">\n\t\t\t\t\t\t\t\t\t\t\t<span class=\"elementor-icon-list-icon\">\n\t\t\t\t\t\t\t<svg aria-hidden=\"true\" class=\"e-font-icon-svg e-fas-times\" viewBox=\"0 0 352 512\" xmlns=\"http:\/\/www.w3.org\/2000\/svg\"><path d=\"M242.72 256l100.07-100.07c12.28-12.28 12.28-32.19 0-44.48l-22.24-22.24c-12.28-12.28-32.19-12.28-44.48 0L176 189.28 75.93 89.21c-12.28-12.28-32.19-12.28-44.48 0L9.21 111.45c-12.28 12.28-12.28 32.19 0 44.48L109.28 256 9.21 356.07c-12.28 12.28-12.28 32.19 0 44.48l22.24 22.24c12.28 12.28 32.2 12.28 44.48 0L176 322.72l100.07 100.07c12.28 12.28 32.2 12.28 44.48 0l22.24-22.24c12.28-12.28 12.28-32.19 0-44.48L242.72 256z\"><\/path><\/svg>\t\t\t\t\t\t<\/span>\n\t\t\t\t\t\t\t\t\t\t<span class=\"elementor-icon-list-text\">Cela retarderait l'application des r\u00e8gles europ\u00e9ennes d\u00e9j\u00e0 adopt\u00e9es qui prot\u00e8gent les personnes contre les IA \u00e0 haut risque.<\/span>\n\t\t\t\t\t\t\t\t\t<\/li>\n\t\t\t\t\t\t<\/ul>\n\t\t\t\t\t\t<\/div>\n\t\t\t\t<div class=\"elementor-element elementor-element-0846cb8 elementor-widget elementor-widget-heading\" data-id=\"0846cb8\" data-element_type=\"widget\" data-e-type=\"widget\" data-widget_type=\"heading.default\">\n\t\t\t\t\t<h4 class=\"elementor-heading-title elementor-size-default\"><br>La simplification ne doit pas devenir un programme de d\u00e9r\u00e9glementation.\n<\/h4>\t\t\t\t<\/div>\n\t\t\t\t<div class=\"elementor-element elementor-element-9771caa elementor-widget elementor-widget-text-editor\" data-id=\"9771caa\" data-element_type=\"widget\" data-e-type=\"widget\" data-widget_type=\"text-editor.default\">\n\t\t\t\t\t\t\t\t\t<p dir=\"ltr\">Avec neuf membres du Parlement europ\u00e9en, nous avons lanc\u00e9 cette p\u00e9tition pour demander \u00e0 Mme Von der Leyen de ne pas c\u00e9der aux pressions des g\u00e9ants de la technologie et de d\u00e9fendre fermement nos droits num\u00e9riques. Elle doit donner la priorit\u00e9 \u00e0 la s\u00e9curit\u00e9 des citoyens europ\u00e9ens plut\u00f4t qu&rsquo;aux profits des entreprises. Votre signature sur cette p\u00e9tition renforcera notre opposition et amplifiera notre voix.<\/p>\t\t\t\t\t\t\t\t<\/div>\n\t\t\t\t<div class=\"elementor-element elementor-element-d72781a elementor-widget elementor-widget-heading\" data-id=\"d72781a\" data-element_type=\"widget\" data-e-type=\"widget\" data-widget_type=\"heading.default\">\n\t\t\t\t\t<h4 class=\"elementor-heading-title elementor-size-default\">Si les g\u00e9ants de la tech sont des super-vilains, vous \u00eates nos super-h\u00e9ros.\n<\/h4>\t\t\t\t<\/div>\n\t\t\t\t<div class=\"elementor-element elementor-element-b479e90 elementor-widget elementor-widget-text-editor\" data-id=\"b479e90\" data-element_type=\"widget\" data-e-type=\"widget\" data-widget_type=\"text-editor.default\">\n\t\t\t\t\t\t\t\t\t<p dir=\"ltr\">Nous avons d\u00e9j\u00e0 d\u00e9fendu nos droits par le pass\u00e9. Nous allons redoubler d&rsquo;efforts pour d\u00e9fendre notre droit \u00e0 la libert\u00e9 d&rsquo;expression, avec vous.<\/p><p dir=\"ltr\">Cette p\u00e9tition n&rsquo;est qu&rsquo;une premi\u00e8re \u00e9tape. Avec nos soutiens et la soci\u00e9t\u00e9 civile, nous lib\u00e9rerons l&rsquo;Europe de l&#8217;emprise de ces entreprises.<\/p>\t\t\t\t\t\t\t\t<\/div>\n\t\t\t\t<div class=\"elementor-element elementor-element-41967ed elementor-widget elementor-widget-text-editor\" data-id=\"41967ed\" data-element_type=\"widget\" data-e-type=\"widget\" data-widget_type=\"text-editor.default\">\n\t\t\t\t\t\t\t\t\t<p><strong>Saskia Bricmont \ud83c\udde7\ud83c\uddea &#8211; Anna Cavazzini \ud83c\udde9\ud83c\uddea &#8211; David Cormand \ud83c\uddeb\ud83c\uddf7 &#8211; Alexandra Geese \ud83c\udde9\ud83c\uddea &#8211; Cristina Guarda \ud83c\uddee\ud83c\uddf9 &#8211; Mark\u00e9ta Gregorov\u00e1 \ud83c\udde8\ud83c\uddff &#8211; Sara Matthieu \ud83c\udde7\ud83c\uddea &#8211; Jutta Paulus \ud83c\udde9\ud83c\uddea &#8211; Lena Schilling \ud83c\udde6\ud83c\uddf9 &#8211; Benedetta Scuderi \ud83c\uddee\ud83c\uddf9 &#8211; Kim van Sparrentak \ud83c\uddf3\ud83c\uddf1<\/strong><\/p>\t\t\t\t\t\t\t\t<\/div>\n\t\t\t\t<\/div>\n\t\t\t\t<\/div>\n\t\t<div class=\"elementor-element elementor-element-7acfd861 e-con-full e-flex e-con e-child\" data-id=\"7acfd861\" data-element_type=\"container\" data-e-type=\"container\" data-settings=\"{&quot;background_background&quot;:&quot;classic&quot;}\">\n\t\t<div class=\"elementor-element elementor-element-40159a00 e-con-full e-transform e-flex e-con e-child\" data-id=\"40159a00\" data-element_type=\"container\" data-e-type=\"container\" data-settings=\"{&quot;background_background&quot;:&quot;classic&quot;,&quot;position&quot;:&quot;absolute&quot;,&quot;_transform_skewX_effect&quot;:{&quot;unit&quot;:&quot;px&quot;,&quot;size&quot;:0,&quot;sizes&quot;:[]},&quot;_transform_skewY_effect&quot;:{&quot;unit&quot;:&quot;px&quot;,&quot;size&quot;:-3.5,&quot;sizes&quot;:[]},&quot;_transform_skewX_effect_tablet&quot;:{&quot;unit&quot;:&quot;deg&quot;,&quot;size&quot;:&quot;&quot;,&quot;sizes&quot;:[]},&quot;_transform_skewX_effect_mobile&quot;:{&quot;unit&quot;:&quot;deg&quot;,&quot;size&quot;:&quot;&quot;,&quot;sizes&quot;:[]},&quot;_transform_skewY_effect_tablet&quot;:{&quot;unit&quot;:&quot;deg&quot;,&quot;size&quot;:&quot;&quot;,&quot;sizes&quot;:[]},&quot;_transform_skewY_effect_mobile&quot;:{&quot;unit&quot;:&quot;deg&quot;,&quot;size&quot;:&quot;&quot;,&quot;sizes&quot;:[]}}\">\n\t\t\t\t<\/div>\n\t\t\t\t<div class=\"elementor-element elementor-element-e411c5d elementor-widget elementor-widget-an-forms-counter\" data-id=\"e411c5d\" data-element_type=\"widget\" data-e-type=\"widget\" data-widget_type=\"an-forms-counter.default\">\n\t\t\t\t<div class=\"elementor-widget-container\">\n\t\t\t\t\t\n\t\t\t\t<div class=\"progressWrapper\" aria-label=\"Petition Stimmen Fortschritt\" role=\"img\" id=\"progress-wrapper\">\n\t\t\t\t\t<div class=\"progress-circle\">\n\t\t\t\t\t\t<svg viewBox=\"0 0 160 160\">\n\t\t\t\t\t\t\t  <defs>\n\t\t\t\t\t\t\t\t  <linearGradient id=\"progress-gradient\" x1=\"0%\" y1=\"70%\" x2=\"100%\" y2=\"0%\">\n\t\t\t\t\t\t\t\t\t\t<stop class=\"stop-color-1\" offset=\"0%\" stop-color=\"#000000\"\/>\n\t\t\t\t\t\t\t\t\t\t<stop class=\"stop-color-2\" offset=\"100%\" stop-color=\"#ff0000\"\/>\n\t\t\t\t\t\t\t\t <\/linearGradient>\n\t\t\t\t\t\t\t<\/defs>\n\t\t\t\t\t\t\t<circle class=\"bg\" cx=\"80\" cy=\"80\" r=\"70\"><\/circle>\n\t\t\t\t\t\t\t<circle class=\"progress\" cx=\"80\" cy=\"80\" r=\"70\" stroke=\"url(#progress-gradient)\"><\/circle>\n\t\t\t\t\t\t\t<circle class=\"front\" cx=\"80\" cy=\"80\" r=\"61\"><\/circle>\n\t\t\t\t\t\t <\/svg>\n\t\t\t\t\t\t <div class=\"progress-text\" aria-live=\"polite\" aria-atomic=\"true\">\n\t\t\t\t\t\t\t <div class=\"number\" id=\"vote-count\"><\/div>\n\t\t\t\t\t\t\t<div class=\"label\" id=\"vote-label\"><\/div>\n\t\t\t\t\t\t<\/div>\n\t\t\t\t\t  <\/div>\n\t\t\t\t\t <canvas id=\"confetti-canvas\"><\/canvas>\n\t\t\t\t<\/div>\n\t\t\t\t<script src=\"https:\/\/act.greens-efa.eu\/wp-content\/themes\/greensefa\/js\/confetti.browser.min.js\"><\/script>\n\t\t\t\t<script>\n\t\t\t\tjQuery(window).on(\"elementor\/frontend\/init\", () => {\n\t\t\t\t  elementorFrontend.hooks.addAction(\"frontend\/element_ready\/an-forms-counter.default\", ($scope) => {\n\t\t\t\t\t  const requiredVotes = 25000;\n\t\t\t\t\t  const currentVotes = 21633;\n\n\t\t\t\t\t  const progressCircle = document.querySelector(\".progress\");\n\t\t\t\t\t  const voteCount = document.getElementById(\"vote-count\");\n\t\t\t\t\t  const voteLabel = document.getElementById(\"vote-label\");\n\t\t\t\t\t  const progressWrapper = document.getElementById(\"progress-wrapper\");\n\t\t\t\t\t  const confettiCanvas = document.getElementById(\"confetti-canvas\");\n\n\t\t\t\t\t  if (!progressCircle || !voteCount || !voteLabel || !progressWrapper || !confettiCanvas) {\n\t\t\t\t\t\t  return;\n\t\t\t\t\t  }\n\n\t\t\t\t\t  const radius = 70;\n\t\t\t\t\t  const circumference = 2 * Math.PI * radius;\n\n\t\t\t\t\t  const progressPercent = Math.min(currentVotes \/ requiredVotes, 1);\n\t\t\t\t\t  const offset = circumference * (1 - progressPercent);\n\n\t\t\t\t\t  progressCircle.style.strokeDasharray = circumference;\n\t\t\t\t\t  progressCircle.style.strokeDashoffset = circumference;\n\n\t\t\t\t\t  voteCount.innerHTML = `<div class=\"currentVotes\">${currentVotes.toLocaleString()}<\/div><div class=\"requiredVotes\">\/ ${requiredVotes.toLocaleString()}<\/div>`;\n\t\t\t\t\t  voteLabel.innerHTML = \"<em>signatures<\/em>\";\n\n\t\t\t\t\t  const confettiInstance = confetti.create(confettiCanvas, { resize: true, useWorker: true });\n\n\t\t\t\t\t  function getProgressCenterInContainer() {\n\t\t\t\t\t\t const containerRect = progressWrapper.getBoundingClientRect();\n\t\t\t\t\t\t return {\n\t\t\t\t\t\t\tx: containerRect.width \/ 2,\n\t\t\t\t\t\t\ty: containerRect.height \/ 2\n\t\t\t\t\t\t };\n\t\t\t\t\t  }\n\n\t\t\t\t\t  const observer = new IntersectionObserver(\n\t\t\t\t\t\t entries => {\n\t\t\t\t\t\t\tentries.forEach(entry => {\n\t\t\t\t\t\t\t  if (entry.isIntersecting) {\n\t\t\t\t\t\t\t\t progressCircle.style.strokeDashoffset = offset;\n\n\t\t\t\t\t\t\t\t if (progressPercent === 1) {\n\t\t\t\t\t\t\t\t\tsetTimeout(() => {\n\t\t\t\t\t\t\t\t\t  launchSubtleFireworks();\n\t\t\t\t\t\t\t\t\t}, 1600);\n\t\t\t\t\t\t\t\t }\n\n\t\t\t\t\t\t\t\t observer.unobserve(entry.target);\n\t\t\t\t\t\t\t  }\n\t\t\t\t\t\t\t});\n\t\t\t\t\t\t },\n\t\t\t\t\t\t { threshold: 0.5 }\n\t\t\t\t\t  );\n\t\t\t\t\t  setTimeout(() => {\n\t\t\t\t\t\t  observer.observe(progressCircle);\n\t\t\t\t\t  }, 1000);\n\n\t\t\t\t\t  function launchSubtleFireworks() {\n\t\t\t\t\t\t const containerRect = progressWrapper.getBoundingClientRect();\n\t\t\t\t\t\t const center = getProgressCenterInContainer();\n\t\t\t\t\t\t const duration = 2500;\n\t\t\t\t\t\t const animationEnd = Date.now() + duration;\n\n\t\t\t\t\t\t const defaults = {\n\t\t\t\t\t\t\tstartVelocity: 30,\n\t\t\t\t\t\t\tspread: 50,\n\t\t\t\t\t\t\tticks: 90,\n\t\t\t\t\t\t\tgravity: 1.6,\n\t\t\t\t\t\t\tdrift: 0.15,\n\t\t\t\t\t\t\tdecay: 0.9,\n\t\t\t\t\t\t\tscalar: 0.8,\n\t\t\t\t\t\t\tzIndex: 9999\n\t\t\t\t\t\t };\n\n\t\t\t\t\t\t (function frame() {\n\t\t\t\t\t\t\tconst timeLeft = animationEnd - Date.now();\n\t\t\t\t\t\t\tif (timeLeft <= 0) return;\n\n\t\t\t\t\t\t\tconst particleCount = 6 * (timeLeft \/ duration);\n\n\t\t\t\t\t\t\tfor (let i = 0; i < 3; i++) {\n\t\t\t\t\t\t\t  const angle = Math.random() * 2 * Math.PI;\n\t\t\t\t\t\t\t  const distance = 75 + (Math.random() * 15 - 7.5);\n\t\t\t\t\t\t\t  const x = center.x + distance * Math.cos(angle);\n\t\t\t\t\t\t\t  const y = center.y + distance * Math.sin(angle);\n\n\t\t\t\t\t\t\t  confettiInstance(Object.assign({}, defaults, {\n\t\t\t\t\t\t\t\t particleCount,\n\t\t\t\t\t\t\t\t origin: {\n\t\t\t\t\t\t\t\t\tx: x \/ containerRect.width,\n\t\t\t\t\t\t\t\t\ty: y \/ containerRect.height\n\t\t\t\t\t\t\t\t },\n\t\t\t\t\t\t\t\t colors: [\"#a3e635\", \"#bef264\", \"#4ade80\", \"#22c55e\", \"#16a34a\"]\n\t\t\t\t\t\t\t  }));\n\t\t\t\t\t\t\t}\n\t\t\t\t\t\t\trequestAnimationFrame(frame);\n\t\t\t\t\t\t })();\n\t\t\t\t\t  }\n\t\t\t\t  });\n\t\t\t\t});\n\t\t\t\t<\/script>\n\t\t\t\t\t\t\t<\/div>\n\t\t\t\t<\/div>\n\t\t\t\t<div class=\"elementor-element elementor-element-1f073afd elementor-widget elementor-widget-heading\" data-id=\"1f073afd\" data-element_type=\"widget\" data-e-type=\"widget\" id=\"take-action\" data-widget_type=\"heading.default\">\n\t\t\t\t\t<h3 class=\"elementor-heading-title elementor-size-default\">Signez la p\u00e9tition : Mes donn\u00e9es, mon choix\n<\/h3>\t\t\t\t<\/div>\n\t\t\t\t<div class=\"elementor-element elementor-element-007e100 elementor-widget elementor-widget-text-editor\" data-id=\"007e100\" data-element_type=\"widget\" data-e-type=\"widget\" data-widget_type=\"text-editor.default\">\n\t\t\t\t\t\t\t\t\t<p>Demandez \u00e0 Ursula von der Leyen de ne pas c\u00e9der aux pressions des g\u00e9ants de la tech et de d\u00e9fendre fermement nos droits num\u00e9riques.<br \/>Votre signature sur cette p\u00e9tition renforcera notre opposition. Elle amplifiera notre voix.<\/p>\t\t\t\t\t\t\t\t<\/div>\n\t\t\t\t<div class=\"elementor-element elementor-element-21253784 elementor-widget elementor-widget-an-forms\" data-id=\"21253784\" data-element_type=\"widget\" data-e-type=\"widget\" data-widget_type=\"an-forms.default\">\n\t\t\t\t<div class=\"elementor-widget-container\">\n\t\t\t\t\t<div id=\"form146274002\"><script src='https:\/\/actionnetwork.org\/widgets\/v6\/form\/digital-omnibus-2?format=js&source=website&style=full'><\/script><div id='can-form-area-digital-omnibus-2' style='width: 100%'><!-- this div is the target for our HTML insertion --><\/div><\/div><script>\n\t\t\t(function ( $ ) {\n\t\t\t\t$(document).on(\"can_embed_loaded\", function(e) {\n\t\t\t\t\tsetTimeout( function(){\n\t\t\t\t\t\tvar $form146274002 = $(\"#form146274002\");\n\t\t\t\t\t\tvar $redirect = \"\";\n\n\t\t\t\t\t\tif ( $redirect !== \"\" ) {\n\t\t\t\t\t\t\t$form146274002.find(\"#redirect\").remove();\n\t\t\t\t\t\t\t$form146274002.find(\"form\").prepend(\n\t\t\t\t\t\t\t\t'<input id=\"redirect\" name=\"redirect\" type=\"hidden\" value=\"' + $redirect + '\" \/>'\n\t\t\t\t\t\t\t);\n\t\t\t\t\t\t}\n\t\t\t\t\t}, 100);\n\t\t\t\t});\n\t\t\t})( jQuery );\n\t\t<\/script>\t\t\t\t<\/div>\n\t\t\t\t<\/div>\n\t\t\t\t<\/div>\n\t\t<div class=\"elementor-element elementor-element-d0fb54d e-con-full e-flex e-con e-child\" data-id=\"d0fb54d\" data-element_type=\"container\" data-e-type=\"container\" data-settings=\"{&quot;background_background&quot;:&quot;classic&quot;}\">\n\t\t\t\t<\/div>\n\t\t\t\t<\/div>\n\t\t\t\t<\/div>\n\t\t","protected":false},"excerpt":{"rendered":"<p>Madame von der Leyen, n&rsquo;offrez pas nos donn\u00e9es aux \u00ab Big Tech \u00bb ! Take action Emp\u00eachez la Commission europ\u00e9enne d\u2019affaiblir notre protection en ligne au profit des g\u00e9ants de la technologie et de leurs mod\u00e8les d&rsquo;IA avides de donn\u00e9es. Quels que soient notre culture , notre couleur de peau ou qui nous aimons, nous [&hellip;]<\/p>\n","protected":false},"author":4,"featured_media":4786,"parent":0,"menu_order":0,"comment_status":"closed","ping_status":"closed","template":"","meta":{"_acf_changed":false,"_seopress_robots_primary_cat":"","_seopress_titles_title":"","_seopress_titles_desc":"","_seopress_robots_index":"","footnotes":""},"class_list":["post-4784","page","type-page","status-publish","has-post-thumbnail","hentry"],"acf":[],"_links":{"self":[{"href":"https:\/\/act.greens-efa.eu\/fr\/wp-json\/wp\/v2\/pages\/4784","targetHints":{"allow":["GET"]}}],"collection":[{"href":"https:\/\/act.greens-efa.eu\/fr\/wp-json\/wp\/v2\/pages"}],"about":[{"href":"https:\/\/act.greens-efa.eu\/fr\/wp-json\/wp\/v2\/types\/page"}],"author":[{"embeddable":true,"href":"https:\/\/act.greens-efa.eu\/fr\/wp-json\/wp\/v2\/users\/4"}],"replies":[{"embeddable":true,"href":"https:\/\/act.greens-efa.eu\/fr\/wp-json\/wp\/v2\/comments?post=4784"}],"version-history":[{"count":25,"href":"https:\/\/act.greens-efa.eu\/fr\/wp-json\/wp\/v2\/pages\/4784\/revisions"}],"predecessor-version":[{"id":7283,"href":"https:\/\/act.greens-efa.eu\/fr\/wp-json\/wp\/v2\/pages\/4784\/revisions\/7283"}],"wp:featuredmedia":[{"embeddable":true,"href":"https:\/\/act.greens-efa.eu\/fr\/wp-json\/wp\/v2\/media\/4786"}],"wp:attachment":[{"href":"https:\/\/act.greens-efa.eu\/fr\/wp-json\/wp\/v2\/media?parent=4784"}],"curies":[{"name":"wp","href":"https:\/\/api.w.org\/{rel}","templated":true}]}}