{"id":7318,"date":"2026-03-18T10:38:09","date_gmt":"2026-03-18T09:38:09","guid":{"rendered":"https:\/\/act.greens-efa.eu\/?page_id=7318"},"modified":"2026-03-19T11:05:43","modified_gmt":"2026-03-19T10:05:43","slug":"cosmetics-thank-you-fr","status":"publish","type":"page","link":"https:\/\/act.greens-efa.eu\/fr\/cosmetics-thank-you-fr\/","title":{"rendered":"Returns Thank You FR"},"content":{"rendered":"\t\t<div data-elementor-type=\"wp-page\" data-elementor-id=\"7318\" class=\"elementor elementor-7318 elementor-7314\" data-elementor-post-type=\"page\">\n\t\t\t\t<div class=\"elementor-element elementor-element-3988f06 e-con-full e-flex e-con e-parent\" data-id=\"3988f06\" data-element_type=\"container\" data-e-type=\"container\" data-settings=\"{&quot;background_background&quot;:&quot;classic&quot;,&quot;sticky&quot;:&quot;top&quot;,&quot;sticky_on&quot;:[&quot;desktop&quot;,&quot;tablet&quot;,&quot;mobile&quot;],&quot;sticky_offset&quot;:0,&quot;sticky_effects_offset&quot;:0,&quot;sticky_anchor_link_offset&quot;:0}\">\n\t\t\t\t<div class=\"elementor-element elementor-element-b43e877 elementor-widget elementor-widget-global elementor-global-5179 elementor-widget-html\" data-id=\"b43e877\" data-element_type=\"widget\" data-e-type=\"widget\" data-widget_type=\"html.default\">\n\t\t\t\t\t<script>!function(){var s=document.createElement(\"script\"); s.src=\"https:\/\/app.sosha.ai\/tracker.min.js\", s.onload=function(){window.SHTracker && SHTracker.trackConversion()}, document.head.appendChild(s)}();<\/script>\t\t\t\t<\/div>\n\t\t<div class=\"elementor-element elementor-element-0b0121f e-con-full e-flex e-con e-child\" data-id=\"0b0121f\" data-element_type=\"container\" data-e-type=\"container\">\n\t\t\t\t<div class=\"elementor-element elementor-element-adadfb3 colored-headline-bg-yes elementor-widget elementor-widget-heading\" data-id=\"adadfb3\" data-element_type=\"widget\" data-e-type=\"widget\" data-widget_type=\"heading.default\">\n\t\t\t\t\t<h3 class=\"elementor-heading-title elementor-size-default\">Opposons-nous \u00e0 l'extr\u00eame droite : non \u00e0 un ICE europ\u00e9en<\/h3>\t\t\t\t<\/div>\n\t\t\t\t<div class=\"elementor-element elementor-element-59c9285 colored-headline-bg-yes elementor-widget elementor-widget-heading\" data-id=\"59c9285\" data-element_type=\"widget\" data-e-type=\"widget\" data-widget_type=\"heading.default\">\n\t\t\t\t\t<h1 class=\"elementor-heading-title elementor-size-default\">\ud83d\udc9a Merci pour pour votre soutien !<\/h1>\t\t\t\t<\/div>\n\t\t\t\t<\/div>\n\t\t\t\t<\/div>\n\t\t<div class=\"elementor-element elementor-element-a645d28 e-con-full e-flex e-con e-parent\" data-id=\"a645d28\" data-element_type=\"container\" data-e-type=\"container\" data-settings=\"{&quot;background_background&quot;:&quot;classic&quot;}\">\n\t\t<div class=\"elementor-element elementor-element-96f6bcf e-con-full e-flex e-con e-child\" data-id=\"96f6bcf\" data-element_type=\"container\" data-e-type=\"container\" data-settings=\"{&quot;background_background&quot;:&quot;classic&quot;}\">\n\t\t<div class=\"elementor-element elementor-element-e02f9c6 e-con-full e-transform e-flex e-con e-child\" data-id=\"e02f9c6\" data-element_type=\"container\" data-e-type=\"container\" data-settings=\"{&quot;background_background&quot;:&quot;classic&quot;,&quot;position&quot;:&quot;absolute&quot;,&quot;_transform_skewX_effect&quot;:{&quot;unit&quot;:&quot;px&quot;,&quot;size&quot;:0,&quot;sizes&quot;:[]},&quot;_transform_skewY_effect&quot;:{&quot;unit&quot;:&quot;px&quot;,&quot;size&quot;:-2.5,&quot;sizes&quot;:[]},&quot;_transform_skewX_effect_tablet&quot;:{&quot;unit&quot;:&quot;deg&quot;,&quot;size&quot;:&quot;&quot;,&quot;sizes&quot;:[]},&quot;_transform_skewX_effect_mobile&quot;:{&quot;unit&quot;:&quot;deg&quot;,&quot;size&quot;:&quot;&quot;,&quot;sizes&quot;:[]},&quot;_transform_skewY_effect_tablet&quot;:{&quot;unit&quot;:&quot;deg&quot;,&quot;size&quot;:&quot;&quot;,&quot;sizes&quot;:[]},&quot;_transform_skewY_effect_mobile&quot;:{&quot;unit&quot;:&quot;deg&quot;,&quot;size&quot;:&quot;&quot;,&quot;sizes&quot;:[]}}\">\n\t\t\t\t<\/div>\n\t\t\t\t<div class=\"elementor-element elementor-element-a94e551 elementor-widget elementor-widget-text-editor\" data-id=\"a94e551\" data-element_type=\"widget\" data-e-type=\"widget\" data-widget_type=\"text-editor.default\">\n\t\t\t\t\t\t\t\t\t<p><span data-sheets-root=\"1\">Plus les gens exprimeront leur soutien, plus nos revendications seront entendues ! C&rsquo;est pourquoi il est important de demander \u00e0 vos amis de participer \u00e9galement. Diffusez notre message.<\/span> \ud83d\udc47<\/p>\t\t\t\t\t\t\t\t<\/div>\n\t\t\t\t<div class=\"elementor-element elementor-element-85e85a6 elementor-widget__width-inherit elementor-widget elementor-widget-html\" data-id=\"85e85a6\" data-element_type=\"widget\" data-e-type=\"widget\" data-widget_type=\"html.default\">\n\t\t\t\t\t<div style=\"width: 100%; height: 600px;\"><iframe src=\"https:\/\/share.greens-efa.eu\/toolkit\/84914d89-2248-4030-bddf-5f57780c7ec0?embedded=true&embedHeight=600&iconsColor=%23000000&postBgColor=%23ffffff&postTextColor=%23000000&font=font-sans&textSize=text-base&buttonUsePlatformColor=true&previewCardCornerRadius=rounded-xl&shadow=shadow&cornerRadius=rounded-2xl&sliderEnabled=&showArrows=&showFilters=&socialnetwork=whatsapp&filters=eyJsYWJlbHMiOlsiYWQyZjNjYmQtM2M4ZS00OTZkLWE2OGYtNDE0Yjk4YWY1YzQxIl0sInNvY2lhbE5ldHdvcmtzIjpbXSwic3RhdHVzIjpbXSwibWVkaWFUeXBlcyI6W10sInRleHQiOltdLCJhaVJld3JpdGFibGUiOltdfQ%3D%3D\"  allowfullscreen=\"allowfullscreen\" allow=\"camera; web-share; microphone; fullscreen\" frameborder=\"0\" style=\"border: 0px; outline: none; color-scheme: normal; width: 100%; height: 100%; transform: scale(1); transform-origin: 0px 0px 0px;\"><\/iframe><\/div>\t\t\t\t<\/div>\n\t\t\t\t<\/div>\n\t\t<div class=\"elementor-element elementor-element-e7a9ca8 e-con-full e-flex e-con e-child\" data-id=\"e7a9ca8\" data-element_type=\"container\" data-e-type=\"container\" data-settings=\"{&quot;background_background&quot;:&quot;classic&quot;}\">\n\t\t\t\t<\/div>\n\t\t\t\t<\/div>\n\t\t\t\t<\/div>\n\t\t","protected":false},"excerpt":{"rendered":"<p>Opposons-nous \u00e0 l&rsquo;extr\u00eame droite : non \u00e0 un ICE europ\u00e9en \ud83d\udc9a Merci pour pour votre soutien ! Plus les gens exprimeront leur soutien, plus nos revendications seront entendues ! C&rsquo;est pourquoi il est important de demander \u00e0 vos amis de participer \u00e9galement. Diffusez notre message. \ud83d\udc47<\/p>\n","protected":false},"author":6,"featured_media":0,"parent":0,"menu_order":0,"comment_status":"closed","ping_status":"closed","template":"","meta":{"_acf_changed":false,"_seopress_robots_primary_cat":"","_seopress_titles_title":"","_seopress_titles_desc":"","_seopress_robots_index":"","footnotes":""},"class_list":["post-7318","page","type-page","status-publish","hentry"],"acf":[],"_links":{"self":[{"href":"https:\/\/act.greens-efa.eu\/fr\/wp-json\/wp\/v2\/pages\/7318","targetHints":{"allow":["GET"]}}],"collection":[{"href":"https:\/\/act.greens-efa.eu\/fr\/wp-json\/wp\/v2\/pages"}],"about":[{"href":"https:\/\/act.greens-efa.eu\/fr\/wp-json\/wp\/v2\/types\/page"}],"author":[{"embeddable":true,"href":"https:\/\/act.greens-efa.eu\/fr\/wp-json\/wp\/v2\/users\/6"}],"replies":[{"embeddable":true,"href":"https:\/\/act.greens-efa.eu\/fr\/wp-json\/wp\/v2\/comments?post=7318"}],"version-history":[{"count":5,"href":"https:\/\/act.greens-efa.eu\/fr\/wp-json\/wp\/v2\/pages\/7318\/revisions"}],"predecessor-version":[{"id":7409,"href":"https:\/\/act.greens-efa.eu\/fr\/wp-json\/wp\/v2\/pages\/7318\/revisions\/7409"}],"wp:attachment":[{"href":"https:\/\/act.greens-efa.eu\/fr\/wp-json\/wp\/v2\/media?parent=7318"}],"curies":[{"name":"wp","href":"https:\/\/api.w.org\/{rel}","templated":true}]}}