{"id":5230,"date":"2026-02-10T11:22:55","date_gmt":"2026-02-10T10:22:55","guid":{"rendered":"https:\/\/act.greens-efa.eu\/?page_id=5230"},"modified":"2026-03-11T15:19:25","modified_gmt":"2026-03-11T14:19:25","slug":"cosmetics","status":"publish","type":"page","link":"https:\/\/act.greens-efa.eu\/it\/cosmetics\/","title":{"rendered":"Cosmetics"},"content":{"rendered":"\t\t<div data-elementor-type=\"wp-page\" data-elementor-id=\"5230\" class=\"elementor elementor-5230 elementor-5066\" data-elementor-post-type=\"page\">\n\t\t\t\t<div class=\"elementor-element elementor-element-444c612d e-con-full e-flex e-con e-parent\" data-id=\"444c612d\" data-element_type=\"container\" data-e-type=\"container\" data-settings=\"{&quot;background_background&quot;:&quot;classic&quot;,&quot;sticky&quot;:&quot;top&quot;,&quot;sticky_on&quot;:[&quot;desktop&quot;,&quot;tablet&quot;,&quot;mobile&quot;],&quot;sticky_offset&quot;:0,&quot;sticky_effects_offset&quot;:0,&quot;sticky_anchor_link_offset&quot;:0}\">\n\t\t\t\t<div class=\"elementor-element elementor-element-3ca3110 elementor-widget elementor-widget-global elementor-global-5157 elementor-widget-html\" data-id=\"3ca3110\" data-element_type=\"widget\" data-e-type=\"widget\" data-widget_type=\"html.default\">\n\t\t\t\t\t<script src=\"https:\/\/app.sosha.ai\/tracker.min.js\"><\/script>\t\t\t\t<\/div>\n\t\t<div class=\"elementor-element elementor-element-7e7f42e8 e-con-full e-flex e-con e-child\" data-id=\"7e7f42e8\" data-element_type=\"container\" data-e-type=\"container\">\n\t\t\t\t<div class=\"elementor-element elementor-element-2f06e562 colored-headline-bg-yes elementor-widget elementor-widget-heading\" data-id=\"2f06e562\" data-element_type=\"widget\" data-e-type=\"widget\" data-widget_type=\"heading.default\">\n\t\t\t\t\t<h1 class=\"elementor-heading-title elementor-size-default\">Niente sostanze chimiche tossiche nei nostri cosmetici\n<\/h1>\t\t\t\t<\/div>\n\t\t\t\t<\/div>\n\t\t\t\t<\/div>\n\t\t<div class=\"elementor-element elementor-element-1dbaceb9 e-con-full e-flex e-con e-parent\" data-id=\"1dbaceb9\" data-element_type=\"container\" data-e-type=\"container\" data-settings=\"{&quot;background_background&quot;:&quot;classic&quot;}\">\n\t\t<div class=\"elementor-element elementor-element-238056a9 e-con-full hideElement e-flex elementor-invisible e-con e-child\" data-id=\"238056a9\" data-element_type=\"container\" data-e-type=\"container\" id=\"goToAction\" data-settings=\"{&quot;position&quot;:&quot;fixed&quot;,&quot;animation&quot;:&quot;fadeIn&quot;}\">\n\t\t\t\t<div class=\"elementor-element elementor-element-7c6229c7 elementor-widget__width-auto elementor-invisible elementor-widget elementor-widget-button\" data-id=\"7c6229c7\" data-element_type=\"widget\" data-e-type=\"widget\" id=\"GoToActionBtn\" data-settings=\"{&quot;_animation&quot;:&quot;rubberBand&quot;,&quot;_animation_delay&quot;:200}\" data-widget_type=\"button.default\">\n\t\t\t\t\t\t\t\t\t\t<a class=\"elementor-button elementor-button-link elementor-size-sm\" href=\"#take-action\">\n\t\t\t\t\t\t<span class=\"elementor-button-content-wrapper\">\n\t\t\t\t\t\t<span class=\"elementor-button-icon\">\n\t\t\t\t<svg aria-hidden=\"true\" class=\"e-font-icon-svg e-fas-arrow-down\" viewBox=\"0 0 448 512\" xmlns=\"http:\/\/www.w3.org\/2000\/svg\"><path d=\"M413.1 222.5l22.2 22.2c9.4 9.4 9.4 24.6 0 33.9L241 473c-9.4 9.4-24.6 9.4-33.9 0L12.7 278.6c-9.4-9.4-9.4-24.6 0-33.9l22.2-22.2c9.5-9.5 25-9.3 34.3.4L184 343.4V56c0-13.3 10.7-24 24-24h32c13.3 0 24 10.7 24 24v287.4l114.8-120.5c9.3-9.8 24.8-10 34.3-.4z\"><\/path><\/svg>\t\t\t<\/span>\n\t\t\t\t\t\t\t\t\t<span class=\"elementor-button-text\">Take action<\/span>\n\t\t\t\t\t<\/span>\n\t\t\t\t\t<\/a>\n\t\t\t\t\t\t\t\t<\/div>\n\t\t\t\t<\/div>\n\t\t<div class=\"elementor-element elementor-element-113d1e82 e-con-full elementor-hidden-mobile e-flex e-con e-child\" data-id=\"113d1e82\" data-element_type=\"container\" data-e-type=\"container\" data-settings=\"{&quot;background_background&quot;:&quot;classic&quot;}\">\n\t\t\t\t<\/div>\n\t\t<div class=\"elementor-element elementor-element-5d9bd0e6 e-con-full e-flex e-con e-child\" data-id=\"5d9bd0e6\" data-element_type=\"container\" data-e-type=\"container\" data-settings=\"{&quot;background_background&quot;:&quot;classic&quot;}\">\n\t\t<div class=\"elementor-element elementor-element-676d05fa e-con-full e-flex e-con e-child\" data-id=\"676d05fa\" data-element_type=\"container\" data-e-type=\"container\">\n\t\t\t\t<div class=\"elementor-element elementor-element-a71dc11 elementor-widget elementor-widget-text-editor\" data-id=\"a71dc11\" data-element_type=\"widget\" data-e-type=\"widget\" data-widget_type=\"text-editor.default\">\n\t\t\t\t\t\t\t\t\t<p><strong>Non importa chi\u00a0 siamo o da dove veniamo, tutti ci preoccupiamo della nostra salute e di quella delle persone che amiamo. Ecco perch\u00e9 vogliamo che i nostri cosmetici siano sicuri e privi di sostanze tossiche.<\/strong><\/p><p>Tuttavia, la Commissione Europea sta pensando di allentare le regole e vuole permettere di nuovo l&#8217;uso di sostanze chimiche tossiche nei nostri cosmetici. Ovviamente sono le grandi aziende a spingere in questa direzione, cos\u00ec da poter guadagnare di pi\u00f9.<\/p><p>La proposta della Commissione permetterebbe alle aziende di usare sostanze chimiche cancerogene e dannose per la riproduzione (le cosiddette CMR) in prodotti come rossetti, profumi e creme solari, purch\u00e8 riescano a dimostrare che non sono pericolose se entrano in contatto con la pelle.<\/p><p>Ma sappiamo tutti che \u00e8 assurdo: i profumi si respirano. Gli spray restano nell&#8217;aria. Rossetti e balsami per le labbra vengono ingeriti ogni giorno. I bambini mettono tutto in bocca.<\/p><p>Le donne incinte usano quasi venti prodotti cosmetici al giorno. Permettere l&#8217;inalazione o l&#8217;ingestione di sostanze chimiche tossiche nei cosmetici non significa semplificare, ma deregolamentare a discapito della salute umana.<\/p>\t\t\t\t\t\t\t\t<\/div>\n\t\t\t\t<div class=\"elementor-element elementor-element-106e219c elementor-widget elementor-widget-heading\" data-id=\"106e219c\" data-element_type=\"widget\" data-e-type=\"widget\" data-widget_type=\"heading.default\">\n\t\t\t\t\t<h3 class=\"elementor-heading-title elementor-size-default\">Il nostro messaggio \u00e8 semplice: niente sostanze chimiche tossiche nei nostri cosmetici.\n<\/h3>\t\t\t\t<\/div>\n\t\t\t\t<div class=\"elementor-element elementor-element-faabeb5 elementor-widget elementor-widget-text-editor\" data-id=\"faabeb5\" data-element_type=\"widget\" data-e-type=\"widget\" data-widget_type=\"text-editor.default\">\n\t\t\t\t\t\t\t\t\t<p>\u00c8 qui che entri in gioco tu. Pi\u00f9 forte sar\u00e0 la nostra opposizione a questa proposta, pi\u00f9 difficile sar\u00e0 per i membri del Parlamento europeo accettare in silenzio.<\/p><p>Come Verdi\/EFA siamo riusciti a vietare queste sostanze chimiche nei cosmetici 16 anni fa. Non permetteremo che tornino.<\/p>\t\t\t\t\t\t\t\t<\/div>\n\t\t\t\t<div class=\"elementor-element elementor-element-7aebb99 elementor-widget elementor-widget-image\" data-id=\"7aebb99\" data-element_type=\"widget\" data-e-type=\"widget\" data-widget_type=\"image.default\">\n\t\t\t\t\t\t\t\t\t\t\t\t\t\t\t<img decoding=\"async\" src=\"https:\/\/act.greens-efa.eu\/wp-content\/uploads\/elementor\/thumbs\/model-54-5-rjmit3m1e0k723uriy716r37xpfbr35ethv9coeqvc.png\" title=\"model-54\" alt=\"model-54\" loading=\"lazy\" \/>\t\t\t\t\t\t\t\t\t\t\t\t\t\t\t<\/div>\n\t\t\t\t<div class=\"elementor-element elementor-element-06d79cc elementor-widget elementor-widget-heading\" data-id=\"06d79cc\" data-element_type=\"widget\" data-e-type=\"widget\" data-widget_type=\"heading.default\">\n\t\t\t\t\t<h3 class=\"elementor-heading-title elementor-size-default\">Firma subito la nostra petizione e condividila con i tuoi amici e familiari.\n<\/h3>\t\t\t\t<\/div>\n\t\t\t\t<div class=\"elementor-element elementor-element-47e0d30 elementor-widget elementor-widget-text-editor\" data-id=\"47e0d30\" data-element_type=\"widget\" data-e-type=\"widget\" data-widget_type=\"text-editor.default\">\n\t\t\t\t\t\t\t\t\t<p>Al Parlamento europeo, noi Verdi\/EFA saremo la tua voce.<\/p>\t\t\t\t\t\t\t\t<\/div>\n\t\t\t\t<div class=\"elementor-element elementor-element-a898731 elementor-widget elementor-widget-global elementor-global-5441 elementor-widget-text-editor\" data-id=\"a898731\" data-element_type=\"widget\" data-e-type=\"widget\" data-widget_type=\"text-editor.default\">\n\t\t\t\t\t\t\t\t\t<p><strong>Saskia Bricmont \ud83c\udde7\ud83c\uddea<br \/><\/strong><strong>M\u00e9lissa Camara \ud83c\uddeb\ud83c\uddf7<br \/>Anna Cavazzini \ud83c\udde9\ud83c\uddea<br \/>Bas Eickhout \ud83c\uddf3\ud83c\uddf1<br \/>Cristina Guarda \ud83c\uddee\ud83c\uddf9<br \/>Sara Matthieu \ud83c\udde7\ud83c\uddea<br \/>Tilly Metz \ud83c\uddf1\ud83c\uddfa<br \/>Rasmus Nordqvist \ud83c\udde9\ud83c\uddf0<br \/><\/strong><strong>Maria Ohisalo \ud83c\uddeb\ud83c\uddee<br \/>Kira Marie Peter-Hansen \ud83c\udde9\ud83c\uddf0<br \/>Majdouline Sba\u00ef \ud83c\uddeb\ud83c\uddf7<br \/>Lena Schilling \ud83c\udde6\ud83c\uddf9<br \/>Marie Toussaint \ud83c\uddeb\ud83c\uddf7<\/strong><\/p>\t\t\t\t\t\t\t\t<\/div>\n\t\t<div class=\"elementor-element elementor-element-c0fc60d e-con-full e-flex e-con e-child\" data-id=\"c0fc60d\" data-element_type=\"container\" data-e-type=\"container\" data-settings=\"{&quot;background_background&quot;:&quot;classic&quot;}\">\n\t\t<div class=\"elementor-element elementor-element-1b65fe1 e-flex e-con-boxed e-con e-child\" data-id=\"1b65fe1\" data-element_type=\"container\" data-e-type=\"container\" data-settings=\"{&quot;background_background&quot;:&quot;classic&quot;}\">\n\t\t\t\t\t<div class=\"e-con-inner\">\n\t\t\t\t<div class=\"elementor-element elementor-element-321d2fd elementor-absolute elementor-widget elementor-widget-image\" data-id=\"321d2fd\" data-element_type=\"widget\" data-e-type=\"widget\" data-settings=\"{&quot;_position&quot;:&quot;absolute&quot;}\" data-widget_type=\"image.default\">\n\t\t\t\t\t\t\t\t\t\t\t\t\t\t\t<img alt=\"\" fetchpriority=\"high\" decoding=\"async\" width=\"309\" height=\"265\" src=\"https:\/\/act.greens-efa.eu\/wp-content\/uploads\/2025\/11\/faq_flag-2.svg\" class=\"attachment-full size-full wp-image-5229\" alt=\"\" \/>\t\t\t\t\t\t\t\t\t\t\t\t\t\t\t<\/div>\n\t\t\t\t<div class=\"elementor-element elementor-element-32e42dd elementor-widget elementor-widget-n-accordion\" data-id=\"32e42dd\" data-element_type=\"widget\" data-e-type=\"widget\" data-settings=\"{&quot;default_state&quot;:&quot;all_collapsed&quot;,&quot;max_items_expended&quot;:&quot;multiple&quot;,&quot;n_accordion_animation_duration&quot;:{&quot;unit&quot;:&quot;ms&quot;,&quot;size&quot;:400,&quot;sizes&quot;:[]}}\" data-widget_type=\"nested-accordion.default\">\n\t\t\t\t\t\t\t<div class=\"e-n-accordion\" aria-label=\"Accordion. Open links with Enter or Space, close with Escape, and navigate with Arrow Keys\">\n\t\t\t\t\t\t<details id=\"e-n-accordion-item-5330\" class=\"e-n-accordion-item\" >\n\t\t\t\t<summary class=\"e-n-accordion-item-title\" data-accordion-index=\"1\" tabindex=\"0\" aria-expanded=\"false\" aria-controls=\"e-n-accordion-item-5330\" >\n\t\t\t\t\t<span class='e-n-accordion-item-title-header'><h3 class=\"e-n-accordion-item-title-text\"> Cosa sono le sostanze chimiche CMR? <\/h3><\/span>\n\t\t\t\t\t\t\t<span class='e-n-accordion-item-title-icon'>\n\t\t\t<span class='e-opened' ><svg xmlns=\"http:\/\/www.w3.org\/2000\/svg\" id=\"Ebene_1\" viewBox=\"0 0 32 32\"><polygon points=\"8.9 14.6 0 14.6 0 17.4 32 17.4 32 14.6 8.9 14.6\"><\/polygon><\/svg><\/span>\n\t\t\t<span class='e-closed'><svg xmlns=\"http:\/\/www.w3.org\/2000\/svg\" id=\"Ebene_1\" viewBox=\"0 0 32 32\"><polygon points=\"32 14.6 17.4 14.6 17.4 8.9 17.4 0 14.6 0 14.6 14.6 8.9 14.6 0 14.6 0 17.4 14.6 17.4 14.6 32 17.4 32 17.4 17.4 32 17.4 32 14.6\"><\/polygon><\/svg><\/span>\n\t\t<\/span>\n\n\t\t\t\t\t\t<\/summary>\n\t\t\t\t<div role=\"region\" aria-labelledby=\"e-n-accordion-item-5330\" class=\"elementor-element elementor-element-056333b e-con-full e-flex e-con e-child\" data-id=\"056333b\" data-element_type=\"container\" data-e-type=\"container\">\n\t\t\t\t<div class=\"elementor-element elementor-element-4eff14f elementor-widget elementor-widget-text-editor\" data-id=\"4eff14f\" data-element_type=\"widget\" data-e-type=\"widget\" data-widget_type=\"text-editor.default\">\n\t\t\t\t\t\t\t\t\t<p>Le sostanze CMR sono sostanze chimiche cancerogene, mutagene e tossiche per la riproduzione. L&#8217;acronimo \u201cCMR\u201d significa che queste sostanze possono causare il cancro (cancerogene), danneggiare il materiale genetico (mutagene) o danneggiare la riproduzione e lo sviluppo fetale (tossiche per la riproduzione).<\/p>\t\t\t\t\t\t\t\t<\/div>\n\t\t\t\t<\/div>\n\t\t\t\t\t<\/details>\n\t\t\t\t\t<\/div>\n\t\t\t\t\t<script type=\"application\/ld+json\">{\"@context\":\"https:\\\/\\\/schema.org\",\"@type\":\"FAQPage\",\"mainEntity\":[{\"@type\":\"Question\",\"name\":\"Cosa sono le sostanze chimiche CMR?\",\"acceptedAnswer\":{\"@type\":\"Answer\",\"text\":\"Le sostanze CMR sono sostanze chimiche cancerogene, mutagene e tossiche per la riproduzione. L&#8217;acronimo \\u201cCMR\\u201d significa che queste sostanze possono causare il cancro (cancerogene), danneggiare il materiale genetico (mutagene) o danneggiare la riproduzione e lo sviluppo fetale (tossiche per la riproduzione).\"}}]}<\/script>\n\t\t\t\t\t\t\t<\/div>\n\t\t\t\t\t<\/div>\n\t\t\t\t<\/div>\n\t\t\t\t<div class=\"elementor-element elementor-element-4698872 elementor-widget elementor-widget-image\" data-id=\"4698872\" data-element_type=\"widget\" data-e-type=\"widget\" data-widget_type=\"image.default\">\n\t\t\t\t\t\t\t\t\t\t\t\t\t\t\t<img alt=\"\" decoding=\"async\" width=\"768\" height=\"403\" src=\"https:\/\/act.greens-efa.eu\/wp-content\/uploads\/2026\/02\/product02-5-768x403.png\" class=\"attachment-medium_large size-medium_large wp-image-6765\" alt=\"\" srcset=\"https:\/\/act.greens-efa.eu\/wp-content\/uploads\/2026\/02\/product02-5-768x403.png 768w, https:\/\/act.greens-efa.eu\/wp-content\/uploads\/2026\/02\/product02-5-300x158.png 300w, https:\/\/act.greens-efa.eu\/wp-content\/uploads\/2026\/02\/product02-5-1024x538.png 1024w, https:\/\/act.greens-efa.eu\/wp-content\/uploads\/2026\/02\/product02-5.png 1200w\" sizes=\"(max-width: 768px) 100vw, 768px\" \/>\t\t\t\t\t\t\t\t\t\t\t\t\t\t\t<\/div>\n\t\t\t\t<\/div>\n\t\t\t\t<\/div>\n\t\t\t\t<\/div>\n\t\t<div class=\"elementor-element elementor-element-7acfd861 e-con-full e-flex e-con e-child\" data-id=\"7acfd861\" data-element_type=\"container\" data-e-type=\"container\" data-settings=\"{&quot;background_background&quot;:&quot;classic&quot;}\">\n\t\t<div class=\"elementor-element elementor-element-40159a00 e-con-full e-transform e-flex e-con e-child\" data-id=\"40159a00\" data-element_type=\"container\" data-e-type=\"container\" data-settings=\"{&quot;background_background&quot;:&quot;classic&quot;,&quot;position&quot;:&quot;absolute&quot;,&quot;_transform_skewX_effect&quot;:{&quot;unit&quot;:&quot;px&quot;,&quot;size&quot;:0,&quot;sizes&quot;:[]},&quot;_transform_skewY_effect&quot;:{&quot;unit&quot;:&quot;px&quot;,&quot;size&quot;:-3.5,&quot;sizes&quot;:[]},&quot;_transform_skewX_effect_tablet&quot;:{&quot;unit&quot;:&quot;deg&quot;,&quot;size&quot;:&quot;&quot;,&quot;sizes&quot;:[]},&quot;_transform_skewX_effect_mobile&quot;:{&quot;unit&quot;:&quot;deg&quot;,&quot;size&quot;:&quot;&quot;,&quot;sizes&quot;:[]},&quot;_transform_skewY_effect_tablet&quot;:{&quot;unit&quot;:&quot;deg&quot;,&quot;size&quot;:&quot;&quot;,&quot;sizes&quot;:[]},&quot;_transform_skewY_effect_mobile&quot;:{&quot;unit&quot;:&quot;deg&quot;,&quot;size&quot;:&quot;&quot;,&quot;sizes&quot;:[]}}\">\n\t\t\t\t<\/div>\n\t\t\t\t<div class=\"elementor-element elementor-element-571129d elementor-widget elementor-widget-an-forms-counter\" data-id=\"571129d\" data-element_type=\"widget\" data-e-type=\"widget\" data-widget_type=\"an-forms-counter.default\">\n\t\t\t\t<div class=\"elementor-widget-container\">\n\t\t\t\t\t\n\t\t\t\t<div class=\"progressWrapper\" aria-label=\"Petition Stimmen Fortschritt\" role=\"img\" id=\"progress-wrapper\">\n\t\t\t\t\t<div class=\"progress-circle\">\n\t\t\t\t\t\t<svg viewBox=\"0 0 160 160\">\n\t\t\t\t\t\t\t  <defs>\n\t\t\t\t\t\t\t\t  <linearGradient id=\"progress-gradient\" x1=\"0%\" y1=\"70%\" x2=\"100%\" y2=\"0%\">\n\t\t\t\t\t\t\t\t\t\t<stop class=\"stop-color-1\" offset=\"0%\" stop-color=\"#000000\"\/>\n\t\t\t\t\t\t\t\t\t\t<stop class=\"stop-color-2\" offset=\"100%\" stop-color=\"#ff0000\"\/>\n\t\t\t\t\t\t\t\t <\/linearGradient>\n\t\t\t\t\t\t\t<\/defs>\n\t\t\t\t\t\t\t<circle class=\"bg\" cx=\"80\" cy=\"80\" r=\"70\"><\/circle>\n\t\t\t\t\t\t\t<circle class=\"progress\" cx=\"80\" cy=\"80\" r=\"70\" stroke=\"url(#progress-gradient)\"><\/circle>\n\t\t\t\t\t\t\t<circle class=\"front\" cx=\"80\" cy=\"80\" r=\"61\"><\/circle>\n\t\t\t\t\t\t <\/svg>\n\t\t\t\t\t\t <div class=\"progress-text\" aria-live=\"polite\" aria-atomic=\"true\">\n\t\t\t\t\t\t\t <div class=\"number\" id=\"vote-count\"><\/div>\n\t\t\t\t\t\t\t<div class=\"label\" id=\"vote-label\"><\/div>\n\t\t\t\t\t\t<\/div>\n\t\t\t\t\t  <\/div>\n\t\t\t\t\t <canvas id=\"confetti-canvas\"><\/canvas>\n\t\t\t\t<\/div>\n\t\t\t\t<script src=\"https:\/\/act.greens-efa.eu\/wp-content\/themes\/greensefa\/js\/confetti.browser.min.js\"><\/script>\n\t\t\t\t<script>\n\t\t\t\tjQuery(window).on(\"elementor\/frontend\/init\", () => {\n\t\t\t\t  elementorFrontend.hooks.addAction(\"frontend\/element_ready\/an-forms-counter.default\", ($scope) => {\n\t\t\t\t\t  const requiredVotes = 15000;\n\t\t\t\t\t  const currentVotes = 13503;\n\n\t\t\t\t\t  const progressCircle = document.querySelector(\".progress\");\n\t\t\t\t\t  const voteCount = document.getElementById(\"vote-count\");\n\t\t\t\t\t  const voteLabel = document.getElementById(\"vote-label\");\n\t\t\t\t\t  const progressWrapper = document.getElementById(\"progress-wrapper\");\n\t\t\t\t\t  const confettiCanvas = document.getElementById(\"confetti-canvas\");\n\n\t\t\t\t\t  if (!progressCircle || !voteCount || !voteLabel || !progressWrapper || !confettiCanvas) {\n\t\t\t\t\t\t  return;\n\t\t\t\t\t  }\n\n\t\t\t\t\t  const radius = 70;\n\t\t\t\t\t  const circumference = 2 * Math.PI * radius;\n\n\t\t\t\t\t  const progressPercent = Math.min(currentVotes \/ requiredVotes, 1);\n\t\t\t\t\t  const offset = circumference * (1 - progressPercent);\n\n\t\t\t\t\t  progressCircle.style.strokeDasharray = circumference;\n\t\t\t\t\t  progressCircle.style.strokeDashoffset = circumference;\n\n\t\t\t\t\t  voteCount.innerHTML = `<div class=\"currentVotes\">${currentVotes.toLocaleString()}<\/div><div class=\"requiredVotes\">\/ ${requiredVotes.toLocaleString()}<\/div>`;\n\t\t\t\t\t  voteLabel.innerHTML = \"<em>firme<\/em>\";\n\n\t\t\t\t\t  const confettiInstance = confetti.create(confettiCanvas, { resize: true, useWorker: true });\n\n\t\t\t\t\t  function getProgressCenterInContainer() {\n\t\t\t\t\t\t const containerRect = progressWrapper.getBoundingClientRect();\n\t\t\t\t\t\t return {\n\t\t\t\t\t\t\tx: containerRect.width \/ 2,\n\t\t\t\t\t\t\ty: containerRect.height \/ 2\n\t\t\t\t\t\t };\n\t\t\t\t\t  }\n\n\t\t\t\t\t  const observer = new IntersectionObserver(\n\t\t\t\t\t\t entries => {\n\t\t\t\t\t\t\tentries.forEach(entry => {\n\t\t\t\t\t\t\t  if (entry.isIntersecting) {\n\t\t\t\t\t\t\t\t progressCircle.style.strokeDashoffset = offset;\n\n\t\t\t\t\t\t\t\t if (progressPercent === 1) {\n\t\t\t\t\t\t\t\t\tsetTimeout(() => {\n\t\t\t\t\t\t\t\t\t  launchSubtleFireworks();\n\t\t\t\t\t\t\t\t\t}, 1600);\n\t\t\t\t\t\t\t\t }\n\n\t\t\t\t\t\t\t\t observer.unobserve(entry.target);\n\t\t\t\t\t\t\t  }\n\t\t\t\t\t\t\t});\n\t\t\t\t\t\t },\n\t\t\t\t\t\t { threshold: 0.5 }\n\t\t\t\t\t  );\n\t\t\t\t\t  setTimeout(() => {\n\t\t\t\t\t\t  observer.observe(progressCircle);\n\t\t\t\t\t  }, 1000);\n\n\t\t\t\t\t  function launchSubtleFireworks() {\n\t\t\t\t\t\t const containerRect = progressWrapper.getBoundingClientRect();\n\t\t\t\t\t\t const center = getProgressCenterInContainer();\n\t\t\t\t\t\t const duration = 2500;\n\t\t\t\t\t\t const animationEnd = Date.now() + duration;\n\n\t\t\t\t\t\t const defaults = {\n\t\t\t\t\t\t\tstartVelocity: 30,\n\t\t\t\t\t\t\tspread: 50,\n\t\t\t\t\t\t\tticks: 90,\n\t\t\t\t\t\t\tgravity: 1.6,\n\t\t\t\t\t\t\tdrift: 0.15,\n\t\t\t\t\t\t\tdecay: 0.9,\n\t\t\t\t\t\t\tscalar: 0.8,\n\t\t\t\t\t\t\tzIndex: 9999\n\t\t\t\t\t\t };\n\n\t\t\t\t\t\t (function frame() {\n\t\t\t\t\t\t\tconst timeLeft = animationEnd - Date.now();\n\t\t\t\t\t\t\tif (timeLeft <= 0) return;\n\n\t\t\t\t\t\t\tconst particleCount = 6 * (timeLeft \/ duration);\n\n\t\t\t\t\t\t\tfor (let i = 0; i < 3; i++) {\n\t\t\t\t\t\t\t  const angle = Math.random() * 2 * Math.PI;\n\t\t\t\t\t\t\t  const distance = 75 + (Math.random() * 15 - 7.5);\n\t\t\t\t\t\t\t  const x = center.x + distance * Math.cos(angle);\n\t\t\t\t\t\t\t  const y = center.y + distance * Math.sin(angle);\n\n\t\t\t\t\t\t\t  confettiInstance(Object.assign({}, defaults, {\n\t\t\t\t\t\t\t\t particleCount,\n\t\t\t\t\t\t\t\t origin: {\n\t\t\t\t\t\t\t\t\tx: x \/ containerRect.width,\n\t\t\t\t\t\t\t\t\ty: y \/ containerRect.height\n\t\t\t\t\t\t\t\t },\n\t\t\t\t\t\t\t\t colors: [\"#a3e635\", \"#bef264\", \"#4ade80\", \"#22c55e\", \"#16a34a\"]\n\t\t\t\t\t\t\t  }));\n\t\t\t\t\t\t\t}\n\t\t\t\t\t\t\trequestAnimationFrame(frame);\n\t\t\t\t\t\t })();\n\t\t\t\t\t  }\n\t\t\t\t  });\n\t\t\t\t});\n\t\t\t\t<\/script>\n\t\t\t\t\t\t\t<\/div>\n\t\t\t\t<\/div>\n\t\t\t\t<div class=\"elementor-element elementor-element-1f073afd elementor-widget elementor-widget-heading\" data-id=\"1f073afd\" data-element_type=\"widget\" data-e-type=\"widget\" id=\"take-action\" data-widget_type=\"heading.default\">\n\t\t\t\t\t<h3 class=\"elementor-heading-title elementor-size-default\">Firma la petizione qui \ud83d\udc47<\/h3>\t\t\t\t<\/div>\n\t\t\t\t<div class=\"elementor-element elementor-element-21253784 elementor-widget elementor-widget-an-forms\" data-id=\"21253784\" data-element_type=\"widget\" data-e-type=\"widget\" data-widget_type=\"an-forms.default\">\n\t\t\t\t<div class=\"elementor-widget-container\">\n\t\t\t\t\t<div id=\"form2063625779\"><script src='https:\/\/actionnetwork.org\/widgets\/v6\/form\/cosmetics-it?format=js&source=website&style=full'><\/script><div id='can-form-area-cosmetics-it' style='width: 100%'><!-- this div is the target for our HTML insertion --><\/div><\/div><script>\n\t\t\t(function ( $ ) {\n\t\t\t\t$(document).on(\"can_embed_loaded\", function(e) {\n\t\t\t\t\tsetTimeout( function(){\n\t\t\t\t\t\tvar $form2063625779 = $(\"#form2063625779\");\n\t\t\t\t\t\tvar $redirect = \"https:\/\/act.greens-efa.eu\/it\/cosmetics-thank-you\/\";\n\n\t\t\t\t\t\tif ( $redirect !== \"\" ) {\n\t\t\t\t\t\t\t$form2063625779.find(\"#redirect\").remove();\n\t\t\t\t\t\t\t$form2063625779.find(\"form\").prepend(\n\t\t\t\t\t\t\t\t'<input id=\"redirect\" name=\"redirect\" type=\"hidden\" value=\"' + $redirect + '\" \/>'\n\t\t\t\t\t\t\t);\n\t\t\t\t\t\t}\n\t\t\t\t\t}, 100);\n\t\t\t\t});\n\t\t\t})( jQuery );\n\t\t<\/script>\t\t\t\t<\/div>\n\t\t\t\t<\/div>\n\t\t\t\t<\/div>\n\t\t<div class=\"elementor-element elementor-element-d0fb54d e-con-full e-flex e-con e-child\" data-id=\"d0fb54d\" data-element_type=\"container\" data-e-type=\"container\" data-settings=\"{&quot;background_background&quot;:&quot;classic&quot;}\">\n\t\t\t\t<\/div>\n\t\t\t\t<\/div>\n\t\t\t\t<\/div>\n\t\t","protected":false},"excerpt":{"rendered":"<p>Niente sostanze chimiche tossiche nei nostri cosmetici Take action Non importa chi\u00a0 siamo o da dove veniamo, tutti ci preoccupiamo della nostra salute e di quella delle persone che amiamo. Ecco perch\u00e9 vogliamo che i nostri cosmetici siano sicuri e privi di sostanze tossiche. Tuttavia, la Commissione Europea sta pensando di allentare le regole e [&hellip;]<\/p>\n","protected":false},"author":6,"featured_media":6611,"parent":0,"menu_order":0,"comment_status":"closed","ping_status":"closed","template":"","meta":{"_acf_changed":false,"_seopress_robots_primary_cat":"","_seopress_titles_title":"","_seopress_titles_desc":"","_seopress_robots_index":"","footnotes":""},"class_list":["post-5230","page","type-page","status-publish","has-post-thumbnail","hentry"],"acf":[],"_links":{"self":[{"href":"https:\/\/act.greens-efa.eu\/it\/wp-json\/wp\/v2\/pages\/5230","targetHints":{"allow":["GET"]}}],"collection":[{"href":"https:\/\/act.greens-efa.eu\/it\/wp-json\/wp\/v2\/pages"}],"about":[{"href":"https:\/\/act.greens-efa.eu\/it\/wp-json\/wp\/v2\/types\/page"}],"author":[{"embeddable":true,"href":"https:\/\/act.greens-efa.eu\/it\/wp-json\/wp\/v2\/users\/6"}],"replies":[{"embeddable":true,"href":"https:\/\/act.greens-efa.eu\/it\/wp-json\/wp\/v2\/comments?post=5230"}],"version-history":[{"count":43,"href":"https:\/\/act.greens-efa.eu\/it\/wp-json\/wp\/v2\/pages\/5230\/revisions"}],"predecessor-version":[{"id":7256,"href":"https:\/\/act.greens-efa.eu\/it\/wp-json\/wp\/v2\/pages\/5230\/revisions\/7256"}],"wp:featuredmedia":[{"embeddable":true,"href":"https:\/\/act.greens-efa.eu\/it\/wp-json\/wp\/v2\/media\/6611"}],"wp:attachment":[{"href":"https:\/\/act.greens-efa.eu\/it\/wp-json\/wp\/v2\/media?parent=5230"}],"curies":[{"name":"wp","href":"https:\/\/api.w.org\/{rel}","templated":true}]}}