{"id":7383,"date":"2026-03-16T15:06:11","date_gmt":"2026-03-16T14:06:11","guid":{"rendered":"https:\/\/act.greens-efa.eu\/?page_id=7383"},"modified":"2026-03-25T22:32:31","modified_gmt":"2026-03-25T21:32:31","slug":"no-eu-ice","status":"publish","type":"page","link":"https:\/\/act.greens-efa.eu\/nl\/no-eu-ice\/","title":{"rendered":"Wij zeggen nee tegen extreemrechts: geen Europese ICE"},"content":{"rendered":"\t\t<div data-elementor-type=\"wp-page\" data-elementor-id=\"7383\" class=\"elementor elementor-7383 elementor-7292\" data-elementor-post-type=\"page\">\n\t\t\t\t<div class=\"elementor-element elementor-element-444c612d e-con-full e-flex e-con e-parent\" data-id=\"444c612d\" data-element_type=\"container\" data-e-type=\"container\" data-settings=\"{&quot;background_background&quot;:&quot;classic&quot;,&quot;sticky&quot;:&quot;top&quot;,&quot;sticky_on&quot;:[&quot;desktop&quot;,&quot;tablet&quot;,&quot;mobile&quot;],&quot;sticky_offset&quot;:0,&quot;sticky_effects_offset&quot;:0,&quot;sticky_anchor_link_offset&quot;:0}\">\n\t\t\t\t<div class=\"elementor-element elementor-element-3ca3110 elementor-widget elementor-widget-global elementor-global-5157 elementor-widget-html\" data-id=\"3ca3110\" data-element_type=\"widget\" data-e-type=\"widget\" data-widget_type=\"html.default\">\n\t\t\t\t\t<script src=\"https:\/\/app.sosha.ai\/tracker.min.js\"><\/script>\t\t\t\t<\/div>\n\t\t<div class=\"elementor-element elementor-element-7e7f42e8 e-con-full e-flex e-con e-child\" data-id=\"7e7f42e8\" data-element_type=\"container\" data-e-type=\"container\">\n\t\t\t\t<div class=\"elementor-element elementor-element-2f06e562 colored-headline-bg-yes elementor-widget elementor-widget-heading\" data-id=\"2f06e562\" data-element_type=\"widget\" data-e-type=\"widget\" data-widget_type=\"heading.default\">\n\t\t\t\t\t<h1 class=\"elementor-heading-title elementor-size-default\">Wij zeggen nee tegen extreemrechts: geen Europese ICE<\/h1>\t\t\t\t<\/div>\n\t\t\t\t<\/div>\n\t\t\t\t<\/div>\n\t\t<div class=\"elementor-element elementor-element-1dbaceb9 e-con-full e-flex e-con e-parent\" data-id=\"1dbaceb9\" data-element_type=\"container\" data-e-type=\"container\" data-settings=\"{&quot;background_background&quot;:&quot;classic&quot;}\">\n\t\t<div class=\"elementor-element elementor-element-238056a9 e-con-full hideElement e-flex elementor-invisible e-con e-child\" data-id=\"238056a9\" data-element_type=\"container\" data-e-type=\"container\" id=\"goToAction\" data-settings=\"{&quot;position&quot;:&quot;fixed&quot;,&quot;animation&quot;:&quot;fadeIn&quot;}\">\n\t\t\t\t<div class=\"elementor-element elementor-element-7c6229c7 elementor-widget__width-auto elementor-invisible elementor-widget elementor-widget-button\" data-id=\"7c6229c7\" data-element_type=\"widget\" data-e-type=\"widget\" id=\"GoToActionBtn\" data-settings=\"{&quot;_animation&quot;:&quot;rubberBand&quot;,&quot;_animation_delay&quot;:200}\" data-widget_type=\"button.default\">\n\t\t\t\t\t\t\t\t\t\t<a class=\"elementor-button elementor-button-link elementor-size-sm\" href=\"#take-action\">\n\t\t\t\t\t\t<span class=\"elementor-button-content-wrapper\">\n\t\t\t\t\t\t<span class=\"elementor-button-icon\">\n\t\t\t\t<svg aria-hidden=\"true\" class=\"e-font-icon-svg e-fas-arrow-down\" viewBox=\"0 0 448 512\" xmlns=\"http:\/\/www.w3.org\/2000\/svg\"><path d=\"M413.1 222.5l22.2 22.2c9.4 9.4 9.4 24.6 0 33.9L241 473c-9.4 9.4-24.6 9.4-33.9 0L12.7 278.6c-9.4-9.4-9.4-24.6 0-33.9l22.2-22.2c9.5-9.5 25-9.3 34.3.4L184 343.4V56c0-13.3 10.7-24 24-24h32c13.3 0 24 10.7 24 24v287.4l114.8-120.5c9.3-9.8 24.8-10 34.3-.4z\"><\/path><\/svg>\t\t\t<\/span>\n\t\t\t\t\t\t\t\t\t<span class=\"elementor-button-text\">Take action<\/span>\n\t\t\t\t\t<\/span>\n\t\t\t\t\t<\/a>\n\t\t\t\t\t\t\t\t<\/div>\n\t\t\t\t<\/div>\n\t\t<div class=\"elementor-element elementor-element-113d1e82 e-con-full elementor-hidden-mobile e-flex e-con e-child\" data-id=\"113d1e82\" data-element_type=\"container\" data-e-type=\"container\" data-settings=\"{&quot;background_background&quot;:&quot;classic&quot;}\">\n\t\t\t\t<\/div>\n\t\t<div class=\"elementor-element elementor-element-5d9bd0e6 e-con-full e-flex e-con e-child\" data-id=\"5d9bd0e6\" data-element_type=\"container\" data-e-type=\"container\" data-settings=\"{&quot;background_background&quot;:&quot;classic&quot;}\">\n\t\t<div class=\"elementor-element elementor-element-676d05fa e-con-full e-flex e-con e-child\" data-id=\"676d05fa\" data-element_type=\"container\" data-e-type=\"container\">\n\t\t\t\t<div class=\"elementor-element elementor-element-a71dc11 elementor-widget elementor-widget-text-editor\" data-id=\"a71dc11\" data-element_type=\"widget\" data-e-type=\"widget\" data-widget_type=\"text-editor.default\">\n\t\t\t\t\t\t\t\t\t<p>Of we nu in Europa geboren zijn of hierheen kwamen om oorlog te ontvluchten of een beter leven voor onze gezinnen op te bouwen, we doen er alles aan om onze dierbaren te beschermen.<\/p>\n<p>Maar rechtse bangmakers maken mensen tot zondebok. Mensen die hard werken om bij te dragen aan onze samenleving of die veiligheid zoeken voor zichzelf en hun gezinnen. Ze worden gebruikt om angst en verdeeldheid te zaaien en om de aandacht af te leiden van de echte problemen waar we allemaal mee te maken hebben.<\/p>\n<p>Extreemrechts zet nu een volgende stap en wil ICE-achtige uitzettingen in Europa invoeren, inclusief het opsluiten van kinderen en het deporteren van mensen naar kampen buiten Europa.<\/p>\t\t\t\t\t\t\t\t<\/div>\n\t\t\t\t<div class=\"elementor-element elementor-element-106e219c elementor-widget elementor-widget-heading\" data-id=\"106e219c\" data-element_type=\"widget\" data-e-type=\"widget\" data-widget_type=\"heading.default\">\n\t\t\t\t\t<h3 class=\"elementor-heading-title elementor-size-default\">Voor hen is wat er in de VS gebeurt een doel in plaats van een nachtmerrie.\n<\/h3>\t\t\t\t<\/div>\n\t\t\t\t<div class=\"elementor-element elementor-element-faabeb5 elementor-widget elementor-widget-text-editor\" data-id=\"faabeb5\" data-element_type=\"widget\" data-e-type=\"widget\" data-widget_type=\"text-editor.default\">\n\t\t\t\t\t\t\t\t\t<p>En het ergste is: de christendemocratische EVP-fractie in het Europees Parlement &#8211; waar het CDA en CD&amp;V lid van zijn\u00a0&#8211; is betrapt in geheime WhatsApp-groepen. Daar werken ze samen met extreemrechts om dit te bereiken. Ook Europarlementari\u00ebrs van andere fracties lijken hier geen probleem mee te hebben.<\/p>\t\t\t\t\t\t\t\t<\/div>\n\t\t\t\t<div class=\"elementor-element elementor-element-06d79cc elementor-widget elementor-widget-heading\" data-id=\"06d79cc\" data-element_type=\"widget\" data-e-type=\"widget\" data-widget_type=\"heading.default\">\n\t\t\t\t\t<h3 class=\"elementor-heading-title elementor-size-default\">We moeten ze hierop aanspreken om dit te stoppen. Geen ICE in de Europese Unie.\n<\/h3>\t\t\t\t<\/div>\n\t\t\t\t<div class=\"elementor-element elementor-element-47e0d30 elementor-widget elementor-widget-text-editor\" data-id=\"47e0d30\" data-element_type=\"widget\" data-e-type=\"widget\" data-widget_type=\"text-editor.default\">\n\t\t\t\t\t\t\t\t\t<p>We weten dat de meerderheid van de Europeanen dit niet wil. In Europa beschermen we de rechten van mensen, waar ze ook vandaan komen. Wij Europeanen zorgen voor elkaar. We bouwen samen aan een gemeenschap, we koesteren onze zwaarbevochten vrijheden, we dragen allemaal bij aan de samenleving.<\/p>\n<p>Het is tijd dat de stille meerderheid zich laat horen. Zeg tegen de leden van het Europees Parlement:\u00a0 stop met dezeonheilige alliantie van haat en verdeeldheid met extreemrechts, dat zo dol is op Trump.<\/p>\n<p>We hebben een tool gemaakt waarmee je ze met een paar klikken een simpel e-mailtje kunt sturen.<\/p>\t\t\t\t\t\t\t\t<\/div>\n\t\t\t\t<div class=\"elementor-element elementor-element-8bca39f elementor-widget elementor-widget-global elementor-global-7364 elementor-widget-text-editor\" data-id=\"8bca39f\" data-element_type=\"widget\" data-e-type=\"widget\" data-widget_type=\"text-editor.default\">\n\t\t\t\t\t\t\t\t\t<p><strong>Jaume Asens<\/strong> \ud83c\uddea\ud83c\uddf8<br \/><strong>Saskia Bricmont \ud83c\udde7\ud83c\uddea<br \/><\/strong><strong>M\u00e9lissa Camara \ud83c\uddeb\ud83c\uddf7<br \/>Cristina Guarda \ud83c\uddee\ud83c\uddf9<br \/>Erik Marquardt \ud83c\udde9\ud83c\uddea<br \/>Maria Ohisalo \ud83c\uddeb\ud83c\uddee<br \/>Leoluca Orlando \ud83c\uddee\ud83c\uddf9<br \/>Tineke Strik \ud83c\uddf3\ud83c\uddf1<\/strong><strong><br \/>Lena Schilling \ud83c\udde6\ud83c\uddf9<br \/>Anna Strolenberg \ud83c\uddf3\ud83c\uddf1<\/strong><\/p>\t\t\t\t\t\t\t\t<\/div>\n\t\t<div class=\"elementor-element elementor-element-c0fc60d e-con-full e-flex e-con e-child\" data-id=\"c0fc60d\" data-element_type=\"container\" data-e-type=\"container\" data-settings=\"{&quot;background_background&quot;:&quot;classic&quot;}\">\n\t\t<div class=\"elementor-element elementor-element-1b65fe1 e-flex e-con-boxed e-con e-child\" data-id=\"1b65fe1\" data-element_type=\"container\" data-e-type=\"container\" data-settings=\"{&quot;background_background&quot;:&quot;classic&quot;}\">\n\t\t\t\t\t<div class=\"e-con-inner\">\n\t\t\t\t<div class=\"elementor-element elementor-element-321d2fd elementor-absolute elementor-widget elementor-widget-image\" data-id=\"321d2fd\" data-element_type=\"widget\" data-e-type=\"widget\" data-settings=\"{&quot;_position&quot;:&quot;absolute&quot;}\" data-widget_type=\"image.default\">\n\t\t\t\t\t\t\t\t\t\t\t\t\t\t\t<img alt=\"\" fetchpriority=\"high\" decoding=\"async\" width=\"309\" height=\"265\" src=\"https:\/\/act.greens-efa.eu\/wp-content\/uploads\/2025\/11\/faq_flag-2.svg\" class=\"attachment-full size-full wp-image-4555\" alt=\"\" \/>\t\t\t\t\t\t\t\t\t\t\t\t\t\t\t<\/div>\n\t\t\t\t<div class=\"elementor-element elementor-element-32e42dd elementor-widget elementor-widget-n-accordion\" data-id=\"32e42dd\" data-element_type=\"widget\" data-e-type=\"widget\" data-settings=\"{&quot;default_state&quot;:&quot;all_collapsed&quot;,&quot;max_items_expended&quot;:&quot;multiple&quot;,&quot;n_accordion_animation_duration&quot;:{&quot;unit&quot;:&quot;ms&quot;,&quot;size&quot;:400,&quot;sizes&quot;:[]}}\" data-widget_type=\"nested-accordion.default\">\n\t\t\t\t\t\t\t<div class=\"e-n-accordion\" aria-label=\"Accordion. Open links with Enter or Space, close with Escape, and navigate with Arrow Keys\">\n\t\t\t\t\t\t<details id=\"e-n-accordion-item-5330\" class=\"e-n-accordion-item\" >\n\t\t\t\t<summary class=\"e-n-accordion-item-title\" data-accordion-index=\"1\" tabindex=\"0\" aria-expanded=\"false\" aria-controls=\"e-n-accordion-item-5330\" >\n\t\t\t\t\t<span class='e-n-accordion-item-title-header'><h3 class=\"e-n-accordion-item-title-text\"> Wat zijn ICE-style uitzettingen? <\/h3><\/span>\n\t\t\t\t\t\t\t<span class='e-n-accordion-item-title-icon'>\n\t\t\t<span class='e-opened' ><svg xmlns=\"http:\/\/www.w3.org\/2000\/svg\" id=\"Ebene_1\" viewBox=\"0 0 32 32\"><polygon points=\"8.9 14.6 0 14.6 0 17.4 32 17.4 32 14.6 8.9 14.6\"><\/polygon><\/svg><\/span>\n\t\t\t<span class='e-closed'><svg xmlns=\"http:\/\/www.w3.org\/2000\/svg\" id=\"Ebene_1\" viewBox=\"0 0 32 32\"><polygon points=\"32 14.6 17.4 14.6 17.4 8.9 17.4 0 14.6 0 14.6 14.6 8.9 14.6 0 14.6 0 17.4 14.6 17.4 14.6 32 17.4 32 17.4 17.4 32 17.4 32 14.6\"><\/polygon><\/svg><\/span>\n\t\t<\/span>\n\n\t\t\t\t\t\t<\/summary>\n\t\t\t\t<div role=\"region\" aria-labelledby=\"e-n-accordion-item-5330\" class=\"elementor-element elementor-element-056333b e-con-full e-flex e-con e-child\" data-id=\"056333b\" data-element_type=\"container\" data-e-type=\"container\">\n\t\t\t\t<div class=\"elementor-element elementor-element-4eff14f elementor-widget elementor-widget-text-editor\" data-id=\"4eff14f\" data-element_type=\"widget\" data-e-type=\"widget\" data-widget_type=\"text-editor.default\">\n\t\t\t\t\t\t\t\t\t<p>Op donderdag 26 maart stemt het Europees Parlement over de EU-terugkeerverordening, die zeer problematische bepalingen bevat, waaronder de mogelijke verplichting om een EU-lidstaat onmiddellijk te verlaten (deportatie), levenslange inreisverboden en detentie voor onbepaalde tijd zonder serieuze juridische gronden, terugkeerhubs, ook voor gezinnen met kinderen, administratieve detentie van kinderen, strenge sancties in gevallen van zogenaamde niet-medewerking, verzwakking van procedurele rechten, enz. Een grote stap weg van het eerlijke, humane en effici\u00ebnte migratiesysteem waar we om vragen.<\/p>\t\t\t\t\t\t\t\t<\/div>\n\t\t\t\t<\/div>\n\t\t\t\t\t<\/details>\n\t\t\t\t\t\t<details id=\"e-n-accordion-item-5331\" class=\"e-n-accordion-item\" >\n\t\t\t\t<summary class=\"e-n-accordion-item-title\" data-accordion-index=\"2\" tabindex=\"-1\" aria-expanded=\"false\" aria-controls=\"e-n-accordion-item-5331\" >\n\t\t\t\t\t<span class='e-n-accordion-item-title-header'><h3 class=\"e-n-accordion-item-title-text\"> Hoe werkte de EVP samen met extreemrechts? <\/h3><\/span>\n\t\t\t\t\t\t\t<span class='e-n-accordion-item-title-icon'>\n\t\t\t<span class='e-opened' ><svg xmlns=\"http:\/\/www.w3.org\/2000\/svg\" id=\"Ebene_1\" viewBox=\"0 0 32 32\"><polygon points=\"8.9 14.6 0 14.6 0 17.4 32 17.4 32 14.6 8.9 14.6\"><\/polygon><\/svg><\/span>\n\t\t\t<span class='e-closed'><svg xmlns=\"http:\/\/www.w3.org\/2000\/svg\" id=\"Ebene_1\" viewBox=\"0 0 32 32\"><polygon points=\"32 14.6 17.4 14.6 17.4 8.9 17.4 0 14.6 0 14.6 14.6 8.9 14.6 0 14.6 0 17.4 14.6 17.4 14.6 32 17.4 32 17.4 17.4 32 17.4 32 14.6\"><\/polygon><\/svg><\/span>\n\t\t<\/span>\n\n\t\t\t\t\t\t<\/summary>\n\t\t\t\t<div role=\"region\" aria-labelledby=\"e-n-accordion-item-5331\" class=\"elementor-element elementor-element-f877689 e-flex e-con-boxed e-con e-child\" data-id=\"f877689\" data-element_type=\"container\" data-e-type=\"container\">\n\t\t\t\t\t<div class=\"e-con-inner\">\n\t\t\t\t<div class=\"elementor-element elementor-element-b080025 elementor-widget elementor-widget-text-editor\" data-id=\"b080025\" data-element_type=\"widget\" data-e-type=\"widget\" data-widget_type=\"text-editor.default\">\n\t\t\t\t\t\t\t\t\t<p>Het Duitse persbureau DPA <a href=\"http:\/\/www.trouw.nl\/columnisten\/christendemocraten-zeggen-in-eigen-land-het-een-en-doen-in-europa-het-tegenovergestelde~b7e259dd\/\">onthulde<\/a> dat EVP-medewerkers in het geheim amendementen op deze wetgeving hebben geco\u00f6rdineerd in WhatsApp-groepen en tijdens bijeenkomsten met extreemrechtse Europarlementari\u00ebrs van ECR, PfE en ESN. EVP-fractieleider Manfred Weber heeft altijd ontkend dat deze co\u00f6rdinatie plaatsvond.<\/p>\t\t\t\t\t\t\t\t<\/div>\n\t\t\t\t\t<\/div>\n\t\t\t\t<\/div>\n\t\t\t\t\t<\/details>\n\t\t\t\t\t<\/div>\n\t\t\t\t\t<script type=\"application\/ld+json\">{\"@context\":\"https:\\\/\\\/schema.org\",\"@type\":\"FAQPage\",\"mainEntity\":[{\"@type\":\"Question\",\"name\":\"Wat zijn ICE-style uitzettingen?\",\"acceptedAnswer\":{\"@type\":\"Answer\",\"text\":\"Op donderdag 26 maart stemt het Europees Parlement over de EU-terugkeerverordening, die zeer problematische bepalingen bevat, waaronder de mogelijke verplichting om een EU-lidstaat onmiddellijk te verlaten (deportatie), levenslange inreisverboden en detentie voor onbepaalde tijd zonder serieuze juridische gronden, terugkeerhubs, ook voor gezinnen met kinderen, administratieve detentie van kinderen, strenge sancties in gevallen van zogenaamde niet-medewerking, verzwakking van procedurele rechten, enz. Een grote stap weg van het eerlijke, humane en effici\\u00ebnte migratiesysteem waar we om vragen.\"}},{\"@type\":\"Question\",\"name\":\"Hoe werkte de EVP samen met extreemrechts?\",\"acceptedAnswer\":{\"@type\":\"Answer\",\"text\":\"Het Duitse persbureau DPA onthulde dat EVP-medewerkers in het geheim amendementen op deze wetgeving hebben geco\\u00f6rdineerd in WhatsApp-groepen en tijdens bijeenkomsten met extreemrechtse Europarlementari\\u00ebrs van ECR, PfE en ESN. EVP-fractieleider Manfred Weber heeft altijd ontkend dat deze co\\u00f6rdinatie plaatsvond.\"}}]}<\/script>\n\t\t\t\t\t\t\t<\/div>\n\t\t\t\t\t<\/div>\n\t\t\t\t<\/div>\n\t\t\t\t<\/div>\n\t\t\t\t<\/div>\n\t\t\t\t<\/div>\n\t\t<div class=\"elementor-element elementor-element-7acfd861 e-con-full e-flex e-con e-child\" data-id=\"7acfd861\" data-element_type=\"container\" data-e-type=\"container\" data-settings=\"{&quot;background_background&quot;:&quot;classic&quot;}\">\n\t\t<div class=\"elementor-element elementor-element-40159a00 e-con-full e-transform e-flex e-con e-child\" data-id=\"40159a00\" data-element_type=\"container\" data-e-type=\"container\" data-settings=\"{&quot;background_background&quot;:&quot;classic&quot;,&quot;position&quot;:&quot;absolute&quot;,&quot;_transform_skewX_effect&quot;:{&quot;unit&quot;:&quot;px&quot;,&quot;size&quot;:0,&quot;sizes&quot;:[]},&quot;_transform_skewY_effect&quot;:{&quot;unit&quot;:&quot;px&quot;,&quot;size&quot;:-3.5,&quot;sizes&quot;:[]},&quot;_transform_skewX_effect_tablet&quot;:{&quot;unit&quot;:&quot;deg&quot;,&quot;size&quot;:&quot;&quot;,&quot;sizes&quot;:[]},&quot;_transform_skewX_effect_mobile&quot;:{&quot;unit&quot;:&quot;deg&quot;,&quot;size&quot;:&quot;&quot;,&quot;sizes&quot;:[]},&quot;_transform_skewY_effect_tablet&quot;:{&quot;unit&quot;:&quot;deg&quot;,&quot;size&quot;:&quot;&quot;,&quot;sizes&quot;:[]},&quot;_transform_skewY_effect_mobile&quot;:{&quot;unit&quot;:&quot;deg&quot;,&quot;size&quot;:&quot;&quot;,&quot;sizes&quot;:[]}}\">\n\t\t\t\t<\/div>\n\t\t\t\t<div class=\"elementor-element elementor-element-571129d elementor-widget elementor-widget-an-forms-counter\" data-id=\"571129d\" data-element_type=\"widget\" data-e-type=\"widget\" data-widget_type=\"an-forms-counter.default\">\n\t\t\t\t<div class=\"elementor-widget-container\">\n\t\t\t\t\t\n\t\t\t\t<div class=\"progressWrapper\" aria-label=\"Petition Stimmen Fortschritt\" role=\"img\" id=\"progress-wrapper\">\n\t\t\t\t\t<div class=\"progress-circle\">\n\t\t\t\t\t\t<svg viewBox=\"0 0 160 160\">\n\t\t\t\t\t\t\t  <defs>\n\t\t\t\t\t\t\t\t  <linearGradient id=\"progress-gradient\" x1=\"0%\" y1=\"70%\" x2=\"100%\" y2=\"0%\">\n\t\t\t\t\t\t\t\t\t\t<stop class=\"stop-color-1\" offset=\"0%\" stop-color=\"#000000\"\/>\n\t\t\t\t\t\t\t\t\t\t<stop class=\"stop-color-2\" offset=\"100%\" stop-color=\"#ff0000\"\/>\n\t\t\t\t\t\t\t\t <\/linearGradient>\n\t\t\t\t\t\t\t<\/defs>\n\t\t\t\t\t\t\t<circle class=\"bg\" cx=\"80\" cy=\"80\" r=\"70\"><\/circle>\n\t\t\t\t\t\t\t<circle class=\"progress\" cx=\"80\" cy=\"80\" r=\"70\" stroke=\"url(#progress-gradient)\"><\/circle>\n\t\t\t\t\t\t\t<circle class=\"front\" cx=\"80\" cy=\"80\" r=\"61\"><\/circle>\n\t\t\t\t\t\t <\/svg>\n\t\t\t\t\t\t <div class=\"progress-text\" aria-live=\"polite\" aria-atomic=\"true\">\n\t\t\t\t\t\t\t <div class=\"number\" id=\"vote-count\"><\/div>\n\t\t\t\t\t\t\t<div class=\"label\" id=\"vote-label\"><\/div>\n\t\t\t\t\t\t<\/div>\n\t\t\t\t\t  <\/div>\n\t\t\t\t\t <canvas id=\"confetti-canvas\"><\/canvas>\n\t\t\t\t<\/div>\n\t\t\t\t<script src=\"https:\/\/act.greens-efa.eu\/wp-content\/themes\/greensefa\/js\/confetti.browser.min.js\"><\/script>\n\t\t\t\t<script>\n\t\t\t\tjQuery(window).on(\"elementor\/frontend\/init\", () => {\n\t\t\t\t  elementorFrontend.hooks.addAction(\"frontend\/element_ready\/an-forms-counter.default\", ($scope) => {\n\t\t\t\t\t  const requiredVotes = 200000;\n\t\t\t\t\t  const currentVotes = 285084;\n\n\t\t\t\t\t  const progressCircle = document.querySelector(\".progress\");\n\t\t\t\t\t  const voteCount = document.getElementById(\"vote-count\");\n\t\t\t\t\t  const voteLabel = document.getElementById(\"vote-label\");\n\t\t\t\t\t  const progressWrapper = document.getElementById(\"progress-wrapper\");\n\t\t\t\t\t  const confettiCanvas = document.getElementById(\"confetti-canvas\");\n\n\t\t\t\t\t  if (!progressCircle || !voteCount || !voteLabel || !progressWrapper || !confettiCanvas) {\n\t\t\t\t\t\t  return;\n\t\t\t\t\t  }\n\n\t\t\t\t\t  const radius = 70;\n\t\t\t\t\t  const circumference = 2 * Math.PI * radius;\n\n\t\t\t\t\t  const progressPercent = Math.min(currentVotes \/ requiredVotes, 1);\n\t\t\t\t\t  const offset = circumference * (1 - progressPercent);\n\n\t\t\t\t\t  progressCircle.style.strokeDasharray = circumference;\n\t\t\t\t\t  progressCircle.style.strokeDashoffset = circumference;\n\n\t\t\t\t\t  voteCount.innerHTML = `<div class=\"currentVotes\">${currentVotes.toLocaleString()}<\/div><div class=\"requiredVotes\">\/ ${requiredVotes.toLocaleString()}<\/div>`;\n\t\t\t\t\t  voteLabel.innerHTML = \"<em>e-mails verzonden<\/em>\";\n\n\t\t\t\t\t  const confettiInstance = confetti.create(confettiCanvas, { resize: true, useWorker: true });\n\n\t\t\t\t\t  function getProgressCenterInContainer() {\n\t\t\t\t\t\t const containerRect = progressWrapper.getBoundingClientRect();\n\t\t\t\t\t\t return {\n\t\t\t\t\t\t\tx: containerRect.width \/ 2,\n\t\t\t\t\t\t\ty: containerRect.height \/ 2\n\t\t\t\t\t\t };\n\t\t\t\t\t  }\n\n\t\t\t\t\t  const observer = new IntersectionObserver(\n\t\t\t\t\t\t entries => {\n\t\t\t\t\t\t\tentries.forEach(entry => {\n\t\t\t\t\t\t\t  if (entry.isIntersecting) {\n\t\t\t\t\t\t\t\t progressCircle.style.strokeDashoffset = offset;\n\n\t\t\t\t\t\t\t\t if (progressPercent === 1) {\n\t\t\t\t\t\t\t\t\tsetTimeout(() => {\n\t\t\t\t\t\t\t\t\t  launchSubtleFireworks();\n\t\t\t\t\t\t\t\t\t}, 1600);\n\t\t\t\t\t\t\t\t }\n\n\t\t\t\t\t\t\t\t observer.unobserve(entry.target);\n\t\t\t\t\t\t\t  }\n\t\t\t\t\t\t\t});\n\t\t\t\t\t\t },\n\t\t\t\t\t\t { threshold: 0.5 }\n\t\t\t\t\t  );\n\t\t\t\t\t  setTimeout(() => {\n\t\t\t\t\t\t  observer.observe(progressCircle);\n\t\t\t\t\t  }, 1000);\n\n\t\t\t\t\t  function launchSubtleFireworks() {\n\t\t\t\t\t\t const containerRect = progressWrapper.getBoundingClientRect();\n\t\t\t\t\t\t const center = getProgressCenterInContainer();\n\t\t\t\t\t\t const duration = 2500;\n\t\t\t\t\t\t const animationEnd = Date.now() + duration;\n\n\t\t\t\t\t\t const defaults = {\n\t\t\t\t\t\t\tstartVelocity: 30,\n\t\t\t\t\t\t\tspread: 50,\n\t\t\t\t\t\t\tticks: 90,\n\t\t\t\t\t\t\tgravity: 1.6,\n\t\t\t\t\t\t\tdrift: 0.15,\n\t\t\t\t\t\t\tdecay: 0.9,\n\t\t\t\t\t\t\tscalar: 0.8,\n\t\t\t\t\t\t\tzIndex: 9999\n\t\t\t\t\t\t };\n\n\t\t\t\t\t\t (function frame() {\n\t\t\t\t\t\t\tconst timeLeft = animationEnd - Date.now();\n\t\t\t\t\t\t\tif (timeLeft <= 0) return;\n\n\t\t\t\t\t\t\tconst particleCount = 6 * (timeLeft \/ duration);\n\n\t\t\t\t\t\t\tfor (let i = 0; i < 3; i++) {\n\t\t\t\t\t\t\t  const angle = Math.random() * 2 * Math.PI;\n\t\t\t\t\t\t\t  const distance = 75 + (Math.random() * 15 - 7.5);\n\t\t\t\t\t\t\t  const x = center.x + distance * Math.cos(angle);\n\t\t\t\t\t\t\t  const y = center.y + distance * Math.sin(angle);\n\n\t\t\t\t\t\t\t  confettiInstance(Object.assign({}, defaults, {\n\t\t\t\t\t\t\t\t particleCount,\n\t\t\t\t\t\t\t\t origin: {\n\t\t\t\t\t\t\t\t\tx: x \/ containerRect.width,\n\t\t\t\t\t\t\t\t\ty: y \/ containerRect.height\n\t\t\t\t\t\t\t\t },\n\t\t\t\t\t\t\t\t colors: [\"#a3e635\", \"#bef264\", \"#4ade80\", \"#22c55e\", \"#16a34a\"]\n\t\t\t\t\t\t\t  }));\n\t\t\t\t\t\t\t}\n\t\t\t\t\t\t\trequestAnimationFrame(frame);\n\t\t\t\t\t\t })();\n\t\t\t\t\t  }\n\t\t\t\t  });\n\t\t\t\t});\n\t\t\t\t<\/script>\n\t\t\t\t\t\t\t<\/div>\n\t\t\t\t<\/div>\n\t\t\t\t<div class=\"elementor-element elementor-element-1f073afd elementor-widget elementor-widget-heading\" data-id=\"1f073afd\" data-element_type=\"widget\" data-e-type=\"widget\" id=\"take-action\" data-widget_type=\"heading.default\">\n\t\t\t\t\t<h3 class=\"elementor-heading-title elementor-size-default\">Blijf niet stil. Stuur nu een e-mail en maak het verschil. \ud83d\udc47<\/h3>\t\t\t\t<\/div>\n\t\t\t\t<div class=\"elementor-element elementor-element-b14ca37 elementor-widget elementor-widget-text-editor\" data-id=\"b14ca37\" data-element_type=\"widget\" data-e-type=\"widget\" data-widget_type=\"text-editor.default\">\n\t\t\t\t\t\t\t\t\t<p><strong>Stap 1:<\/strong> Vul wat gegevens over jezelf in.<\/p>\n<p><strong>Stap 2:<\/strong> We hebben een concepttekst klaar die je kunt versturen. Hoe persoonlijker je je bericht schrijft, hoe meer effect het zal hebben.<\/p>\t\t\t\t\t\t\t\t<\/div>\n\t\t\t\t<div class=\"elementor-element elementor-element-21253784 elementor-widget elementor-widget-an-forms\" data-id=\"21253784\" data-element_type=\"widget\" data-e-type=\"widget\" data-widget_type=\"an-forms.default\">\n\t\t\t\t<div class=\"elementor-widget-container\">\n\t\t\t\t\t<div id=\"form1748057456\"><script src='https:\/\/actionnetwork.org\/widgets\/v6\/letter\/returns-nl?format=js&source=website&style=full'><\/script><div id='can-letter-area-returns-nl' style='width: 100%'><!-- this div is the target for our HTML insertion --><\/div><\/div><script>\n\t\t\t(function ( $ ) {\n\t\t\t\t$(document).on(\"can_embed_loaded\", function(e) {\n\t\t\t\t\tsetTimeout( function(){\n\t\t\t\t\t\tvar $form1748057456 = $(\"#form1748057456\");\n\t\t\t\t\t\tvar $redirect = \"https:\/\/act.greens-efa.eu\/nl\/no-eu-ice-thank-you\/\";\n\n\t\t\t\t\t\tif ( $redirect !== \"\" ) {\n\t\t\t\t\t\t\t$form1748057456.find(\"#redirect\").remove();\n\t\t\t\t\t\t\t$form1748057456.find(\"form\").prepend(\n\t\t\t\t\t\t\t\t'<input id=\"redirect\" name=\"redirect\" type=\"hidden\" value=\"' + $redirect + '\" \/>'\n\t\t\t\t\t\t\t);\n\t\t\t\t\t\t}\n\t\t\t\t\t}, 100);\n\t\t\t\t});\n\t\t\t})( jQuery );\n\t\t<\/script>\t\t\t\t<\/div>\n\t\t\t\t<\/div>\n\t\t\t\t<\/div>\n\t\t<div class=\"elementor-element elementor-element-d0fb54d e-con-full e-flex e-con e-child\" data-id=\"d0fb54d\" data-element_type=\"container\" data-e-type=\"container\" data-settings=\"{&quot;background_background&quot;:&quot;classic&quot;}\">\n\t\t\t\t<\/div>\n\t\t\t\t<\/div>\n\t\t\t\t<\/div>\n\t\t","protected":false},"excerpt":{"rendered":"<p>Blijf niet stil. Stuur nu een e-mail en maak het verschil.<\/p>\n","protected":false},"author":6,"featured_media":7342,"parent":0,"menu_order":0,"comment_status":"closed","ping_status":"closed","template":"","meta":{"_acf_changed":false,"_seopress_robots_primary_cat":"","_seopress_titles_title":"","_seopress_titles_desc":"","_seopress_robots_index":"","footnotes":""},"class_list":["post-7383","page","type-page","status-publish","has-post-thumbnail","hentry"],"acf":[],"_links":{"self":[{"href":"https:\/\/act.greens-efa.eu\/nl\/wp-json\/wp\/v2\/pages\/7383","targetHints":{"allow":["GET"]}}],"collection":[{"href":"https:\/\/act.greens-efa.eu\/nl\/wp-json\/wp\/v2\/pages"}],"about":[{"href":"https:\/\/act.greens-efa.eu\/nl\/wp-json\/wp\/v2\/types\/page"}],"author":[{"embeddable":true,"href":"https:\/\/act.greens-efa.eu\/nl\/wp-json\/wp\/v2\/users\/6"}],"replies":[{"embeddable":true,"href":"https:\/\/act.greens-efa.eu\/nl\/wp-json\/wp\/v2\/comments?post=7383"}],"version-history":[{"count":36,"href":"https:\/\/act.greens-efa.eu\/nl\/wp-json\/wp\/v2\/pages\/7383\/revisions"}],"predecessor-version":[{"id":7656,"href":"https:\/\/act.greens-efa.eu\/nl\/wp-json\/wp\/v2\/pages\/7383\/revisions\/7656"}],"wp:featuredmedia":[{"embeddable":true,"href":"https:\/\/act.greens-efa.eu\/nl\/wp-json\/wp\/v2\/media\/7342"}],"wp:attachment":[{"href":"https:\/\/act.greens-efa.eu\/nl\/wp-json\/wp\/v2\/media?parent=7383"}],"curies":[{"name":"wp","href":"https:\/\/api.w.org\/{rel}","templated":true}]}}