{"id":4345,"date":"2026-01-23T16:07:47","date_gmt":"2026-01-23T15:07:47","guid":{"rendered":"https:\/\/act-greensefa.admk-dev.de\/glyphosate\/"},"modified":"2026-02-28T21:58:26","modified_gmt":"2026-02-28T20:58:26","slug":"glifosat","status":"publish","type":"page","link":"https:\/\/act.greens-efa.eu\/sl\/glifosat\/","title":{"rendered":"Prepovejte glifosat (in za\u0161\u010ditite na\u0161o naravo)!"},"content":{"rendered":"\t\t<div data-elementor-type=\"wp-page\" data-elementor-id=\"4345\" class=\"elementor elementor-4345 elementor-4056\" data-elementor-post-type=\"page\">\n\t\t\t\t<div class=\"elementor-element elementor-element-444c612d e-con-full e-flex e-con e-parent\" data-id=\"444c612d\" data-element_type=\"container\" data-e-type=\"container\" data-settings=\"{&quot;background_background&quot;:&quot;classic&quot;,&quot;sticky&quot;:&quot;top&quot;,&quot;sticky_on&quot;:[&quot;desktop&quot;,&quot;tablet&quot;,&quot;mobile&quot;],&quot;sticky_offset&quot;:0,&quot;sticky_effects_offset&quot;:0,&quot;sticky_anchor_link_offset&quot;:0}\">\n\t\t<div class=\"elementor-element elementor-element-7e7f42e8 e-con-full e-flex e-con e-child\" data-id=\"7e7f42e8\" data-element_type=\"container\" data-e-type=\"container\">\n\t\t\t\t<div class=\"elementor-element elementor-element-2f06e562 colored-headline-bg-yes elementor-widget elementor-widget-heading\" data-id=\"2f06e562\" data-element_type=\"widget\" data-e-type=\"widget\" data-widget_type=\"heading.default\">\n\t\t\t\t\t<h1 class=\"elementor-heading-title elementor-size-default\">Prepovejte glifosat\n<br \/> (in za\u0161\u010ditite na\u0161o naravo)!\n<\/h1>\t\t\t\t<\/div>\n\t\t\t\t<\/div>\n\t\t\t\t<\/div>\n\t\t<div class=\"elementor-element elementor-element-1dbaceb9 e-con-full e-flex e-con e-parent\" data-id=\"1dbaceb9\" data-element_type=\"container\" data-e-type=\"container\" data-settings=\"{&quot;background_background&quot;:&quot;classic&quot;}\">\n\t\t<div class=\"elementor-element elementor-element-238056a9 e-con-full hideElement e-flex elementor-invisible e-con e-child\" data-id=\"238056a9\" data-element_type=\"container\" data-e-type=\"container\" id=\"goToAction\" data-settings=\"{&quot;position&quot;:&quot;fixed&quot;,&quot;animation&quot;:&quot;fadeIn&quot;}\">\n\t\t\t\t<div class=\"elementor-element elementor-element-7c6229c7 elementor-widget__width-auto elementor-invisible elementor-widget elementor-widget-button\" data-id=\"7c6229c7\" data-element_type=\"widget\" data-e-type=\"widget\" id=\"GoToActionBtn\" data-settings=\"{&quot;_animation&quot;:&quot;rubberBand&quot;,&quot;_animation_delay&quot;:200}\" data-widget_type=\"button.default\">\n\t\t\t\t\t\t\t\t\t\t<a class=\"elementor-button elementor-button-link elementor-size-sm\" href=\"#take-action\">\n\t\t\t\t\t\t<span class=\"elementor-button-content-wrapper\">\n\t\t\t\t\t\t<span class=\"elementor-button-icon\">\n\t\t\t\t<svg aria-hidden=\"true\" class=\"e-font-icon-svg e-fas-arrow-down\" viewBox=\"0 0 448 512\" xmlns=\"http:\/\/www.w3.org\/2000\/svg\"><path d=\"M413.1 222.5l22.2 22.2c9.4 9.4 9.4 24.6 0 33.9L241 473c-9.4 9.4-24.6 9.4-33.9 0L12.7 278.6c-9.4-9.4-9.4-24.6 0-33.9l22.2-22.2c9.5-9.5 25-9.3 34.3.4L184 343.4V56c0-13.3 10.7-24 24-24h32c13.3 0 24 10.7 24 24v287.4l114.8-120.5c9.3-9.8 24.8-10 34.3-.4z\"><\/path><\/svg>\t\t\t<\/span>\n\t\t\t\t\t\t\t\t\t<span class=\"elementor-button-text\">Take action<\/span>\n\t\t\t\t\t<\/span>\n\t\t\t\t\t<\/a>\n\t\t\t\t\t\t\t\t<\/div>\n\t\t\t\t<\/div>\n\t\t<div class=\"elementor-element elementor-element-113d1e82 e-con-full elementor-hidden-mobile e-flex e-con e-child\" data-id=\"113d1e82\" data-element_type=\"container\" data-e-type=\"container\" data-settings=\"{&quot;background_background&quot;:&quot;classic&quot;}\">\n\t\t\t\t<\/div>\n\t\t<div class=\"elementor-element elementor-element-5d9bd0e6 e-con-full e-flex e-con e-child\" data-id=\"5d9bd0e6\" data-element_type=\"container\" data-e-type=\"container\">\n\t\t<div class=\"elementor-element elementor-element-676d05fa e-con-full e-flex e-con e-child\" data-id=\"676d05fa\" data-element_type=\"container\" data-e-type=\"container\">\n\t\t\t\t<div class=\"elementor-element elementor-element-5bf465bb elementor-widget elementor-widget-text-editor\" data-id=\"5bf465bb\" data-element_type=\"widget\" data-e-type=\"widget\" data-widget_type=\"text-editor.default\">\n\t\t\t\t\t\t\t\t\t<p class=\"preamble\">V prihodnjih tednih bi lahko prepovedali uporabo glifosata v Evropi. Podpi\u0161ite na\u0161o peticijo in se pridru\u017eite na\u0161emu pozivu.<strong><br \/><\/strong><\/p>\t\t\t\t\t\t\t\t<\/div>\n\t\t\t\t<div class=\"elementor-element elementor-element-a71dc11 elementor-widget elementor-widget-text-editor\" data-id=\"a71dc11\" data-element_type=\"widget\" data-e-type=\"widget\" data-widget_type=\"text-editor.default\">\n\t\t\t\t\t\t\t\t\t<p><strong><span style=\"background-color: #ffffff;\">\u26a0\ufe0f\u00a0 \u010ceprav je Evropska komisija \u017ee napovedala podalj\u0161anje za deset let, ima \u0161e vedno mo\u010d, da ustavi to norost. Pozovite predsednico Komisije Ursulo von der Leyen, naj za\u010dasno ustavi postopek odobritve in prisluhne znanosti in dr\u017eavljanom EU.<br style=\"box-sizing: inherit; margin: 0px;\" \/><br style=\"box-sizing: inherit; margin: 0px;\" \/>Sporo\u010diti jim moramo, da je to nesprejemljivo.<\/span><\/strong><\/p>\t\t\t\t\t\t\t\t<\/div>\n\t\t\t\t<div class=\"elementor-element elementor-element-faabeb5 elementor-widget elementor-widget-text-editor\" data-id=\"faabeb5\" data-element_type=\"widget\" data-e-type=\"widget\" data-widget_type=\"text-editor.default\">\n\t\t\t\t\t\t\t\t\t<p>Glifosat, ki ga najdemo v pripravku Roundup, ki ga proizvaja podjetje Bayer-Monsanto, je pesticid, ki se ne uporablja le v kmetijstvu temve\u010d tudi v mestih. Vemo, da je uni\u010dujo\u010d za biotsko raznovrstnost: uni\u010di (skoraj) vse.<\/p>\t\t\t\t\t\t\t\t<\/div>\n\t\t\t\t<div class=\"elementor-element elementor-element-106e219c elementor-widget elementor-widget-heading\" data-id=\"106e219c\" data-element_type=\"widget\" data-e-type=\"widget\" data-widget_type=\"heading.default\">\n\t\t\t\t\t<h4 class=\"elementor-heading-title elementor-size-default\">Glifosata ne potrebujemo niti za produktivno kmetovanje niti za zatiranje plevela. Glifosat je treba prepovedati.\n\n<\/h4>\t\t\t\t<\/div>\n\t\t\t\t<div class=\"elementor-element elementor-element-2359545 elementor-widget elementor-widget-text-editor\" data-id=\"2359545\" data-element_type=\"widget\" data-e-type=\"widget\" data-widget_type=\"text-editor.default\">\n\t\t\t\t\t\t\t\t\t<p>Pred petimi leti smo bili zelo blizu prepovedi glifosata v Evropi, saj je to zahtevalo ve\u010d milijonov Evropejcev. Vendar pa je bila, z zelo tesnim izidom glasovanja v Svetu ministrov, uporaba dovoljena za nadaljnjih pet let.<\/p><p>\u00a0<\/p><p>Letos je Evropska komisija za\u010dela nov postopek odobritve glifosata. \u010ceprav milijoni Evropejcev \u017ee leta zahtevajo prenehanje uporabe glifosata, jim Evropska komisija in dr\u017eave \u010dlanice EU no\u010dejo prisluhniti. Pri\u010dakuje se, da bodo kmalu na sestanku za zaprtimi vrati potrdili ponovno odobritev uporabe glifosata. Z drugimi besedami, velikim korporacijam, ki prodaja pesticida, ki uni\u010duje na\u0161o biotsko raznovrstnost in ogro\u017ea na\u0161e zdravje, prina\u0161a milijonske zaslu\u017eke, bodo izdali potrdilo, \u0161e ve\u010d prazen \u010dek.<\/p>\t\t\t\t\t\t\t\t<\/div>\n\t\t\t\t<div class=\"elementor-element elementor-element-39cb3d3 elementor-widget elementor-widget-heading\" data-id=\"39cb3d3\" data-element_type=\"widget\" data-e-type=\"widget\" data-widget_type=\"heading.default\">\n\t\t\t\t\t<h4 class=\"elementor-heading-title elementor-size-default\">Podpi\u0161ite na\u0161o peticijo zdaj in nam pomagajte ohranjati biotsko raznovrstnost.<\/h4>\t\t\t\t<\/div>\n\t\t\t\t<\/div>\n\t\t\t\t<\/div>\n\t\t<div class=\"elementor-element elementor-element-7acfd861 e-con-full e-flex e-con e-child\" data-id=\"7acfd861\" data-element_type=\"container\" data-e-type=\"container\" data-settings=\"{&quot;background_background&quot;:&quot;classic&quot;}\">\n\t\t<div class=\"elementor-element elementor-element-40159a00 e-con-full e-transform e-flex e-con e-child\" data-id=\"40159a00\" data-element_type=\"container\" data-e-type=\"container\" data-settings=\"{&quot;background_background&quot;:&quot;classic&quot;,&quot;position&quot;:&quot;absolute&quot;,&quot;_transform_skewX_effect&quot;:{&quot;unit&quot;:&quot;px&quot;,&quot;size&quot;:0,&quot;sizes&quot;:[]},&quot;_transform_skewY_effect&quot;:{&quot;unit&quot;:&quot;px&quot;,&quot;size&quot;:-3.5,&quot;sizes&quot;:[]},&quot;_transform_skewX_effect_tablet&quot;:{&quot;unit&quot;:&quot;deg&quot;,&quot;size&quot;:&quot;&quot;,&quot;sizes&quot;:[]},&quot;_transform_skewX_effect_mobile&quot;:{&quot;unit&quot;:&quot;deg&quot;,&quot;size&quot;:&quot;&quot;,&quot;sizes&quot;:[]},&quot;_transform_skewY_effect_tablet&quot;:{&quot;unit&quot;:&quot;deg&quot;,&quot;size&quot;:&quot;&quot;,&quot;sizes&quot;:[]},&quot;_transform_skewY_effect_mobile&quot;:{&quot;unit&quot;:&quot;deg&quot;,&quot;size&quot;:&quot;&quot;,&quot;sizes&quot;:[]}}\">\n\t\t\t\t<\/div>\n\t\t\t\t<div class=\"elementor-element elementor-element-76d315c elementor-widget elementor-widget-an-forms-counter\" data-id=\"76d315c\" data-element_type=\"widget\" data-e-type=\"widget\" data-widget_type=\"an-forms-counter.default\">\n\t\t\t\t<div class=\"elementor-widget-container\">\n\t\t\t\t\t\n\t\t\t\t<div class=\"progressWrapper\" aria-label=\"Petition Stimmen Fortschritt\" role=\"img\" id=\"progress-wrapper\">\n\t\t\t\t\t<div class=\"progress-circle\">\n\t\t\t\t\t\t<svg viewBox=\"0 0 160 160\">\n\t\t\t\t\t\t\t  <defs>\n\t\t\t\t\t\t\t\t  <linearGradient id=\"progress-gradient\" x1=\"0%\" y1=\"70%\" x2=\"100%\" y2=\"0%\">\n\t\t\t\t\t\t\t\t\t\t<stop class=\"stop-color-1\" offset=\"0%\" stop-color=\"#000000\"\/>\n\t\t\t\t\t\t\t\t\t\t<stop class=\"stop-color-2\" offset=\"100%\" stop-color=\"#ff0000\"\/>\n\t\t\t\t\t\t\t\t <\/linearGradient>\n\t\t\t\t\t\t\t<\/defs>\n\t\t\t\t\t\t\t<circle class=\"bg\" cx=\"80\" cy=\"80\" r=\"70\"><\/circle>\n\t\t\t\t\t\t\t<circle class=\"progress\" cx=\"80\" cy=\"80\" r=\"70\" stroke=\"url(#progress-gradient)\"><\/circle>\n\t\t\t\t\t\t\t<circle class=\"front\" cx=\"80\" cy=\"80\" r=\"61\"><\/circle>\n\t\t\t\t\t\t <\/svg>\n\t\t\t\t\t\t <div class=\"progress-text\" aria-live=\"polite\" aria-atomic=\"true\">\n\t\t\t\t\t\t\t <div class=\"number\" id=\"vote-count\"><\/div>\n\t\t\t\t\t\t\t<div class=\"label\" id=\"vote-label\"><\/div>\n\t\t\t\t\t\t<\/div>\n\t\t\t\t\t  <\/div>\n\t\t\t\t\t <canvas id=\"confetti-canvas\"><\/canvas>\n\t\t\t\t<\/div>\n\t\t\t\t<script src=\"https:\/\/act.greens-efa.eu\/wp-content\/themes\/greensefa\/js\/confetti.browser.min.js\"><\/script>\n\t\t\t\t<script>\n\t\t\t\tjQuery(window).on(\"elementor\/frontend\/init\", () => {\n\t\t\t\t  elementorFrontend.hooks.addAction(\"frontend\/element_ready\/an-forms-counter.default\", ($scope) => {\n\t\t\t\t\t  const requiredVotes = 150000;\n\t\t\t\t\t  const currentVotes = 130941;\n\n\t\t\t\t\t  const progressCircle = document.querySelector(\".progress\");\n\t\t\t\t\t  const voteCount = document.getElementById(\"vote-count\");\n\t\t\t\t\t  const voteLabel = document.getElementById(\"vote-label\");\n\t\t\t\t\t  const progressWrapper = document.getElementById(\"progress-wrapper\");\n\t\t\t\t\t  const confettiCanvas = document.getElementById(\"confetti-canvas\");\n\n\t\t\t\t\t  if (!progressCircle || !voteCount || !voteLabel || !progressWrapper || !confettiCanvas) {\n\t\t\t\t\t\t  return;\n\t\t\t\t\t  }\n\n\t\t\t\t\t  const radius = 70;\n\t\t\t\t\t  const circumference = 2 * Math.PI * radius;\n\n\t\t\t\t\t  const progressPercent = Math.min(currentVotes \/ requiredVotes, 1);\n\t\t\t\t\t  const offset = circumference * (1 - progressPercent);\n\n\t\t\t\t\t  progressCircle.style.strokeDasharray = circumference;\n\t\t\t\t\t  progressCircle.style.strokeDashoffset = circumference;\n\n\t\t\t\t\t  voteCount.innerHTML = `<div class=\"currentVotes\">${currentVotes.toLocaleString()}<\/div><div class=\"requiredVotes\">\/ ${requiredVotes.toLocaleString()}<\/div>`;\n\t\t\t\t\t  voteLabel.innerHTML = \"<em>podpisov<\/em>\";\n\n\t\t\t\t\t  const confettiInstance = confetti.create(confettiCanvas, { resize: true, useWorker: true });\n\n\t\t\t\t\t  function getProgressCenterInContainer() {\n\t\t\t\t\t\t const containerRect = progressWrapper.getBoundingClientRect();\n\t\t\t\t\t\t return {\n\t\t\t\t\t\t\tx: containerRect.width \/ 2,\n\t\t\t\t\t\t\ty: containerRect.height \/ 2\n\t\t\t\t\t\t };\n\t\t\t\t\t  }\n\n\t\t\t\t\t  const observer = new IntersectionObserver(\n\t\t\t\t\t\t entries => {\n\t\t\t\t\t\t\tentries.forEach(entry => {\n\t\t\t\t\t\t\t  if (entry.isIntersecting) {\n\t\t\t\t\t\t\t\t progressCircle.style.strokeDashoffset = offset;\n\n\t\t\t\t\t\t\t\t if (progressPercent === 1) {\n\t\t\t\t\t\t\t\t\tsetTimeout(() => {\n\t\t\t\t\t\t\t\t\t  launchSubtleFireworks();\n\t\t\t\t\t\t\t\t\t}, 1600);\n\t\t\t\t\t\t\t\t }\n\n\t\t\t\t\t\t\t\t observer.unobserve(entry.target);\n\t\t\t\t\t\t\t  }\n\t\t\t\t\t\t\t});\n\t\t\t\t\t\t },\n\t\t\t\t\t\t { threshold: 0.5 }\n\t\t\t\t\t  );\n\t\t\t\t\t  setTimeout(() => {\n\t\t\t\t\t\t  observer.observe(progressCircle);\n\t\t\t\t\t  }, 1000);\n\n\t\t\t\t\t  function launchSubtleFireworks() {\n\t\t\t\t\t\t const containerRect = progressWrapper.getBoundingClientRect();\n\t\t\t\t\t\t const center = getProgressCenterInContainer();\n\t\t\t\t\t\t const duration = 2500;\n\t\t\t\t\t\t const animationEnd = Date.now() + duration;\n\n\t\t\t\t\t\t const defaults = {\n\t\t\t\t\t\t\tstartVelocity: 30,\n\t\t\t\t\t\t\tspread: 50,\n\t\t\t\t\t\t\tticks: 90,\n\t\t\t\t\t\t\tgravity: 1.6,\n\t\t\t\t\t\t\tdrift: 0.15,\n\t\t\t\t\t\t\tdecay: 0.9,\n\t\t\t\t\t\t\tscalar: 0.8,\n\t\t\t\t\t\t\tzIndex: 9999\n\t\t\t\t\t\t };\n\n\t\t\t\t\t\t (function frame() {\n\t\t\t\t\t\t\tconst timeLeft = animationEnd - Date.now();\n\t\t\t\t\t\t\tif (timeLeft <= 0) return;\n\n\t\t\t\t\t\t\tconst particleCount = 6 * (timeLeft \/ duration);\n\n\t\t\t\t\t\t\tfor (let i = 0; i < 3; i++) {\n\t\t\t\t\t\t\t  const angle = Math.random() * 2 * Math.PI;\n\t\t\t\t\t\t\t  const distance = 75 + (Math.random() * 15 - 7.5);\n\t\t\t\t\t\t\t  const x = center.x + distance * Math.cos(angle);\n\t\t\t\t\t\t\t  const y = center.y + distance * Math.sin(angle);\n\n\t\t\t\t\t\t\t  confettiInstance(Object.assign({}, defaults, {\n\t\t\t\t\t\t\t\t particleCount,\n\t\t\t\t\t\t\t\t origin: {\n\t\t\t\t\t\t\t\t\tx: x \/ containerRect.width,\n\t\t\t\t\t\t\t\t\ty: y \/ containerRect.height\n\t\t\t\t\t\t\t\t },\n\t\t\t\t\t\t\t\t colors: [\"#a3e635\", \"#bef264\", \"#4ade80\", \"#22c55e\", \"#16a34a\"]\n\t\t\t\t\t\t\t  }));\n\t\t\t\t\t\t\t}\n\t\t\t\t\t\t\trequestAnimationFrame(frame);\n\t\t\t\t\t\t })();\n\t\t\t\t\t  }\n\t\t\t\t  });\n\t\t\t\t});\n\t\t\t\t<\/script>\n\t\t\t\t\t\t\t<\/div>\n\t\t\t\t<\/div>\n\t\t\t\t<div class=\"elementor-element elementor-element-1f073afd elementor-widget elementor-widget-heading\" data-id=\"1f073afd\" data-element_type=\"widget\" data-e-type=\"widget\" id=\"take-action\" data-widget_type=\"heading.default\">\n\t\t\t\t\t<h4 class=\"elementor-heading-title elementor-size-default\">\u274c  No\u010dem, da glifosat uni\u010di na\u0161o biotsko raznovrstnost.\n<\/h4>\t\t\t\t<\/div>\n\t\t\t\t<div class=\"elementor-element elementor-element-21253784 elementor-widget elementor-widget-an-forms\" data-id=\"21253784\" data-element_type=\"widget\" data-e-type=\"widget\" data-widget_type=\"an-forms.default\">\n\t\t\t\t<div class=\"elementor-widget-container\">\n\t\t\t\t\t<div id=\"form702892073\"><script src='https:\/\/actionnetwork.org\/widgets\/v6\/form\/one-year-to-stop-glyphosate-8?format=js&source=website&style=full'><\/script><div id='can-form-area-one-year-to-stop-glyphosate-8' style='width: 100%'><!-- this div is the target for our HTML insertion --><\/div><\/div><script>\n\t\t\t(function ( $ ) {\n\t\t\t\t$(document).on(\"can_embed_loaded\", function(e) {\n\t\t\t\t\tsetTimeout( function(){\n\t\t\t\t\t\tvar $form702892073 = $(\"#form702892073\");\n\t\t\t\t\t\tvar $redirect = \"\";\n\n\t\t\t\t\t\tif ( $redirect !== \"\" ) {\n\t\t\t\t\t\t\t$form702892073.find(\"#redirect\").remove();\n\t\t\t\t\t\t\t$form702892073.find(\"form\").prepend(\n\t\t\t\t\t\t\t\t'<input id=\"redirect\" name=\"redirect\" type=\"hidden\" value=\"' + $redirect + '\" \/>'\n\t\t\t\t\t\t\t);\n\t\t\t\t\t\t}\n\t\t\t\t\t}, 100);\n\t\t\t\t});\n\t\t\t})( jQuery );\n\t\t<\/script>\t\t\t\t<\/div>\n\t\t\t\t<\/div>\n\t\t\t\t<\/div>\n\t\t<div class=\"elementor-element elementor-element-d0fb54d e-con-full e-flex e-con e-child\" data-id=\"d0fb54d\" data-element_type=\"container\" data-e-type=\"container\" data-settings=\"{&quot;background_background&quot;:&quot;classic&quot;}\">\n\t\t\t\t<\/div>\n\t\t\t\t<\/div>\n\t\t<div class=\"elementor-element elementor-element-79b8cdf e-flex e-con-boxed e-con e-parent\" data-id=\"79b8cdf\" data-element_type=\"container\" data-e-type=\"container\">\n\t\t\t\t\t<div class=\"e-con-inner\">\n\t\t\t\t\t<\/div>\n\t\t\t\t<\/div>\n\t\t\t\t<\/div>\n\t\t","protected":false},"excerpt":{"rendered":"<p>Prepovejte glifosat (in za\u0161\u010ditite na\u0161o naravo)! Take action V prihodnjih tednih bi lahko prepovedali uporabo glifosata v Evropi. Podpi\u0161ite na\u0161o peticijo in se pridru\u017eite na\u0161emu pozivu. \u26a0\ufe0f\u00a0 \u010ceprav je Evropska komisija \u017ee napovedala podalj\u0161anje za deset let, ima \u0161e vedno mo\u010d, da ustavi to norost. Pozovite predsednico Komisije Ursulo von der Leyen, naj za\u010dasno ustavi [&hellip;]<\/p>\n","protected":false},"author":4,"featured_media":4346,"parent":0,"menu_order":0,"comment_status":"closed","ping_status":"closed","template":"","meta":{"_acf_changed":false,"_seopress_robots_primary_cat":"","_seopress_titles_title":"","_seopress_titles_desc":"","_seopress_robots_index":"","footnotes":""},"hf_cat_page":[15],"class_list":["post-4345","page","type-page","status-publish","has-post-thumbnail","hentry"],"acf":[],"_links":{"self":[{"href":"https:\/\/act.greens-efa.eu\/sl\/wp-json\/wp\/v2\/pages\/4345","targetHints":{"allow":["GET"]}}],"collection":[{"href":"https:\/\/act.greens-efa.eu\/sl\/wp-json\/wp\/v2\/pages"}],"about":[{"href":"https:\/\/act.greens-efa.eu\/sl\/wp-json\/wp\/v2\/types\/page"}],"author":[{"embeddable":true,"href":"https:\/\/act.greens-efa.eu\/sl\/wp-json\/wp\/v2\/users\/4"}],"replies":[{"embeddable":true,"href":"https:\/\/act.greens-efa.eu\/sl\/wp-json\/wp\/v2\/comments?post=4345"}],"version-history":[{"count":13,"href":"https:\/\/act.greens-efa.eu\/sl\/wp-json\/wp\/v2\/pages\/4345\/revisions"}],"predecessor-version":[{"id":7067,"href":"https:\/\/act.greens-efa.eu\/sl\/wp-json\/wp\/v2\/pages\/4345\/revisions\/7067"}],"wp:featuredmedia":[{"embeddable":true,"href":"https:\/\/act.greens-efa.eu\/sl\/wp-json\/wp\/v2\/media\/4346"}],"wp:attachment":[{"href":"https:\/\/act.greens-efa.eu\/sl\/wp-json\/wp\/v2\/media?parent=4345"}],"wp:term":[{"taxonomy":"hf_cat_page","embeddable":true,"href":"https:\/\/act.greens-efa.eu\/sl\/wp-json\/wp\/v2\/hf_cat_page?post=4345"}],"curies":[{"name":"wp","href":"https:\/\/api.w.org\/{rel}","templated":true}]}}