{"id":8489,"date":"2026-05-04T17:20:43","date_gmt":"2026-05-04T15:20:43","guid":{"rendered":"https:\/\/act.greens-efa.eu\/?page_id=8489"},"modified":"2026-05-11T13:28:27","modified_gmt":"2026-05-11T11:28:27","slug":"ticket","status":"publish","type":"page","link":"https:\/\/act.greens-efa.eu\/sv\/ticket\/","title":{"rendered":"Ett Europa, en biljett \ud83d\ude85"},"content":{"rendered":"\t\t<div data-elementor-type=\"wp-page\" data-elementor-id=\"8489\" class=\"elementor elementor-8489 elementor-8241\" data-elementor-post-type=\"page\">\n\t\t\t\t<div class=\"elementor-element elementor-element-444c612d e-con-full e-flex e-con e-parent\" data-id=\"444c612d\" data-element_type=\"container\" data-e-type=\"container\" data-settings=\"{&quot;background_background&quot;:&quot;classic&quot;,&quot;sticky&quot;:&quot;top&quot;,&quot;sticky_on&quot;:[&quot;desktop&quot;,&quot;tablet_extra&quot;,&quot;tablet&quot;,&quot;mobile&quot;],&quot;sticky_offset&quot;:0,&quot;sticky_effects_offset&quot;:0,&quot;sticky_anchor_link_offset&quot;:0}\">\n\t\t<div class=\"elementor-element elementor-element-7e7f42e8 e-con-full e-flex e-con e-child\" data-id=\"7e7f42e8\" data-element_type=\"container\" data-e-type=\"container\">\n\t\t\t\t<div class=\"elementor-element elementor-element-ad6c2d0 elementor-widget elementor-widget-global elementor-global-5157 elementor-widget-html\" data-id=\"ad6c2d0\" data-element_type=\"widget\" data-e-type=\"widget\" data-widget_type=\"html.default\">\n\t\t\t\t\t<script src=\"https:\/\/app.sosha.ai\/tracker.min.js\"><\/script>\t\t\t\t<\/div>\n\t\t\t\t<div class=\"elementor-element elementor-element-2f06e562 colored-headline-bg-yes elementor-widget elementor-widget-heading\" data-id=\"2f06e562\" data-element_type=\"widget\" data-e-type=\"widget\" data-widget_type=\"heading.default\">\n\t\t\t\t\t<h1 class=\"elementor-heading-title elementor-size-default\">Ett Europa, en biljett \ud83d\ude85<\/h1>\t\t\t\t<\/div>\n\t\t\t\t<\/div>\n\t\t\t\t<\/div>\n\t\t<div class=\"elementor-element elementor-element-1dbaceb9 e-con-full e-flex e-con e-parent\" data-id=\"1dbaceb9\" data-element_type=\"container\" data-e-type=\"container\" data-settings=\"{&quot;background_background&quot;:&quot;classic&quot;}\">\n\t\t<div class=\"elementor-element elementor-element-238056a9 e-con-full hideElement e-flex elementor-invisible e-con e-child\" data-id=\"238056a9\" data-element_type=\"container\" data-e-type=\"container\" id=\"goToAction\" data-settings=\"{&quot;position&quot;:&quot;fixed&quot;,&quot;animation&quot;:&quot;fadeIn&quot;}\">\n\t\t\t\t<div class=\"elementor-element elementor-element-7c6229c7 elementor-widget__width-auto elementor-invisible elementor-widget elementor-widget-button\" data-id=\"7c6229c7\" data-element_type=\"widget\" data-e-type=\"widget\" id=\"GoToActionBtn\" data-settings=\"{&quot;_animation&quot;:&quot;rubberBand&quot;,&quot;_animation_delay&quot;:200}\" data-widget_type=\"button.default\">\n\t\t\t\t\t\t\t\t\t\t<a class=\"elementor-button elementor-button-link elementor-size-sm\" href=\"#take-action\">\n\t\t\t\t\t\t<span class=\"elementor-button-content-wrapper\">\n\t\t\t\t\t\t<span class=\"elementor-button-icon\">\n\t\t\t\t<svg aria-hidden=\"true\" class=\"e-font-icon-svg e-fas-arrow-down\" viewBox=\"0 0 448 512\" xmlns=\"http:\/\/www.w3.org\/2000\/svg\"><path d=\"M413.1 222.5l22.2 22.2c9.4 9.4 9.4 24.6 0 33.9L241 473c-9.4 9.4-24.6 9.4-33.9 0L12.7 278.6c-9.4-9.4-9.4-24.6 0-33.9l22.2-22.2c9.5-9.5 25-9.3 34.3.4L184 343.4V56c0-13.3 10.7-24 24-24h32c13.3 0 24 10.7 24 24v287.4l114.8-120.5c9.3-9.8 24.8-10 34.3-.4z\"><\/path><\/svg>\t\t\t<\/span>\n\t\t\t\t\t\t\t\t\t<span class=\"elementor-button-text\">Take action<\/span>\n\t\t\t\t\t<\/span>\n\t\t\t\t\t<\/a>\n\t\t\t\t\t\t\t\t<\/div>\n\t\t\t\t<\/div>\n\t\t<div class=\"elementor-element elementor-element-113d1e82 e-con-full elementor-hidden-mobile e-flex e-con e-child\" data-id=\"113d1e82\" data-element_type=\"container\" data-e-type=\"container\" data-settings=\"{&quot;background_background&quot;:&quot;classic&quot;}\">\n\t\t\t\t<\/div>\n\t\t<div class=\"elementor-element elementor-element-5d9bd0e6 e-con-full e-flex e-con e-child\" data-id=\"5d9bd0e6\" data-element_type=\"container\" data-e-type=\"container\" data-settings=\"{&quot;background_background&quot;:&quot;classic&quot;}\">\n\t\t<div class=\"elementor-element elementor-element-676d05fa e-con-full e-flex e-con e-child\" data-id=\"676d05fa\" data-element_type=\"container\" data-e-type=\"container\" data-settings=\"{&quot;background_background&quot;:&quot;classic&quot;}\">\n\t\t\t\t<div class=\"elementor-element elementor-element-a71dc11 elementor-widget elementor-widget-text-editor\" data-id=\"a71dc11\" data-element_type=\"widget\" data-e-type=\"widget\" data-widget_type=\"text-editor.default\">\n\t\t\t\t\t\t\t\t\t<p>Att boka en internationell t\u00e5gresa borde inte vara ett heltidsjobb. Vi \u00e4r m\u00e5nga som hellre tar t\u00e5get \u00e4n flyget, men f\u00f6r\u00e5ldrade bokningssystem f\u00f6rvandlar enkla resor till byr\u00e5kratiska mardr\u00f6mmar. Varf\u00f6r ska det kr\u00e4vas flera flikar, olika appar och ett enormt t\u00e5lamod f\u00f6r att boka en t\u00e5gresa i EU?<\/p>\t\t\t\t\t\t\t\t<\/div>\n\t\t\t\t<div class=\"elementor-element elementor-element-106e219c elementor-widget elementor-widget-heading\" data-id=\"106e219c\" data-element_type=\"widget\" data-e-type=\"widget\" data-widget_type=\"heading.default\">\n\t\t\t\t\t<h3 class=\"elementor-heading-title elementor-size-default\">St\u00f6d v\u00e5r kampanj f\u00f6r en gemensam europeisk t\u00e5gbiljett. \ud83c\udfab <\/h3>\t\t\t\t<\/div>\n\t\t<div class=\"elementor-element elementor-element-5bc8f69 e-grid e-con-full e-con e-child\" data-id=\"5bc8f69\" data-element_type=\"container\" data-e-type=\"container\">\n\t\t\t\t<div class=\"elementor-element elementor-element-faabeb5 elementor-widget elementor-widget-text-editor\" data-id=\"faabeb5\" data-element_type=\"widget\" data-e-type=\"widget\" data-widget_type=\"text-editor.default\">\n\t\t\t\t\t\t\t\t\t<p>Om du n\u00e5gonsin har f\u00f6rs\u00f6kt boka en t\u00e5gresa genom Europa vet du att det inte \u00e4r n\u00e5gon enkel uppgift. Du m\u00e5ste j\u00e4mf\u00f6ra priser p\u00e5 tre olika webbplatser, alla med olika villkor. Och vissa resor finns bara tillg\u00e4ngliga p\u00e5 en plattform men inte p\u00e5 en annan. Du kan till och med hamna med tre olika biljetter f\u00f6r din resa \u2013 utan garantier eller skydd om du missar en anslutning p\u00e5 grund av till exempel f\u00f6rseningar.<\/p><p>Det h\u00e4r \u00e4r inte bara otur. Det \u00e4r resultatet av ett fragmenterat system d\u00e4r nationella monopol v\u00e4grar att samarbeta, vilket g\u00f6r att passagerarna f\u00e5r betala priset.<\/p><p>Inte undra p\u00e5 att m\u00e5nga bokar en flygbiljett ist\u00e4llet.<\/p>\t\t\t\t\t\t\t\t<\/div>\n\t\t\t\t<div class=\"elementor-element elementor-element-e9c20b1 elementor-widget elementor-widget-image\" data-id=\"e9c20b1\" data-element_type=\"widget\" data-e-type=\"widget\" data-widget_type=\"image.default\">\n\t\t\t\t\t\t\t\t\t\t\t\t<figure class=\"wp-caption\">\n\t\t\t\t\t\t\t\t\t\t<img fetchpriority=\"high\" decoding=\"async\" width=\"768\" height=\"512\" src=\"https:\/\/act.greens-efa.eu\/wp-content\/uploads\/2026\/05\/main-train-phone-768x512.jpeg\" class=\"attachment-medium_large size-medium_large wp-image-8487\" alt=\"Angry man with a suitcase and mobile phone standing on a railway station.\" srcset=\"https:\/\/act.greens-efa.eu\/wp-content\/uploads\/2026\/05\/main-train-phone-768x512.jpeg 768w, https:\/\/act.greens-efa.eu\/wp-content\/uploads\/2026\/05\/main-train-phone-300x200.jpeg 300w, https:\/\/act.greens-efa.eu\/wp-content\/uploads\/2026\/05\/main-train-phone-1024x683.jpeg 1024w, https:\/\/act.greens-efa.eu\/wp-content\/uploads\/2026\/05\/main-train-phone-1536x1024.jpeg 1536w, https:\/\/act.greens-efa.eu\/wp-content\/uploads\/2026\/05\/main-train-phone-2048x1365.jpeg 2048w\" sizes=\"(max-width: 768px) 100vw, 768px\" \/>\t\t\t\t\t\t\t\t\t\t\t<figcaption class=\"widget-image-caption wp-caption-text\">Stock image of a man realising he has the wrong app installed for his cross border train ride.<\/figcaption>\n\t\t\t\t\t\t\t\t\t\t<\/figure>\n\t\t\t\t\t\t\t\t\t<\/div>\n\t\t\t\t<\/div>\n\t\t\t\t<div class=\"elementor-element elementor-element-0c073f6 elementor-widget elementor-widget-heading\" data-id=\"0c073f6\" data-element_type=\"widget\" data-e-type=\"widget\" data-widget_type=\"heading.default\">\n\t\t\t\t\t<h3 class=\"elementor-heading-title elementor-size-default\">Att k\u00f6pa en t\u00e5gresa ut i Europa ska vara enkelt och tryggt \u2013 oavsett hur m\u00e5nga l\u00e4nder du passerar och t\u00e5gbolag du \u00e5ker med. \n<\/h3>\t\t\t\t<\/div>\n\t\t\t\t<div class=\"elementor-element elementor-element-fb2612e elementor-widget elementor-widget-text-editor\" data-id=\"fb2612e\" data-element_type=\"widget\" data-e-type=\"widget\" data-widget_type=\"text-editor.default\">\n\t\t\t\t\t\t\t\t\t<p>Vi k\u00e4mpar f\u00f6r: En resa, en t\u00e5gbiljett och fullst\u00e4ndigt skydd.<\/p>\t\t\t\t\t\t\t\t<\/div>\n\t\t<div class=\"elementor-element elementor-element-3c9ceb96 e-con-full e-flex e-con e-child\" data-id=\"3c9ceb96\" data-element_type=\"container\" data-e-type=\"container\" data-settings=\"{&quot;background_background&quot;:&quot;classic&quot;}\">\n\t\t<div class=\"elementor-element elementor-element-2f2ee95c e-flex e-con-boxed e-con e-child\" data-id=\"2f2ee95c\" data-element_type=\"container\" data-e-type=\"container\" data-settings=\"{&quot;background_background&quot;:&quot;classic&quot;}\">\n\t\t\t\t\t<div class=\"e-con-inner\">\n\t\t\t\t<div class=\"elementor-element elementor-element-68be016d elementor-absolute elementor-widget elementor-widget-image\" data-id=\"68be016d\" data-element_type=\"widget\" data-e-type=\"widget\" data-settings=\"{&quot;_position&quot;:&quot;absolute&quot;}\" data-widget_type=\"image.default\">\n\t\t\t\t\t\t\t\t\t\t\t\t\t\t\t<img alt=\"\" decoding=\"async\" width=\"189\" height=\"237\" src=\"https:\/\/act.greens-efa.eu\/wp-content\/uploads\/2026\/02\/attention_flag.svg\" class=\"attachment-full size-full wp-image-6456\" alt=\"\" \/>\t\t\t\t\t\t\t\t\t\t\t\t\t\t\t<\/div>\n\t\t\t\t<div class=\"elementor-element elementor-element-b74d6a1 elementor-widget elementor-widget-text-editor\" data-id=\"b74d6a1\" data-element_type=\"widget\" data-e-type=\"widget\" data-widget_type=\"text-editor.default\">\n\t\t\t\t\t\t\t\t\t<p>De Gr\u00f6na\/EFA kr\u00e4ver en <strong>gemensam europeisk t\u00e5gbiljett<\/strong> som tvingar systemet att fungera f\u00f6r dig, inte f\u00f6r f\u00f6retagen: Alla biljettplattformar ska s\u00e4lja alla resor inom Europa, med fullst\u00e4ndigt passagerarskydd fr\u00e5n start till m\u00e5l.<\/p>\t\t\t\t\t\t\t\t<\/div>\n\t\t\t\t\t<\/div>\n\t\t\t\t<\/div>\n\t\t\t\t<\/div>\n\t\t\t\t<div class=\"elementor-element elementor-element-0509f64 elementor-widget elementor-widget-text-editor\" data-id=\"0509f64\" data-element_type=\"widget\" data-e-type=\"widget\" data-widget_type=\"text-editor.default\">\n\t\t\t\t\t\t\t\t\t<p>Det verkar som att \u00e5r av kampanjarbete \u00e4ntligen ger resultat. Vi f\u00f6rs\u00f6ker \u00f6vertyga lagstiftarna i Europeiska kommissionen att leverera konkret lagstiftning.<\/p>\t\t\t\t\t\t\t\t<\/div>\n\t\t\t\t<div class=\"elementor-element elementor-element-04e6e7c elementor-widget elementor-widget-heading\" data-id=\"04e6e7c\" data-element_type=\"widget\" data-e-type=\"widget\" data-widget_type=\"heading.default\">\n\t\t\t\t\t<h3 class=\"elementor-heading-title elementor-size-default\">Ju fler som ansluter sig till kampanjen, desto starkare blir v\u00e5r r\u00f6st.<\/h3>\t\t\t\t<\/div>\n\t\t\t\t<div class=\"elementor-element elementor-element-1696f2d elementor-widget elementor-widget-text-editor\" data-id=\"1696f2d\" data-element_type=\"widget\" data-e-type=\"widget\" data-widget_type=\"text-editor.default\">\n\t\t\t\t\t\t\t\t\t<p>Sverige och EU vinner p\u00e5 gr\u00f6n politik!\u00a0<\/p>\t\t\t\t\t\t\t\t<\/div>\n\t\t\t\t<div class=\"elementor-element elementor-element-dab38e8 elementor-widget elementor-widget-global elementor-global-8297 elementor-widget-text-editor\" data-id=\"dab38e8\" data-element_type=\"widget\" data-e-type=\"widget\" data-widget_type=\"text-editor.default\">\n\t\t\t\t\t\t\t\t\t<p><strong>Gordan Bosanac \ud83c\udded\ud83c\uddf7<br \/>Saskia Bricmont \ud83c\udde7\ud83c\uddea<br \/>Bas Eickhout \ud83c\uddf3\ud83c\uddf1<br \/>Cristina Guarda \ud83c\uddee\ud83c\uddf9<\/strong><br \/><strong>P\u00e4r Holmgren \ud83c\uddf8\ud83c\uddea<br \/>Sara Matthieu \ud83c\udde7\ud83c\uddea<\/strong><br \/><strong>Vicent Marz\u00e0 \ud83c\uddea\ud83c\uddf8<br \/>Tilly Metz \ud83c\uddf1\ud83c\uddfa<br \/>Terry Reintke \ud83c\udde9\ud83c\uddea<br \/>Virginijus Sinkevi\u010dius \ud83c\uddf1\ud83c\uddf9<\/strong><br \/><strong>Lena Schilling \ud83c\udde6\ud83c\uddf9<br \/>Benedetta Scuderi \ud83c\uddee\ud83c\uddf9<\/strong><br \/><strong>Kai Tegethoff \ud83c\udde9\ud83c\uddea<\/strong><br \/><strong>Rasmus Nordqvist \ud83c\udde9\ud83c\uddf0<\/strong><\/p>\t\t\t\t\t\t\t\t<\/div>\n\t\t\t\t<div class=\"elementor-element elementor-element-4d6c70a elementor-widget elementor-widget-text-editor\" data-id=\"4d6c70a\" data-element_type=\"widget\" data-e-type=\"widget\" data-widget_type=\"text-editor.default\">\n\t\t\t\t\t\t\t\t\t<p>Ledam\u00f6ter i Europaparlamentet \u2013 De gr\u00f6na\/EFA<\/p>\t\t\t\t\t\t\t\t<\/div>\n\t\t\t\t<\/div>\n\t\t\t\t<\/div>\n\t\t<div class=\"elementor-element elementor-element-7acfd861 e-con-full e-flex e-con e-child\" data-id=\"7acfd861\" data-element_type=\"container\" data-e-type=\"container\" data-settings=\"{&quot;background_background&quot;:&quot;classic&quot;}\">\n\t\t<div class=\"elementor-element elementor-element-40159a00 e-con-full e-transform e-flex e-con e-child\" data-id=\"40159a00\" data-element_type=\"container\" data-e-type=\"container\" data-settings=\"{&quot;background_background&quot;:&quot;classic&quot;,&quot;position&quot;:&quot;absolute&quot;,&quot;_transform_skewX_effect&quot;:{&quot;unit&quot;:&quot;px&quot;,&quot;size&quot;:0,&quot;sizes&quot;:[]},&quot;_transform_skewY_effect&quot;:{&quot;unit&quot;:&quot;px&quot;,&quot;size&quot;:-3.5,&quot;sizes&quot;:[]},&quot;_transform_skewX_effect_tablet_extra&quot;:{&quot;unit&quot;:&quot;deg&quot;,&quot;size&quot;:&quot;&quot;,&quot;sizes&quot;:[]},&quot;_transform_skewX_effect_tablet&quot;:{&quot;unit&quot;:&quot;deg&quot;,&quot;size&quot;:&quot;&quot;,&quot;sizes&quot;:[]},&quot;_transform_skewX_effect_mobile&quot;:{&quot;unit&quot;:&quot;deg&quot;,&quot;size&quot;:&quot;&quot;,&quot;sizes&quot;:[]},&quot;_transform_skewY_effect_tablet_extra&quot;:{&quot;unit&quot;:&quot;deg&quot;,&quot;size&quot;:&quot;&quot;,&quot;sizes&quot;:[]},&quot;_transform_skewY_effect_tablet&quot;:{&quot;unit&quot;:&quot;deg&quot;,&quot;size&quot;:&quot;&quot;,&quot;sizes&quot;:[]},&quot;_transform_skewY_effect_mobile&quot;:{&quot;unit&quot;:&quot;deg&quot;,&quot;size&quot;:&quot;&quot;,&quot;sizes&quot;:[]}}\">\n\t\t\t\t<\/div>\n\t\t\t\t<div class=\"elementor-element elementor-element-1f073afd elementor-widget elementor-widget-heading\" data-id=\"1f073afd\" data-element_type=\"widget\" data-e-type=\"widget\" id=\"take-action\" data-widget_type=\"heading.default\">\n\t\t\t\t\t<h3 class=\"elementor-heading-title elementor-size-default\">En resa, en t\u00e5gbiljett och fullst\u00e4ndigt skydd.<\/h3>\t\t\t\t<\/div>\n\t\t\t\t<div class=\"elementor-element elementor-element-dd66509 elementor-widget elementor-widget-an-forms\" data-id=\"dd66509\" data-element_type=\"widget\" data-e-type=\"widget\" data-widget_type=\"an-forms.default\">\n\t\t\t\t<div class=\"elementor-widget-container\">\n\t\t\t\t\t<div id=\"form1503091340\"><script src='https:\/\/actionnetwork.org\/widgets\/v6\/form\/single-european-train-ticket-9?format=js&source=website&style=full'><\/script><div id='can-form-area-single-european-train-ticket-9' style='width: 100%'><!-- this div is the target for our HTML insertion --><\/div><\/div><script>\n\t\t\t(function ( $ ) {\n\t\t\t\t$(document).on(\"can_embed_loaded\", function(e) {\n\t\t\t\t\tsetTimeout( function(){\n\t\t\t\t\t\tvar $form1503091340 = $(\"#form1503091340\");\n\t\t\t\t\t\tvar $redirect = \"\";\n\n\t\t\t\t\t\tif ( $redirect !== \"\" ) {\n\t\t\t\t\t\t\t$form1503091340.find(\"#redirect\").remove();\n\t\t\t\t\t\t\t$form1503091340.find(\"form\").prepend(\n\t\t\t\t\t\t\t\t'<input id=\"redirect\" name=\"redirect\" type=\"hidden\" value=\"' + $redirect + '\" \/>'\n\t\t\t\t\t\t\t);\n\t\t\t\t\t\t}\n\t\t\t\t\t}, 100);\n\t\t\t\t});\n\t\t\t})( jQuery );\n\t\t<\/script>\t\t\t\t<\/div>\n\t\t\t\t<\/div>\n\t\t\t\t<\/div>\n\t\t<div class=\"elementor-element elementor-element-d0fb54d e-con-full e-flex e-con e-child\" data-id=\"d0fb54d\" data-element_type=\"container\" data-e-type=\"container\" data-settings=\"{&quot;background_background&quot;:&quot;classic&quot;}\">\n\t\t\t\t<\/div>\n\t\t\t\t<\/div>\n\t\t\t\t<\/div>\n\t\t","protected":false},"excerpt":{"rendered":"<p>St\u00f6d v\u00e5r kampanj f\u00f6r en gemensam europeisk t\u00e5gbiljett.<\/p>\n","protected":false},"author":6,"featured_media":8486,"parent":0,"menu_order":0,"comment_status":"closed","ping_status":"closed","template":"","meta":{"_acf_changed":false,"_seopress_robots_primary_cat":"","_seopress_titles_title":"","_seopress_titles_desc":"","_seopress_robots_index":"","footnotes":""},"class_list":["post-8489","page","type-page","status-publish","has-post-thumbnail","hentry"],"acf":[],"_links":{"self":[{"href":"https:\/\/act.greens-efa.eu\/sv\/wp-json\/wp\/v2\/pages\/8489","targetHints":{"allow":["GET"]}}],"collection":[{"href":"https:\/\/act.greens-efa.eu\/sv\/wp-json\/wp\/v2\/pages"}],"about":[{"href":"https:\/\/act.greens-efa.eu\/sv\/wp-json\/wp\/v2\/types\/page"}],"author":[{"embeddable":true,"href":"https:\/\/act.greens-efa.eu\/sv\/wp-json\/wp\/v2\/users\/6"}],"replies":[{"embeddable":true,"href":"https:\/\/act.greens-efa.eu\/sv\/wp-json\/wp\/v2\/comments?post=8489"}],"version-history":[{"count":5,"href":"https:\/\/act.greens-efa.eu\/sv\/wp-json\/wp\/v2\/pages\/8489\/revisions"}],"predecessor-version":[{"id":8500,"href":"https:\/\/act.greens-efa.eu\/sv\/wp-json\/wp\/v2\/pages\/8489\/revisions\/8500"}],"wp:featuredmedia":[{"embeddable":true,"href":"https:\/\/act.greens-efa.eu\/sv\/wp-json\/wp\/v2\/media\/8486"}],"wp:attachment":[{"href":"https:\/\/act.greens-efa.eu\/sv\/wp-json\/wp\/v2\/media?parent=8489"}],"curies":[{"name":"wp","href":"https:\/\/api.w.org\/{rel}","templated":true}]}}